{"id":268,"date":"2021-06-09T17:09:16","date_gmt":"2021-06-09T15:09:16","guid":{"rendered":"https:\/\/cadellarte.ms.decms.eu\/?page_id=268"},"modified":"2023-06-28T11:56:44","modified_gmt":"2023-06-28T09:56:44","slug":"268-2","status":"publish","type":"page","link":"https:\/\/www.cadellarte.com\/de\/","title":{"rendered":"Startseite"},"content":{"rendered":"<p>Das Ca &#8218;dell&#8217;Arte ist\u00a0 im Herzen von Venedig in San Samuele in der bekannten Calle delle Carrozze, die auch zum Palazzo Grassi und seinem neu restaurierten Teatrino f\u00fchrt.\u00a0 In der N\u00e4he der Accademia-Br\u00fccke und des Accademia-Galerie-Museums, von Ca &#8218;Rezzonico Museum des venezianischen 18. Jahrhunderts, in der N\u00e4he des Markusplatzes, des Teatro della Fenice und der Rialto-Br\u00fccke.<\/p>\n<p>Wir nannten es Ca &#8218;dell&#8217;Arte, weil die Gegend von San Samuele, in der es sich befindet, seit jeher gro\u00dfe K\u00fcnstler beherbergte, die in den letzten f\u00fcnf Jahrhunderten die Gr\u00f6\u00dfe der Serenissima repr\u00e4sentierten.<\/p>\n","protected":false},"excerpt":{"rendered":"<p>Das Ca &#8218;dell&#8217;Arte ist\u00a0 im Herzen von Venedig in San Samuele in der bekannten Calle delle Carrozze, die auch zum Palazzo Grassi und seinem neu restaurierten Teatrino f\u00fchrt.\u00a0 In der N\u00e4he der Accademia-Br\u00fccke und des Accademia-Galerie-Museums, von Ca &#8218;Rezzonico Museum des venezianischen 18. Jahrhunderts, in der N\u00e4he des Markusplatzes, des Teatro della Fenice und der [&hellip;]<\/p>\n","protected":false},"author":13,"featured_media":0,"parent":0,"menu_order":10,"comment_status":"closed","ping_status":"closed","template":"","meta":{"footnotes":""},"class_list":["post-268","page","type-page","status-publish","hentry"],"yoast_head":"<!-- This site is optimized with the Yoast SEO plugin v26.9 - https:\/\/yoast.com\/product\/yoast-seo-wordpress\/ -->\n<title>Startseite ~ Ca\u2019 dell\u2019Arte ~<\/title>\n<meta name=\"description\" content=\"Das Ca &#039;dell&#039;Arte ist\u00a0 im Herzen von Venedig in San Samuele in der bekannten Calle delle Carrozze, die auch zum Palazzo Grassi und seinem neu restaurierten Teatrino f\u00fchrt.\u00a0 In der N\u00e4he der Accademia-Br\u00fccke und des Accademia-Galerie-Museums, von Ca &#039;Rezzonico Museum des venezianischen 18. Jahrhunderts, in der N\u00e4he des Markusplatzes, des Teatro della Fenice und der Rialto-Br\u00fccke.  Wir nannten es Ca &#039;dell&#039;Arte, weil die Gegend von San Samuele, in der es sich befindet, seit jeher gro\u00dfe K\u00fcnstler beherbergte, die in den letzten f\u00fcnf Jahrhunderten die Gr\u00f6\u00dfe der Serenissima repr\u00e4sentierten.\" \/>\n<meta name=\"robots\" content=\"index, follow, max-snippet:-1, max-image-preview:large, max-video-preview:-1\" \/>\n<link rel=\"canonical\" href=\"https:\/\/www.cadellarte.com\/de\/\" \/>\n<meta property=\"og:locale\" content=\"de_DE\" \/>\n<meta property=\"og:type\" content=\"article\" \/>\n<meta property=\"og:title\" content=\"Startseite ~ Ca\u2019 dell\u2019Arte ~\" \/>\n<meta property=\"og:description\" content=\"Das Ca &#039;dell&#039;Arte ist\u00a0 im Herzen von Venedig in San Samuele in der bekannten Calle delle Carrozze, die auch zum Palazzo Grassi und seinem neu restaurierten Teatrino f\u00fchrt.\u00a0 In der N\u00e4he der Accademia-Br\u00fccke und des Accademia-Galerie-Museums, von Ca &#039;Rezzonico Museum des venezianischen 18. Jahrhunderts, in der N\u00e4he des Markusplatzes, des Teatro della Fenice und der Rialto-Br\u00fccke.  Wir nannten es Ca &#039;dell&#039;Arte, weil die Gegend von San Samuele, in der es sich befindet, seit jeher gro\u00dfe K\u00fcnstler beherbergte, die in den letzten f\u00fcnf Jahrhunderten die Gr\u00f6\u00dfe der Serenissima repr\u00e4sentierten.\" \/>\n<meta property=\"og:url\" content=\"https:\/\/www.cadellarte.com\/de\/\" \/>\n<meta property=\"og:site_name\" content=\"Ca\u2019 dell\u2019Arte\" \/>\n<meta property=\"article:modified_time\" content=\"2023-06-28T09:56:44+00:00\" \/>\n<meta name=\"twitter:card\" content=\"summary_large_image\" \/>\n<meta name=\"twitter:label1\" content=\"Gesch\u00e4tzte Lesezeit\" \/>\n\t<meta name=\"twitter:data1\" content=\"1 Minute\" \/>\n<script type=\"application\/ld+json\" class=\"yoast-schema-graph\">{\"@context\":\"https:\/\/schema.org\",\"@graph\":[{\"@type\":\"WebPage\",\"@id\":\"https:\/\/www.cadellarte.com\/de\/\",\"url\":\"https:\/\/www.cadellarte.com\/de\/\",\"name\":\"Startseite ~ Ca\u2019 dell\u2019Arte ~\",\"isPartOf\":{\"@id\":\"https:\/\/www.cadellarte.com\/de\/#website\"},\"datePublished\":\"2021-06-09T15:09:16+00:00\",\"dateModified\":\"2023-06-28T09:56:44+00:00\",\"description\":\"Das Ca 'dell'Arte ist\u00a0 im Herzen von Venedig in San Samuele in der bekannten Calle delle Carrozze, die auch zum Palazzo Grassi und seinem neu restaurierten Teatrino f\u00fchrt.\u00a0 In der N\u00e4he der Accademia-Br\u00fccke und des Accademia-Galerie-Museums, von Ca 'Rezzonico Museum des venezianischen 18. Jahrhunderts, in der N\u00e4he des Markusplatzes, des Teatro della Fenice und der Rialto-Br\u00fccke. Wir nannten es Ca 'dell'Arte, weil die Gegend von San Samuele, in der es sich befindet, seit jeher gro\u00dfe K\u00fcnstler beherbergte, die in den letzten f\u00fcnf Jahrhunderten die Gr\u00f6\u00dfe der Serenissima repr\u00e4sentierten.\",\"breadcrumb\":{\"@id\":\"https:\/\/www.cadellarte.com\/de\/#breadcrumb\"},\"inLanguage\":\"de-DE\",\"potentialAction\":[{\"@type\":\"ReadAction\",\"target\":[\"https:\/\/www.cadellarte.com\/de\/\"]}]},{\"@type\":\"BreadcrumbList\",\"@id\":\"https:\/\/www.cadellarte.com\/de\/#breadcrumb\",\"itemListElement\":[{\"@type\":\"ListItem\",\"position\":1,\"name\":\"Home\",\"item\":\"https:\/\/www.cadellarte.com\/de\/\"},{\"@type\":\"ListItem\",\"position\":2,\"name\":\"Startseite\"}]},{\"@type\":\"WebSite\",\"@id\":\"https:\/\/www.cadellarte.com\/de\/#website\",\"url\":\"https:\/\/www.cadellarte.com\/de\/\",\"name\":\"Ca\u2019 dell\u2019Arte\",\"description\":\"Ecco un altro sito ms.decms.eu\",\"potentialAction\":[{\"@type\":\"SearchAction\",\"target\":{\"@type\":\"EntryPoint\",\"urlTemplate\":\"https:\/\/www.cadellarte.com\/de\/?s={search_term_string}\"},\"query-input\":{\"@type\":\"PropertyValueSpecification\",\"valueRequired\":true,\"valueName\":\"search_term_string\"}}],\"inLanguage\":\"de-DE\"}]}<\/script>\n<!-- \/ Yoast SEO plugin. -->","yoast_head_json":{"title":"Startseite ~ Ca\u2019 dell\u2019Arte ~","description":"Das Ca 'dell'Arte ist\u00a0 im Herzen von Venedig in San Samuele in der bekannten Calle delle Carrozze, die auch zum Palazzo Grassi und seinem neu restaurierten Teatrino f\u00fchrt.\u00a0 In der N\u00e4he der Accademia-Br\u00fccke und des Accademia-Galerie-Museums, von Ca 'Rezzonico Museum des venezianischen 18. Jahrhunderts, in der N\u00e4he des Markusplatzes, des Teatro della Fenice und der Rialto-Br\u00fccke.  Wir nannten es Ca 'dell'Arte, weil die Gegend von San Samuele, in der es sich befindet, seit jeher gro\u00dfe K\u00fcnstler beherbergte, die in den letzten f\u00fcnf Jahrhunderten die Gr\u00f6\u00dfe der Serenissima repr\u00e4sentierten.","robots":{"index":"index","follow":"follow","max-snippet":"max-snippet:-1","max-image-preview":"max-image-preview:large","max-video-preview":"max-video-preview:-1"},"canonical":"https:\/\/www.cadellarte.com\/de\/","og_locale":"de_DE","og_type":"article","og_title":"Startseite ~ Ca\u2019 dell\u2019Arte ~","og_description":"Das Ca 'dell'Arte ist\u00a0 im Herzen von Venedig in San Samuele in der bekannten Calle delle Carrozze, die auch zum Palazzo Grassi und seinem neu restaurierten Teatrino f\u00fchrt.\u00a0 In der N\u00e4he der Accademia-Br\u00fccke und des Accademia-Galerie-Museums, von Ca 'Rezzonico Museum des venezianischen 18. Jahrhunderts, in der N\u00e4he des Markusplatzes, des Teatro della Fenice und der Rialto-Br\u00fccke.  Wir nannten es Ca 'dell'Arte, weil die Gegend von San Samuele, in der es sich befindet, seit jeher gro\u00dfe K\u00fcnstler beherbergte, die in den letzten f\u00fcnf Jahrhunderten die Gr\u00f6\u00dfe der Serenissima repr\u00e4sentierten.","og_url":"https:\/\/www.cadellarte.com\/de\/","og_site_name":"Ca\u2019 dell\u2019Arte","article_modified_time":"2023-06-28T09:56:44+00:00","twitter_card":"summary_large_image","twitter_misc":{"Gesch\u00e4tzte Lesezeit":"1 Minute"},"schema":{"@context":"https:\/\/schema.org","@graph":[{"@type":"WebPage","@id":"https:\/\/www.cadellarte.com\/de\/","url":"https:\/\/www.cadellarte.com\/de\/","name":"Startseite ~ Ca\u2019 dell\u2019Arte ~","isPartOf":{"@id":"https:\/\/www.cadellarte.com\/de\/#website"},"datePublished":"2021-06-09T15:09:16+00:00","dateModified":"2023-06-28T09:56:44+00:00","description":"Das Ca 'dell'Arte ist\u00a0 im Herzen von Venedig in San Samuele in der bekannten Calle delle Carrozze, die auch zum Palazzo Grassi und seinem neu restaurierten Teatrino f\u00fchrt.\u00a0 In der N\u00e4he der Accademia-Br\u00fccke und des Accademia-Galerie-Museums, von Ca 'Rezzonico Museum des venezianischen 18. Jahrhunderts, in der N\u00e4he des Markusplatzes, des Teatro della Fenice und der Rialto-Br\u00fccke. Wir nannten es Ca 'dell'Arte, weil die Gegend von San Samuele, in der es sich befindet, seit jeher gro\u00dfe K\u00fcnstler beherbergte, die in den letzten f\u00fcnf Jahrhunderten die Gr\u00f6\u00dfe der Serenissima repr\u00e4sentierten.","breadcrumb":{"@id":"https:\/\/www.cadellarte.com\/de\/#breadcrumb"},"inLanguage":"de-DE","potentialAction":[{"@type":"ReadAction","target":["https:\/\/www.cadellarte.com\/de\/"]}]},{"@type":"BreadcrumbList","@id":"https:\/\/www.cadellarte.com\/de\/#breadcrumb","itemListElement":[{"@type":"ListItem","position":1,"name":"Home","item":"https:\/\/www.cadellarte.com\/de\/"},{"@type":"ListItem","position":2,"name":"Startseite"}]},{"@type":"WebSite","@id":"https:\/\/www.cadellarte.com\/de\/#website","url":"https:\/\/www.cadellarte.com\/de\/","name":"Ca\u2019 dell\u2019Arte","description":"Ecco un altro sito ms.decms.eu","potentialAction":[{"@type":"SearchAction","target":{"@type":"EntryPoint","urlTemplate":"https:\/\/www.cadellarte.com\/de\/?s={search_term_string}"},"query-input":{"@type":"PropertyValueSpecification","valueRequired":true,"valueName":"search_term_string"}}],"inLanguage":"de-DE"}]}},"acf":[],"_links":{"self":[{"href":"https:\/\/www.cadellarte.com\/de\/wp-json\/wp\/v2\/pages\/268","targetHints":{"allow":["GET"]}}],"collection":[{"href":"https:\/\/www.cadellarte.com\/de\/wp-json\/wp\/v2\/pages"}],"about":[{"href":"https:\/\/www.cadellarte.com\/de\/wp-json\/wp\/v2\/types\/page"}],"author":[{"embeddable":true,"href":"https:\/\/www.cadellarte.com\/de\/wp-json\/wp\/v2\/users\/13"}],"replies":[{"embeddable":true,"href":"https:\/\/www.cadellarte.com\/de\/wp-json\/wp\/v2\/comments?post=268"}],"version-history":[{"count":0,"href":"https:\/\/www.cadellarte.com\/de\/wp-json\/wp\/v2\/pages\/268\/revisions"}],"wp:attachment":[{"href":"https:\/\/www.cadellarte.com\/de\/wp-json\/wp\/v2\/media?parent=268"}],"curies":[{"name":"wp","href":"https:\/\/api.w.org\/{rel}","templated":true}]}}