{"id":274,"date":"2021-06-09T17:12:11","date_gmt":"2021-06-09T15:12:11","guid":{"rendered":"https:\/\/cadellarte.ms.decms.eu\/?page_id=274"},"modified":"2021-06-09T17:12:24","modified_gmt":"2021-06-09T15:12:24","slug":"geschichte","status":"publish","type":"page","link":"https:\/\/www.cadellarte.com\/de\/geschichte\/","title":{"rendered":"Geschichte"},"content":{"rendered":"<p>Hier lebte die Familie Lombardo, gro\u00dfe Bildhauer und Architekten der fr\u00fchen venezianischen Renaissance, wie der Bildhauer Bartolomeo Bon, hier lebte und arbeitete Paolo Caliari, bekannt als Veronese, hier war eine der Werkst\u00e4tten von Tizian und hier wurde eine der exzentrischsten Pers\u00f6nlichkeiten geboren des 18. Jahrhunderts: Giacomo Casanova.\u00a0Nicht nur Verf\u00fchrer und Abenteurer, wie er gew\u00f6hnlich genannt wird, sondern auch kultivierter und raffinierter Mensch, Schriftsteller, Dichter, diplomatischer Alchemist, Philosoph und sogar &#8230; Geheimagent und hier, nat\u00fcrlich dank der Anwesenheit des Palazzo Grassi, sp\u00fcrt man die &#8222;Modernit\u00e4t&#8220; manifestiert sich in den Ausstellungen zu neuen Trends in der zeitgen\u00f6ssischen Kunst.<\/p>\n<p>Daher haben wir die R\u00e4ume einem Moment der venezianischen Kunst oder einem K\u00fcnstler gewidmet, der in Venedig Spuren hinterlassen hat, und wir haben sie nicht nur mit der blo\u00dfen Nennung des Namens geschaffen, sondern auch die verschiedenen Atmosph\u00e4ren mit den Dekorationen und Einrichtungsgegenst\u00e4nden der Berichterstattung neu geschaffen Zeitraum.<\/p>\n","protected":false},"excerpt":{"rendered":"<p>Hier lebte die Familie Lombardo, gro\u00dfe Bildhauer und Architekten der fr\u00fchen venezianischen Renaissance, wie der Bildhauer Bartolomeo Bon, hier lebte und arbeitete Paolo Caliari, bekannt als Veronese, hier war eine der Werkst\u00e4tten von Tizian und hier wurde eine der exzentrischsten Pers\u00f6nlichkeiten geboren des 18. Jahrhunderts: Giacomo Casanova.\u00a0Nicht nur Verf\u00fchrer und Abenteurer, wie er gew\u00f6hnlich genannt [&hellip;]<\/p>\n","protected":false},"author":13,"featured_media":0,"parent":0,"menu_order":20,"comment_status":"closed","ping_status":"closed","template":"","meta":{"footnotes":""},"class_list":["post-274","page","type-page","status-publish","hentry"],"yoast_head":"<!-- This site is optimized with the Yoast SEO plugin v26.9 - https:\/\/yoast.com\/product\/yoast-seo-wordpress\/ -->\n<title>Geschichte ~ Ca\u2019 dell\u2019Arte ~<\/title>\n<meta name=\"description\" content=\"Hier lebte die Familie Lombardo, gro\u00dfe Bildhauer und Architekten der fr\u00fchen venezianischen Renaissance, wie der Bildhauer Bartolomeo Bon, hier lebte und arbeitete Paolo Caliari, bekannt als Veronese, hier war eine der Werkst\u00e4tten von Tizian und hier wurde eine der exzentrischsten Pers\u00f6nlichkeiten geboren des 18. Jahrhunderts: Giacomo Casanova.\u00a0Nicht nur Verf\u00fchrer und Abenteurer, wie er gew\u00f6hnlich genannt wird, sondern auch kultivierter und raffinierter Mensch, Schriftsteller, Dichter, diplomatischer Alchemist, Philosoph und sogar ..\" \/>\n<meta name=\"robots\" content=\"index, follow, max-snippet:-1, max-image-preview:large, max-video-preview:-1\" \/>\n<link rel=\"canonical\" href=\"https:\/\/www.cadellarte.com\/de\/geschichte\/\" \/>\n<meta property=\"og:locale\" content=\"de_DE\" \/>\n<meta property=\"og:type\" content=\"article\" \/>\n<meta property=\"og:title\" content=\"Geschichte ~ Ca\u2019 dell\u2019Arte ~\" \/>\n<meta property=\"og:description\" content=\"Hier lebte die Familie Lombardo, gro\u00dfe Bildhauer und Architekten der fr\u00fchen venezianischen Renaissance, wie der Bildhauer Bartolomeo Bon, hier lebte und arbeitete Paolo Caliari, bekannt als Veronese, hier war eine der Werkst\u00e4tten von Tizian und hier wurde eine der exzentrischsten Pers\u00f6nlichkeiten geboren des 18. Jahrhunderts: Giacomo Casanova.\u00a0Nicht nur Verf\u00fchrer und Abenteurer, wie er gew\u00f6hnlich genannt wird, sondern auch kultivierter und raffinierter Mensch, Schriftsteller, Dichter, diplomatischer Alchemist, Philosoph und sogar ..\" \/>\n<meta property=\"og:url\" content=\"https:\/\/www.cadellarte.com\/de\/geschichte\/\" \/>\n<meta property=\"og:site_name\" content=\"Ca\u2019 dell\u2019Arte\" \/>\n<meta property=\"article:modified_time\" content=\"2021-06-09T15:12:24+00:00\" \/>\n<meta name=\"twitter:card\" content=\"summary_large_image\" \/>\n<meta name=\"twitter:label1\" content=\"Gesch\u00e4tzte Lesezeit\" \/>\n\t<meta name=\"twitter:data1\" content=\"1 Minute\" \/>\n<script type=\"application\/ld+json\" class=\"yoast-schema-graph\">{\"@context\":\"https:\/\/schema.org\",\"@graph\":[{\"@type\":\"WebPage\",\"@id\":\"https:\/\/www.cadellarte.com\/de\/geschichte\/\",\"url\":\"https:\/\/www.cadellarte.com\/de\/geschichte\/\",\"name\":\"Geschichte ~ Ca\u2019 dell\u2019Arte ~\",\"isPartOf\":{\"@id\":\"https:\/\/www.cadellarte.com\/de\/#website\"},\"datePublished\":\"2021-06-09T15:12:11+00:00\",\"dateModified\":\"2021-06-09T15:12:24+00:00\",\"description\":\"Hier lebte die Familie Lombardo, gro\u00dfe Bildhauer und Architekten der fr\u00fchen venezianischen Renaissance, wie der Bildhauer Bartolomeo Bon, hier lebte und arbeitete Paolo Caliari, bekannt als Veronese, hier war eine der Werkst\u00e4tten von Tizian und hier wurde eine der exzentrischsten Pers\u00f6nlichkeiten geboren des 18. Jahrhunderts: Giacomo Casanova.\u00a0Nicht nur Verf\u00fchrer und Abenteurer, wie er gew\u00f6hnlich genannt wird, sondern auch kultivierter und raffinierter Mensch, Schriftsteller, Dichter, diplomatischer Alchemist, Philosoph und sogar ..\",\"breadcrumb\":{\"@id\":\"https:\/\/www.cadellarte.com\/de\/geschichte\/#breadcrumb\"},\"inLanguage\":\"de-DE\",\"potentialAction\":[{\"@type\":\"ReadAction\",\"target\":[\"https:\/\/www.cadellarte.com\/de\/geschichte\/\"]}]},{\"@type\":\"BreadcrumbList\",\"@id\":\"https:\/\/www.cadellarte.com\/de\/geschichte\/#breadcrumb\",\"itemListElement\":[{\"@type\":\"ListItem\",\"position\":1,\"name\":\"Home\",\"item\":\"https:\/\/www.cadellarte.com\/de\/\"},{\"@type\":\"ListItem\",\"position\":2,\"name\":\"Geschichte\"}]},{\"@type\":\"WebSite\",\"@id\":\"https:\/\/www.cadellarte.com\/de\/#website\",\"url\":\"https:\/\/www.cadellarte.com\/de\/\",\"name\":\"Ca\u2019 dell\u2019Arte\",\"description\":\"Ecco un altro sito ms.decms.eu\",\"potentialAction\":[{\"@type\":\"SearchAction\",\"target\":{\"@type\":\"EntryPoint\",\"urlTemplate\":\"https:\/\/www.cadellarte.com\/de\/?s={search_term_string}\"},\"query-input\":{\"@type\":\"PropertyValueSpecification\",\"valueRequired\":true,\"valueName\":\"search_term_string\"}}],\"inLanguage\":\"de-DE\"}]}<\/script>\n<!-- \/ Yoast SEO plugin. -->","yoast_head_json":{"title":"Geschichte ~ Ca\u2019 dell\u2019Arte ~","description":"Hier lebte die Familie Lombardo, gro\u00dfe Bildhauer und Architekten der fr\u00fchen venezianischen Renaissance, wie der Bildhauer Bartolomeo Bon, hier lebte und arbeitete Paolo Caliari, bekannt als Veronese, hier war eine der Werkst\u00e4tten von Tizian und hier wurde eine der exzentrischsten Pers\u00f6nlichkeiten geboren des 18. Jahrhunderts: Giacomo Casanova.\u00a0Nicht nur Verf\u00fchrer und Abenteurer, wie er gew\u00f6hnlich genannt wird, sondern auch kultivierter und raffinierter Mensch, Schriftsteller, Dichter, diplomatischer Alchemist, Philosoph und sogar ..","robots":{"index":"index","follow":"follow","max-snippet":"max-snippet:-1","max-image-preview":"max-image-preview:large","max-video-preview":"max-video-preview:-1"},"canonical":"https:\/\/www.cadellarte.com\/de\/geschichte\/","og_locale":"de_DE","og_type":"article","og_title":"Geschichte ~ Ca\u2019 dell\u2019Arte ~","og_description":"Hier lebte die Familie Lombardo, gro\u00dfe Bildhauer und Architekten der fr\u00fchen venezianischen Renaissance, wie der Bildhauer Bartolomeo Bon, hier lebte und arbeitete Paolo Caliari, bekannt als Veronese, hier war eine der Werkst\u00e4tten von Tizian und hier wurde eine der exzentrischsten Pers\u00f6nlichkeiten geboren des 18. Jahrhunderts: Giacomo Casanova.\u00a0Nicht nur Verf\u00fchrer und Abenteurer, wie er gew\u00f6hnlich genannt wird, sondern auch kultivierter und raffinierter Mensch, Schriftsteller, Dichter, diplomatischer Alchemist, Philosoph und sogar ..","og_url":"https:\/\/www.cadellarte.com\/de\/geschichte\/","og_site_name":"Ca\u2019 dell\u2019Arte","article_modified_time":"2021-06-09T15:12:24+00:00","twitter_card":"summary_large_image","twitter_misc":{"Gesch\u00e4tzte Lesezeit":"1 Minute"},"schema":{"@context":"https:\/\/schema.org","@graph":[{"@type":"WebPage","@id":"https:\/\/www.cadellarte.com\/de\/geschichte\/","url":"https:\/\/www.cadellarte.com\/de\/geschichte\/","name":"Geschichte ~ Ca\u2019 dell\u2019Arte ~","isPartOf":{"@id":"https:\/\/www.cadellarte.com\/de\/#website"},"datePublished":"2021-06-09T15:12:11+00:00","dateModified":"2021-06-09T15:12:24+00:00","description":"Hier lebte die Familie Lombardo, gro\u00dfe Bildhauer und Architekten der fr\u00fchen venezianischen Renaissance, wie der Bildhauer Bartolomeo Bon, hier lebte und arbeitete Paolo Caliari, bekannt als Veronese, hier war eine der Werkst\u00e4tten von Tizian und hier wurde eine der exzentrischsten Pers\u00f6nlichkeiten geboren des 18. Jahrhunderts: Giacomo Casanova.\u00a0Nicht nur Verf\u00fchrer und Abenteurer, wie er gew\u00f6hnlich genannt wird, sondern auch kultivierter und raffinierter Mensch, Schriftsteller, Dichter, diplomatischer Alchemist, Philosoph und sogar ..","breadcrumb":{"@id":"https:\/\/www.cadellarte.com\/de\/geschichte\/#breadcrumb"},"inLanguage":"de-DE","potentialAction":[{"@type":"ReadAction","target":["https:\/\/www.cadellarte.com\/de\/geschichte\/"]}]},{"@type":"BreadcrumbList","@id":"https:\/\/www.cadellarte.com\/de\/geschichte\/#breadcrumb","itemListElement":[{"@type":"ListItem","position":1,"name":"Home","item":"https:\/\/www.cadellarte.com\/de\/"},{"@type":"ListItem","position":2,"name":"Geschichte"}]},{"@type":"WebSite","@id":"https:\/\/www.cadellarte.com\/de\/#website","url":"https:\/\/www.cadellarte.com\/de\/","name":"Ca\u2019 dell\u2019Arte","description":"Ecco un altro sito ms.decms.eu","potentialAction":[{"@type":"SearchAction","target":{"@type":"EntryPoint","urlTemplate":"https:\/\/www.cadellarte.com\/de\/?s={search_term_string}"},"query-input":{"@type":"PropertyValueSpecification","valueRequired":true,"valueName":"search_term_string"}}],"inLanguage":"de-DE"}]}},"acf":[],"_links":{"self":[{"href":"https:\/\/www.cadellarte.com\/de\/wp-json\/wp\/v2\/pages\/274","targetHints":{"allow":["GET"]}}],"collection":[{"href":"https:\/\/www.cadellarte.com\/de\/wp-json\/wp\/v2\/pages"}],"about":[{"href":"https:\/\/www.cadellarte.com\/de\/wp-json\/wp\/v2\/types\/page"}],"author":[{"embeddable":true,"href":"https:\/\/www.cadellarte.com\/de\/wp-json\/wp\/v2\/users\/13"}],"replies":[{"embeddable":true,"href":"https:\/\/www.cadellarte.com\/de\/wp-json\/wp\/v2\/comments?post=274"}],"version-history":[{"count":0,"href":"https:\/\/www.cadellarte.com\/de\/wp-json\/wp\/v2\/pages\/274\/revisions"}],"wp:attachment":[{"href":"https:\/\/www.cadellarte.com\/de\/wp-json\/wp\/v2\/media?parent=274"}],"curies":[{"name":"wp","href":"https:\/\/api.w.org\/{rel}","templated":true}]}}