{"id":278,"date":"2021-06-09T17:17:16","date_gmt":"2021-06-09T15:17:16","guid":{"rendered":"https:\/\/cadellarte.ms.decms.eu\/?page_id=278"},"modified":"2021-06-09T17:17:16","modified_gmt":"2021-06-09T15:17:16","slug":"wo-wir-sind","status":"publish","type":"page","link":"https:\/\/www.cadellarte.com\/de\/wo-wir-sind\/","title":{"rendered":"Wo wir sind"},"content":{"rendered":"<p>Unsere St\u00e4rke ist der zentrale Bereich, aber \u00fcber der Ruhe.<\/p>\n<p>Wenn Sie die Calle delle Carrozze entlang fahren und weiterfahren, befinden Sie sich direkt vor dem Palazzo Grassi, w\u00e4hrend Sie die &#8222;Calle delle Botteghe&#8220; nehmen. Sie befinden sich im Campo Santo Stefano, wo jedes Jahr die Antiquit\u00e4tenm\u00e4rkte von San Maurizio entlang der Via XXII stattfinden Marzo in 5 Minuten erreichen Sie den Markusplatz.<\/p>\n<p>Von Campo Santo Stefano aus biegen Sie rechts ab und erreichen die Accademia-Br\u00fccke und das Museum der Accademia-Galerie. Wenn Sie links abbiegen und der Hauptstra\u00dfe folgen, erreichen Sie in nur 5 Minuten Campo San Barolomio in der N\u00e4he der Rialto-Br\u00fccke und des Rialto-Marktes.<\/p>\n<p>In der Umgebung gibt es viele Restaurants und Bars mit Tischen, an denen Sie in Ruhe der Serenissima ausgezeichnete Fischgerichte oder ein einfaches Cicchetto genie\u00dfen k\u00f6nnen.<\/p>\n","protected":false},"excerpt":{"rendered":"<p>Unsere St\u00e4rke ist der zentrale Bereich, aber \u00fcber der Ruhe. Wenn Sie die Calle delle Carrozze entlang fahren und weiterfahren, befinden Sie sich direkt vor dem Palazzo Grassi, w\u00e4hrend Sie die &#8222;Calle delle Botteghe&#8220; nehmen. Sie befinden sich im Campo Santo Stefano, wo jedes Jahr die Antiquit\u00e4tenm\u00e4rkte von San Maurizio entlang der Via XXII stattfinden [&hellip;]<\/p>\n","protected":false},"author":13,"featured_media":0,"parent":0,"menu_order":50,"comment_status":"closed","ping_status":"closed","template":"template-location.php","meta":{"footnotes":""},"class_list":["post-278","page","type-page","status-publish","hentry"],"yoast_head":"<!-- This site is optimized with the Yoast SEO plugin v26.9 - https:\/\/yoast.com\/product\/yoast-seo-wordpress\/ -->\n<title>Wo wir sind ~ Ca\u2019 dell\u2019Arte ~<\/title>\n<meta name=\"description\" content=\"Unsere St\u00e4rke ist der zentrale Bereich, aber \u00fcber der Ruhe.  Wenn Sie die Calle delle Carrozze entlang fahren und weiterfahren, befinden Sie sich direkt vor dem Palazzo Grassi, w\u00e4hrend Sie die &quot;Calle delle Botteghe&quot; nehmen. Sie befinden sich im Campo Santo Stefano, wo jedes Jahr die Antiquit\u00e4tenm\u00e4rkte von San Maurizio entlang der Via XXII stattfinden Marzo in 5 Minuten erreichen Sie den Markusplatz.  Von Campo Santo Stefano aus biegen Sie rechts ab und erreichen die Accademia-Br\u00fccke und das Museum der Accademia-Galerie\" \/>\n<meta name=\"robots\" content=\"index, follow, max-snippet:-1, max-image-preview:large, max-video-preview:-1\" \/>\n<link rel=\"canonical\" href=\"https:\/\/www.cadellarte.com\/de\/wo-wir-sind\/\" \/>\n<meta property=\"og:locale\" content=\"de_DE\" \/>\n<meta property=\"og:type\" content=\"article\" \/>\n<meta property=\"og:title\" content=\"Wo wir sind ~ Ca\u2019 dell\u2019Arte ~\" \/>\n<meta property=\"og:description\" content=\"Unsere St\u00e4rke ist der zentrale Bereich, aber \u00fcber der Ruhe.  Wenn Sie die Calle delle Carrozze entlang fahren und weiterfahren, befinden Sie sich direkt vor dem Palazzo Grassi, w\u00e4hrend Sie die &quot;Calle delle Botteghe&quot; nehmen. Sie befinden sich im Campo Santo Stefano, wo jedes Jahr die Antiquit\u00e4tenm\u00e4rkte von San Maurizio entlang der Via XXII stattfinden Marzo in 5 Minuten erreichen Sie den Markusplatz.  Von Campo Santo Stefano aus biegen Sie rechts ab und erreichen die Accademia-Br\u00fccke und das Museum der Accademia-Galerie\" \/>\n<meta property=\"og:url\" content=\"https:\/\/www.cadellarte.com\/de\/wo-wir-sind\/\" \/>\n<meta property=\"og:site_name\" content=\"Ca\u2019 dell\u2019Arte\" \/>\n<meta name=\"twitter:card\" content=\"summary_large_image\" \/>\n<meta name=\"twitter:label1\" content=\"Gesch\u00e4tzte Lesezeit\" \/>\n\t<meta name=\"twitter:data1\" content=\"1 Minute\" \/>\n<script type=\"application\/ld+json\" class=\"yoast-schema-graph\">{\"@context\":\"https:\/\/schema.org\",\"@graph\":[{\"@type\":\"WebPage\",\"@id\":\"https:\/\/www.cadellarte.com\/de\/wo-wir-sind\/\",\"url\":\"https:\/\/www.cadellarte.com\/de\/wo-wir-sind\/\",\"name\":\"Wo wir sind ~ Ca\u2019 dell\u2019Arte ~\",\"isPartOf\":{\"@id\":\"https:\/\/www.cadellarte.com\/de\/#website\"},\"datePublished\":\"2021-06-09T15:17:16+00:00\",\"description\":\"Unsere St\u00e4rke ist der zentrale Bereich, aber \u00fcber der Ruhe. Wenn Sie die Calle delle Carrozze entlang fahren und weiterfahren, befinden Sie sich direkt vor dem Palazzo Grassi, w\u00e4hrend Sie die \\\"Calle delle Botteghe\\\" nehmen. Sie befinden sich im Campo Santo Stefano, wo jedes Jahr die Antiquit\u00e4tenm\u00e4rkte von San Maurizio entlang der Via XXII stattfinden Marzo in 5 Minuten erreichen Sie den Markusplatz. Von Campo Santo Stefano aus biegen Sie rechts ab und erreichen die Accademia-Br\u00fccke und das Museum der Accademia-Galerie\",\"breadcrumb\":{\"@id\":\"https:\/\/www.cadellarte.com\/de\/wo-wir-sind\/#breadcrumb\"},\"inLanguage\":\"de-DE\",\"potentialAction\":[{\"@type\":\"ReadAction\",\"target\":[\"https:\/\/www.cadellarte.com\/de\/wo-wir-sind\/\"]}]},{\"@type\":\"BreadcrumbList\",\"@id\":\"https:\/\/www.cadellarte.com\/de\/wo-wir-sind\/#breadcrumb\",\"itemListElement\":[{\"@type\":\"ListItem\",\"position\":1,\"name\":\"Home\",\"item\":\"https:\/\/www.cadellarte.com\/de\/\"},{\"@type\":\"ListItem\",\"position\":2,\"name\":\"Wo wir sind\"}]},{\"@type\":\"WebSite\",\"@id\":\"https:\/\/www.cadellarte.com\/de\/#website\",\"url\":\"https:\/\/www.cadellarte.com\/de\/\",\"name\":\"Ca\u2019 dell\u2019Arte\",\"description\":\"Ecco un altro sito ms.decms.eu\",\"potentialAction\":[{\"@type\":\"SearchAction\",\"target\":{\"@type\":\"EntryPoint\",\"urlTemplate\":\"https:\/\/www.cadellarte.com\/de\/?s={search_term_string}\"},\"query-input\":{\"@type\":\"PropertyValueSpecification\",\"valueRequired\":true,\"valueName\":\"search_term_string\"}}],\"inLanguage\":\"de-DE\"}]}<\/script>\n<!-- \/ Yoast SEO plugin. -->","yoast_head_json":{"title":"Wo wir sind ~ Ca\u2019 dell\u2019Arte ~","description":"Unsere St\u00e4rke ist der zentrale Bereich, aber \u00fcber der Ruhe.  Wenn Sie die Calle delle Carrozze entlang fahren und weiterfahren, befinden Sie sich direkt vor dem Palazzo Grassi, w\u00e4hrend Sie die \"Calle delle Botteghe\" nehmen. Sie befinden sich im Campo Santo Stefano, wo jedes Jahr die Antiquit\u00e4tenm\u00e4rkte von San Maurizio entlang der Via XXII stattfinden Marzo in 5 Minuten erreichen Sie den Markusplatz.  Von Campo Santo Stefano aus biegen Sie rechts ab und erreichen die Accademia-Br\u00fccke und das Museum der Accademia-Galerie","robots":{"index":"index","follow":"follow","max-snippet":"max-snippet:-1","max-image-preview":"max-image-preview:large","max-video-preview":"max-video-preview:-1"},"canonical":"https:\/\/www.cadellarte.com\/de\/wo-wir-sind\/","og_locale":"de_DE","og_type":"article","og_title":"Wo wir sind ~ Ca\u2019 dell\u2019Arte ~","og_description":"Unsere St\u00e4rke ist der zentrale Bereich, aber \u00fcber der Ruhe.  Wenn Sie die Calle delle Carrozze entlang fahren und weiterfahren, befinden Sie sich direkt vor dem Palazzo Grassi, w\u00e4hrend Sie die \"Calle delle Botteghe\" nehmen. Sie befinden sich im Campo Santo Stefano, wo jedes Jahr die Antiquit\u00e4tenm\u00e4rkte von San Maurizio entlang der Via XXII stattfinden Marzo in 5 Minuten erreichen Sie den Markusplatz.  Von Campo Santo Stefano aus biegen Sie rechts ab und erreichen die Accademia-Br\u00fccke und das Museum der Accademia-Galerie","og_url":"https:\/\/www.cadellarte.com\/de\/wo-wir-sind\/","og_site_name":"Ca\u2019 dell\u2019Arte","twitter_card":"summary_large_image","twitter_misc":{"Gesch\u00e4tzte Lesezeit":"1 Minute"},"schema":{"@context":"https:\/\/schema.org","@graph":[{"@type":"WebPage","@id":"https:\/\/www.cadellarte.com\/de\/wo-wir-sind\/","url":"https:\/\/www.cadellarte.com\/de\/wo-wir-sind\/","name":"Wo wir sind ~ Ca\u2019 dell\u2019Arte ~","isPartOf":{"@id":"https:\/\/www.cadellarte.com\/de\/#website"},"datePublished":"2021-06-09T15:17:16+00:00","description":"Unsere St\u00e4rke ist der zentrale Bereich, aber \u00fcber der Ruhe. Wenn Sie die Calle delle Carrozze entlang fahren und weiterfahren, befinden Sie sich direkt vor dem Palazzo Grassi, w\u00e4hrend Sie die \"Calle delle Botteghe\" nehmen. Sie befinden sich im Campo Santo Stefano, wo jedes Jahr die Antiquit\u00e4tenm\u00e4rkte von San Maurizio entlang der Via XXII stattfinden Marzo in 5 Minuten erreichen Sie den Markusplatz. Von Campo Santo Stefano aus biegen Sie rechts ab und erreichen die Accademia-Br\u00fccke und das Museum der Accademia-Galerie","breadcrumb":{"@id":"https:\/\/www.cadellarte.com\/de\/wo-wir-sind\/#breadcrumb"},"inLanguage":"de-DE","potentialAction":[{"@type":"ReadAction","target":["https:\/\/www.cadellarte.com\/de\/wo-wir-sind\/"]}]},{"@type":"BreadcrumbList","@id":"https:\/\/www.cadellarte.com\/de\/wo-wir-sind\/#breadcrumb","itemListElement":[{"@type":"ListItem","position":1,"name":"Home","item":"https:\/\/www.cadellarte.com\/de\/"},{"@type":"ListItem","position":2,"name":"Wo wir sind"}]},{"@type":"WebSite","@id":"https:\/\/www.cadellarte.com\/de\/#website","url":"https:\/\/www.cadellarte.com\/de\/","name":"Ca\u2019 dell\u2019Arte","description":"Ecco un altro sito ms.decms.eu","potentialAction":[{"@type":"SearchAction","target":{"@type":"EntryPoint","urlTemplate":"https:\/\/www.cadellarte.com\/de\/?s={search_term_string}"},"query-input":{"@type":"PropertyValueSpecification","valueRequired":true,"valueName":"search_term_string"}}],"inLanguage":"de-DE"}]}},"acf":[],"_links":{"self":[{"href":"https:\/\/www.cadellarte.com\/de\/wp-json\/wp\/v2\/pages\/278","targetHints":{"allow":["GET"]}}],"collection":[{"href":"https:\/\/www.cadellarte.com\/de\/wp-json\/wp\/v2\/pages"}],"about":[{"href":"https:\/\/www.cadellarte.com\/de\/wp-json\/wp\/v2\/types\/page"}],"author":[{"embeddable":true,"href":"https:\/\/www.cadellarte.com\/de\/wp-json\/wp\/v2\/users\/13"}],"replies":[{"embeddable":true,"href":"https:\/\/www.cadellarte.com\/de\/wp-json\/wp\/v2\/comments?post=278"}],"version-history":[{"count":0,"href":"https:\/\/www.cadellarte.com\/de\/wp-json\/wp\/v2\/pages\/278\/revisions"}],"wp:attachment":[{"href":"https:\/\/www.cadellarte.com\/de\/wp-json\/wp\/v2\/media?parent=278"}],"curies":[{"name":"wp","href":"https:\/\/api.w.org\/{rel}","templated":true}]}}