{"id":289,"date":"2021-06-09T17:26:54","date_gmt":"2021-06-09T15:26:54","guid":{"rendered":"https:\/\/cadellarte.ms.decms.eu\/?page_id=289"},"modified":"2021-06-09T17:27:10","modified_gmt":"2021-06-09T15:27:10","slug":"klassik-zimmer","status":"publish","type":"page","link":"https:\/\/www.cadellarte.com\/de\/unsere-zimmer\/klassik-zimmer\/","title":{"rendered":"Klassik Zimmer"},"content":{"rendered":"<p>In diesem Raum erleben Sie zwischen dem staubigen Rot der Samtstoffe und dem antiken Silber der geschnitzten M\u00f6bel und Sessel den Charme des Venedig des fr\u00fchen 18. Jahrhunderts im Licht eines gro\u00dfen Murano-Kronleuchters.<\/p>\n<p>Alle unsere Zimmer sind mit kostenlosem WI-FI ausgestattet.<\/p>\n","protected":false},"excerpt":{"rendered":"<p>In diesem Raum erleben Sie zwischen dem staubigen Rot der Samtstoffe und dem antiken Silber der geschnitzten M\u00f6bel und Sessel den Charme des Venedig des fr\u00fchen 18. Jahrhunderts im Licht eines gro\u00dfen Murano-Kronleuchters. Alle unsere Zimmer sind mit kostenlosem WI-FI ausgestattet.<\/p>\n","protected":false},"author":13,"featured_media":0,"parent":286,"menu_order":10,"comment_status":"closed","ping_status":"closed","template":"template-single-room.php","meta":{"footnotes":""},"class_list":["post-289","page","type-page","status-publish","hentry"],"yoast_head":"<!-- This site is optimized with the Yoast SEO plugin v26.9 - https:\/\/yoast.com\/product\/yoast-seo-wordpress\/ -->\n<title>Klassik Zimmer ~ Ca\u2019 dell\u2019Arte ~<\/title>\n<meta name=\"description\" content=\"In diesem Raum erleben Sie zwischen dem staubigen Rot der Samtstoffe und dem antiken Silber der geschnitzten M\u00f6bel und Sessel den Charme des Venedig des fr\u00fchen 18. Jahrhunderts im Licht eines gro\u00dfen Murano-Kronleuchters.  Alle unsere Zimmer sind mit kostenlosem WI-FI ausgestattet.\" \/>\n<meta name=\"robots\" content=\"index, follow, max-snippet:-1, max-image-preview:large, max-video-preview:-1\" \/>\n<link rel=\"canonical\" href=\"https:\/\/www.cadellarte.com\/de\/unsere-zimmer\/klassik-zimmer\/\" \/>\n<meta property=\"og:locale\" content=\"de_DE\" \/>\n<meta property=\"og:type\" content=\"article\" \/>\n<meta property=\"og:title\" content=\"Klassik Zimmer ~ Ca\u2019 dell\u2019Arte ~\" \/>\n<meta property=\"og:description\" content=\"In diesem Raum erleben Sie zwischen dem staubigen Rot der Samtstoffe und dem antiken Silber der geschnitzten M\u00f6bel und Sessel den Charme des Venedig des fr\u00fchen 18. Jahrhunderts im Licht eines gro\u00dfen Murano-Kronleuchters.  Alle unsere Zimmer sind mit kostenlosem WI-FI ausgestattet.\" \/>\n<meta property=\"og:url\" content=\"https:\/\/www.cadellarte.com\/de\/unsere-zimmer\/klassik-zimmer\/\" \/>\n<meta property=\"og:site_name\" content=\"Ca\u2019 dell\u2019Arte\" \/>\n<meta property=\"article:modified_time\" content=\"2021-06-09T15:27:10+00:00\" \/>\n<meta name=\"twitter:card\" content=\"summary_large_image\" \/>\n<script type=\"application\/ld+json\" class=\"yoast-schema-graph\">{\"@context\":\"https:\/\/schema.org\",\"@graph\":[{\"@type\":\"WebPage\",\"@id\":\"https:\/\/www.cadellarte.com\/de\/unsere-zimmer\/klassik-zimmer\/\",\"url\":\"https:\/\/www.cadellarte.com\/de\/unsere-zimmer\/klassik-zimmer\/\",\"name\":\"Klassik Zimmer ~ Ca\u2019 dell\u2019Arte ~\",\"isPartOf\":{\"@id\":\"https:\/\/www.cadellarte.com\/de\/#website\"},\"datePublished\":\"2021-06-09T15:26:54+00:00\",\"dateModified\":\"2021-06-09T15:27:10+00:00\",\"description\":\"In diesem Raum erleben Sie zwischen dem staubigen Rot der Samtstoffe und dem antiken Silber der geschnitzten M\u00f6bel und Sessel den Charme des Venedig des fr\u00fchen 18. Jahrhunderts im Licht eines gro\u00dfen Murano-Kronleuchters. Alle unsere Zimmer sind mit kostenlosem WI-FI ausgestattet.\",\"breadcrumb\":{\"@id\":\"https:\/\/www.cadellarte.com\/de\/unsere-zimmer\/klassik-zimmer\/#breadcrumb\"},\"inLanguage\":\"de-DE\",\"potentialAction\":[{\"@type\":\"ReadAction\",\"target\":[\"https:\/\/www.cadellarte.com\/de\/unsere-zimmer\/klassik-zimmer\/\"]}]},{\"@type\":\"BreadcrumbList\",\"@id\":\"https:\/\/www.cadellarte.com\/de\/unsere-zimmer\/klassik-zimmer\/#breadcrumb\",\"itemListElement\":[{\"@type\":\"ListItem\",\"position\":1,\"name\":\"Home\",\"item\":\"https:\/\/www.cadellarte.com\/de\/\"},{\"@type\":\"ListItem\",\"position\":2,\"name\":\"Unsere Zimmer\",\"item\":\"https:\/\/www.cadellarte.com\/de\/unsere-zimmer\/\"},{\"@type\":\"ListItem\",\"position\":3,\"name\":\"Klassik Zimmer\"}]},{\"@type\":\"WebSite\",\"@id\":\"https:\/\/www.cadellarte.com\/de\/#website\",\"url\":\"https:\/\/www.cadellarte.com\/de\/\",\"name\":\"Ca\u2019 dell\u2019Arte\",\"description\":\"Ecco un altro sito ms.decms.eu\",\"potentialAction\":[{\"@type\":\"SearchAction\",\"target\":{\"@type\":\"EntryPoint\",\"urlTemplate\":\"https:\/\/www.cadellarte.com\/de\/?s={search_term_string}\"},\"query-input\":{\"@type\":\"PropertyValueSpecification\",\"valueRequired\":true,\"valueName\":\"search_term_string\"}}],\"inLanguage\":\"de-DE\"}]}<\/script>\n<!-- \/ Yoast SEO plugin. -->","yoast_head_json":{"title":"Klassik Zimmer ~ Ca\u2019 dell\u2019Arte ~","description":"In diesem Raum erleben Sie zwischen dem staubigen Rot der Samtstoffe und dem antiken Silber der geschnitzten M\u00f6bel und Sessel den Charme des Venedig des fr\u00fchen 18. Jahrhunderts im Licht eines gro\u00dfen Murano-Kronleuchters.  Alle unsere Zimmer sind mit kostenlosem WI-FI ausgestattet.","robots":{"index":"index","follow":"follow","max-snippet":"max-snippet:-1","max-image-preview":"max-image-preview:large","max-video-preview":"max-video-preview:-1"},"canonical":"https:\/\/www.cadellarte.com\/de\/unsere-zimmer\/klassik-zimmer\/","og_locale":"de_DE","og_type":"article","og_title":"Klassik Zimmer ~ Ca\u2019 dell\u2019Arte ~","og_description":"In diesem Raum erleben Sie zwischen dem staubigen Rot der Samtstoffe und dem antiken Silber der geschnitzten M\u00f6bel und Sessel den Charme des Venedig des fr\u00fchen 18. Jahrhunderts im Licht eines gro\u00dfen Murano-Kronleuchters.  Alle unsere Zimmer sind mit kostenlosem WI-FI ausgestattet.","og_url":"https:\/\/www.cadellarte.com\/de\/unsere-zimmer\/klassik-zimmer\/","og_site_name":"Ca\u2019 dell\u2019Arte","article_modified_time":"2021-06-09T15:27:10+00:00","twitter_card":"summary_large_image","schema":{"@context":"https:\/\/schema.org","@graph":[{"@type":"WebPage","@id":"https:\/\/www.cadellarte.com\/de\/unsere-zimmer\/klassik-zimmer\/","url":"https:\/\/www.cadellarte.com\/de\/unsere-zimmer\/klassik-zimmer\/","name":"Klassik Zimmer ~ Ca\u2019 dell\u2019Arte ~","isPartOf":{"@id":"https:\/\/www.cadellarte.com\/de\/#website"},"datePublished":"2021-06-09T15:26:54+00:00","dateModified":"2021-06-09T15:27:10+00:00","description":"In diesem Raum erleben Sie zwischen dem staubigen Rot der Samtstoffe und dem antiken Silber der geschnitzten M\u00f6bel und Sessel den Charme des Venedig des fr\u00fchen 18. Jahrhunderts im Licht eines gro\u00dfen Murano-Kronleuchters. Alle unsere Zimmer sind mit kostenlosem WI-FI ausgestattet.","breadcrumb":{"@id":"https:\/\/www.cadellarte.com\/de\/unsere-zimmer\/klassik-zimmer\/#breadcrumb"},"inLanguage":"de-DE","potentialAction":[{"@type":"ReadAction","target":["https:\/\/www.cadellarte.com\/de\/unsere-zimmer\/klassik-zimmer\/"]}]},{"@type":"BreadcrumbList","@id":"https:\/\/www.cadellarte.com\/de\/unsere-zimmer\/klassik-zimmer\/#breadcrumb","itemListElement":[{"@type":"ListItem","position":1,"name":"Home","item":"https:\/\/www.cadellarte.com\/de\/"},{"@type":"ListItem","position":2,"name":"Unsere Zimmer","item":"https:\/\/www.cadellarte.com\/de\/unsere-zimmer\/"},{"@type":"ListItem","position":3,"name":"Klassik Zimmer"}]},{"@type":"WebSite","@id":"https:\/\/www.cadellarte.com\/de\/#website","url":"https:\/\/www.cadellarte.com\/de\/","name":"Ca\u2019 dell\u2019Arte","description":"Ecco un altro sito ms.decms.eu","potentialAction":[{"@type":"SearchAction","target":{"@type":"EntryPoint","urlTemplate":"https:\/\/www.cadellarte.com\/de\/?s={search_term_string}"},"query-input":{"@type":"PropertyValueSpecification","valueRequired":true,"valueName":"search_term_string"}}],"inLanguage":"de-DE"}]}},"acf":[],"_links":{"self":[{"href":"https:\/\/www.cadellarte.com\/de\/wp-json\/wp\/v2\/pages\/289","targetHints":{"allow":["GET"]}}],"collection":[{"href":"https:\/\/www.cadellarte.com\/de\/wp-json\/wp\/v2\/pages"}],"about":[{"href":"https:\/\/www.cadellarte.com\/de\/wp-json\/wp\/v2\/types\/page"}],"author":[{"embeddable":true,"href":"https:\/\/www.cadellarte.com\/de\/wp-json\/wp\/v2\/users\/13"}],"replies":[{"embeddable":true,"href":"https:\/\/www.cadellarte.com\/de\/wp-json\/wp\/v2\/comments?post=289"}],"version-history":[{"count":0,"href":"https:\/\/www.cadellarte.com\/de\/wp-json\/wp\/v2\/pages\/289\/revisions"}],"up":[{"embeddable":true,"href":"https:\/\/www.cadellarte.com\/de\/wp-json\/wp\/v2\/pages\/286"}],"wp:attachment":[{"href":"https:\/\/www.cadellarte.com\/de\/wp-json\/wp\/v2\/media?parent=289"}],"curies":[{"name":"wp","href":"https:\/\/api.w.org\/{rel}","templated":true}]}}