{"id":334,"date":"2021-07-02T17:39:42","date_gmt":"2021-07-02T15:39:42","guid":{"rendered":"https:\/\/cadellarte.ms.decms.eu\/?page_id=334"},"modified":"2021-07-02T17:39:42","modified_gmt":"2021-07-02T15:39:42","slug":"luxuszimmer","status":"publish","type":"page","link":"https:\/\/www.cadellarte.com\/de\/unsere-zimmer\/luxuszimmer\/","title":{"rendered":"Luxuszimmer"},"content":{"rendered":"<p>Das Betreten dieser Suite entspricht der Erfahrung, in eine Sekunde in die Umgebung und Atmosph\u00e4re des 18. Jahrhunderts in Venedig einzutauchen. Lassen Sie sich von den warmen Reflexen der Murano-Wandleuchten einh\u00fcllen und von der Suite und ihrer eleganten Einrichtung verf\u00fchren.<\/p>\n<p>Alle unsere Zimmer sind mit kostenlosem WI-FI ausgestattet.<\/p>\n","protected":false},"excerpt":{"rendered":"<p>Das Betreten dieser Suite entspricht der Erfahrung, in eine Sekunde in die Umgebung und Atmosph\u00e4re des 18. Jahrhunderts in Venedig einzutauchen. Lassen Sie sich von den warmen Reflexen der Murano-Wandleuchten einh\u00fcllen und von der Suite und ihrer eleganten Einrichtung verf\u00fchren. Alle unsere Zimmer sind mit kostenlosem WI-FI ausgestattet.<\/p>\n","protected":false},"author":13,"featured_media":0,"parent":286,"menu_order":30,"comment_status":"closed","ping_status":"closed","template":"template-single-room.php","meta":{"footnotes":""},"class_list":["post-334","page","type-page","status-publish","hentry"],"yoast_head":"<!-- This site is optimized with the Yoast SEO plugin v26.9 - https:\/\/yoast.com\/product\/yoast-seo-wordpress\/ -->\n<title>Luxuszimmer ~ Ca\u2019 dell\u2019Arte ~<\/title>\n<meta name=\"description\" content=\"Das Betreten dieser Suite entspricht der Erfahrung, in eine Sekunde in die Umgebung und Atmosph\u00e4re des 18. Jahrhunderts in Venedig einzutauchen\" \/>\n<meta name=\"robots\" content=\"index, follow, max-snippet:-1, max-image-preview:large, max-video-preview:-1\" \/>\n<link rel=\"canonical\" href=\"https:\/\/www.cadellarte.com\/de\/unsere-zimmer\/luxuszimmer\/\" \/>\n<meta property=\"og:locale\" content=\"de_DE\" \/>\n<meta property=\"og:type\" content=\"article\" \/>\n<meta property=\"og:title\" content=\"Luxuszimmer ~ Ca\u2019 dell\u2019Arte ~\" \/>\n<meta property=\"og:description\" content=\"Das Betreten dieser Suite entspricht der Erfahrung, in eine Sekunde in die Umgebung und Atmosph\u00e4re des 18. Jahrhunderts in Venedig einzutauchen\" \/>\n<meta property=\"og:url\" content=\"https:\/\/www.cadellarte.com\/de\/unsere-zimmer\/luxuszimmer\/\" \/>\n<meta property=\"og:site_name\" content=\"Ca\u2019 dell\u2019Arte\" \/>\n<meta name=\"twitter:card\" content=\"summary_large_image\" \/>\n<script type=\"application\/ld+json\" class=\"yoast-schema-graph\">{\"@context\":\"https:\/\/schema.org\",\"@graph\":[{\"@type\":\"WebPage\",\"@id\":\"https:\/\/www.cadellarte.com\/de\/unsere-zimmer\/luxuszimmer\/\",\"url\":\"https:\/\/www.cadellarte.com\/de\/unsere-zimmer\/luxuszimmer\/\",\"name\":\"Luxuszimmer ~ Ca\u2019 dell\u2019Arte ~\",\"isPartOf\":{\"@id\":\"https:\/\/www.cadellarte.com\/de\/#website\"},\"datePublished\":\"2021-07-02T15:39:42+00:00\",\"description\":\"Das Betreten dieser Suite entspricht der Erfahrung, in eine Sekunde in die Umgebung und Atmosph\u00e4re des 18. Jahrhunderts in Venedig einzutauchen\",\"breadcrumb\":{\"@id\":\"https:\/\/www.cadellarte.com\/de\/unsere-zimmer\/luxuszimmer\/#breadcrumb\"},\"inLanguage\":\"de-DE\",\"potentialAction\":[{\"@type\":\"ReadAction\",\"target\":[\"https:\/\/www.cadellarte.com\/de\/unsere-zimmer\/luxuszimmer\/\"]}]},{\"@type\":\"BreadcrumbList\",\"@id\":\"https:\/\/www.cadellarte.com\/de\/unsere-zimmer\/luxuszimmer\/#breadcrumb\",\"itemListElement\":[{\"@type\":\"ListItem\",\"position\":1,\"name\":\"Home\",\"item\":\"https:\/\/www.cadellarte.com\/de\/\"},{\"@type\":\"ListItem\",\"position\":2,\"name\":\"Unsere Zimmer\",\"item\":\"https:\/\/www.cadellarte.com\/de\/unsere-zimmer\/\"},{\"@type\":\"ListItem\",\"position\":3,\"name\":\"Luxuszimmer\"}]},{\"@type\":\"WebSite\",\"@id\":\"https:\/\/www.cadellarte.com\/de\/#website\",\"url\":\"https:\/\/www.cadellarte.com\/de\/\",\"name\":\"Ca\u2019 dell\u2019Arte\",\"description\":\"Ecco un altro sito ms.decms.eu\",\"potentialAction\":[{\"@type\":\"SearchAction\",\"target\":{\"@type\":\"EntryPoint\",\"urlTemplate\":\"https:\/\/www.cadellarte.com\/de\/?s={search_term_string}\"},\"query-input\":{\"@type\":\"PropertyValueSpecification\",\"valueRequired\":true,\"valueName\":\"search_term_string\"}}],\"inLanguage\":\"de-DE\"}]}<\/script>\n<!-- \/ Yoast SEO plugin. -->","yoast_head_json":{"title":"Luxuszimmer ~ Ca\u2019 dell\u2019Arte ~","description":"Das Betreten dieser Suite entspricht der Erfahrung, in eine Sekunde in die Umgebung und Atmosph\u00e4re des 18. Jahrhunderts in Venedig einzutauchen","robots":{"index":"index","follow":"follow","max-snippet":"max-snippet:-1","max-image-preview":"max-image-preview:large","max-video-preview":"max-video-preview:-1"},"canonical":"https:\/\/www.cadellarte.com\/de\/unsere-zimmer\/luxuszimmer\/","og_locale":"de_DE","og_type":"article","og_title":"Luxuszimmer ~ Ca\u2019 dell\u2019Arte ~","og_description":"Das Betreten dieser Suite entspricht der Erfahrung, in eine Sekunde in die Umgebung und Atmosph\u00e4re des 18. Jahrhunderts in Venedig einzutauchen","og_url":"https:\/\/www.cadellarte.com\/de\/unsere-zimmer\/luxuszimmer\/","og_site_name":"Ca\u2019 dell\u2019Arte","twitter_card":"summary_large_image","schema":{"@context":"https:\/\/schema.org","@graph":[{"@type":"WebPage","@id":"https:\/\/www.cadellarte.com\/de\/unsere-zimmer\/luxuszimmer\/","url":"https:\/\/www.cadellarte.com\/de\/unsere-zimmer\/luxuszimmer\/","name":"Luxuszimmer ~ Ca\u2019 dell\u2019Arte ~","isPartOf":{"@id":"https:\/\/www.cadellarte.com\/de\/#website"},"datePublished":"2021-07-02T15:39:42+00:00","description":"Das Betreten dieser Suite entspricht der Erfahrung, in eine Sekunde in die Umgebung und Atmosph\u00e4re des 18. Jahrhunderts in Venedig einzutauchen","breadcrumb":{"@id":"https:\/\/www.cadellarte.com\/de\/unsere-zimmer\/luxuszimmer\/#breadcrumb"},"inLanguage":"de-DE","potentialAction":[{"@type":"ReadAction","target":["https:\/\/www.cadellarte.com\/de\/unsere-zimmer\/luxuszimmer\/"]}]},{"@type":"BreadcrumbList","@id":"https:\/\/www.cadellarte.com\/de\/unsere-zimmer\/luxuszimmer\/#breadcrumb","itemListElement":[{"@type":"ListItem","position":1,"name":"Home","item":"https:\/\/www.cadellarte.com\/de\/"},{"@type":"ListItem","position":2,"name":"Unsere Zimmer","item":"https:\/\/www.cadellarte.com\/de\/unsere-zimmer\/"},{"@type":"ListItem","position":3,"name":"Luxuszimmer"}]},{"@type":"WebSite","@id":"https:\/\/www.cadellarte.com\/de\/#website","url":"https:\/\/www.cadellarte.com\/de\/","name":"Ca\u2019 dell\u2019Arte","description":"Ecco un altro sito ms.decms.eu","potentialAction":[{"@type":"SearchAction","target":{"@type":"EntryPoint","urlTemplate":"https:\/\/www.cadellarte.com\/de\/?s={search_term_string}"},"query-input":{"@type":"PropertyValueSpecification","valueRequired":true,"valueName":"search_term_string"}}],"inLanguage":"de-DE"}]}},"acf":[],"_links":{"self":[{"href":"https:\/\/www.cadellarte.com\/de\/wp-json\/wp\/v2\/pages\/334","targetHints":{"allow":["GET"]}}],"collection":[{"href":"https:\/\/www.cadellarte.com\/de\/wp-json\/wp\/v2\/pages"}],"about":[{"href":"https:\/\/www.cadellarte.com\/de\/wp-json\/wp\/v2\/types\/page"}],"author":[{"embeddable":true,"href":"https:\/\/www.cadellarte.com\/de\/wp-json\/wp\/v2\/users\/13"}],"replies":[{"embeddable":true,"href":"https:\/\/www.cadellarte.com\/de\/wp-json\/wp\/v2\/comments?post=334"}],"version-history":[{"count":0,"href":"https:\/\/www.cadellarte.com\/de\/wp-json\/wp\/v2\/pages\/334\/revisions"}],"up":[{"embeddable":true,"href":"https:\/\/www.cadellarte.com\/de\/wp-json\/wp\/v2\/pages\/286"}],"wp:attachment":[{"href":"https:\/\/www.cadellarte.com\/de\/wp-json\/wp\/v2\/media?parent=334"}],"curies":[{"name":"wp","href":"https:\/\/api.w.org\/{rel}","templated":true}]}}