{"id":341,"date":"2021-07-02T17:42:15","date_gmt":"2021-07-02T15:42:15","guid":{"rendered":"https:\/\/cadellarte.ms.decms.eu\/?page_id=341"},"modified":"2021-10-15T12:17:00","modified_gmt":"2021-10-15T10:17:00","slug":"mit-dem-schiff","status":"publish","type":"page","link":"https:\/\/www.cadellarte.com\/de\/wo-wir-sind\/mit-dem-schiff\/","title":{"rendered":"Mit dem Schiff"},"content":{"rendered":"<p>Um uns vom Kreuzfahrtterminal zu erreichen (normalerweise f\u00fcr MSC, Costa, Carnival, P&amp;O, Princess, Cunard, Aida, etc.) k\u00f6nnen Sie ein \u00f6ffentliches Wassertaxi (gelbes Band) von der nahe gelegenen schwimmenden Landung nehmen, die Sie in ca. 15\/20 Minuten direkt nach San Samuele bringt; oder zu Fu\u00df zur nahe gelegenen Haltestelle &#8222;People Mover&#8220;, nehmen Sie es und erreichen Piazzale Roma und von dort nehmen Sie die \u00f6ffentliche Vaporetto-Linie 1\u00a0 die in 30 Minuten an der Haltestelle von San Samuele.<\/p>\n<p>Um uns vom Terminal San Basilio (normalerweise nach Venezialines, Windstar, Yachts Charter, Club Med) vom nahe gelegenen schwimmenden Bootsanleger ACTV zu erreichen, k\u00f6nnen Sie ein komfortables privates Wassertaxi (gelbes Band) nehmen, das Sie direkt nach San Samuele bringt.<\/p>\n","protected":false},"excerpt":{"rendered":"<p>Um uns vom Kreuzfahrtterminal zu erreichen (normalerweise f\u00fcr MSC, Costa, Carnival, P&amp;O, Princess, Cunard, Aida, etc.) k\u00f6nnen Sie ein \u00f6ffentliches Wassertaxi (gelbes Band) von der nahe gelegenen schwimmenden Landung nehmen, die Sie in ca. 15\/20 Minuten direkt nach San Samuele bringt; oder zu Fu\u00df zur nahe gelegenen Haltestelle &#8222;People Mover&#8220;, nehmen Sie es und erreichen [&hellip;]<\/p>\n","protected":false},"author":13,"featured_media":0,"parent":278,"menu_order":50,"comment_status":"closed","ping_status":"closed","template":"","meta":{"footnotes":""},"class_list":["post-341","page","type-page","status-publish","hentry"],"yoast_head":"<!-- This site is optimized with the Yoast SEO plugin v26.9 - https:\/\/yoast.com\/product\/yoast-seo-wordpress\/ -->\n<title>Mit dem Schiff ~ Ca\u2019 dell\u2019Arte ~<\/title>\n<meta name=\"description\" content=\"Um uns vom Kreuzfahrtterminal zu erreichen (normalerweise f\u00fcr MSC, Costa, Carnival, P&amp;O, Princess, Cunard, Aida, etc.) k\u00f6nnen Sie ein \u00f6ffentliches Wassertaxi (gelbes Band) von der nahe gelegenen schwimmenden Landung nehmen, die Sie in ca. 15\/20 Minuten direkt nach San Samuele bringt; oder zu Fu\u00df zur nahe gelegenen Haltestelle &quot;People Mover&quot;, nehmen Sie es und erreichen Piazzale Roma und von dort nehmen Sie die \u00f6ffentliche Vaporetto-Linie 1\u00a0 die in 30 Minuten an der Haltestelle von San Samuele.  Um uns vom Terminal San Basilio (normalerweise nach Venezialines, Windstar, Yachts Charter, Club Med) vom nahe gelegenen schwimmenden Bootsanleger ACTV zu erreichen, k\u00f6nnen Sie ein komfortables privates Wassertaxi (gelbes Band) nehmen, das Sie direkt nach San Samuele bringt.\" \/>\n<meta name=\"robots\" content=\"index, follow, max-snippet:-1, max-image-preview:large, max-video-preview:-1\" \/>\n<link rel=\"canonical\" href=\"https:\/\/www.cadellarte.com\/de\/wo-wir-sind\/mit-dem-schiff\/\" \/>\n<meta property=\"og:locale\" content=\"de_DE\" \/>\n<meta property=\"og:type\" content=\"article\" \/>\n<meta property=\"og:title\" content=\"Mit dem Schiff ~ Ca\u2019 dell\u2019Arte ~\" \/>\n<meta property=\"og:description\" content=\"Um uns vom Kreuzfahrtterminal zu erreichen (normalerweise f\u00fcr MSC, Costa, Carnival, P&amp;O, Princess, Cunard, Aida, etc.) k\u00f6nnen Sie ein \u00f6ffentliches Wassertaxi (gelbes Band) von der nahe gelegenen schwimmenden Landung nehmen, die Sie in ca. 15\/20 Minuten direkt nach San Samuele bringt; oder zu Fu\u00df zur nahe gelegenen Haltestelle &quot;People Mover&quot;, nehmen Sie es und erreichen Piazzale Roma und von dort nehmen Sie die \u00f6ffentliche Vaporetto-Linie 1\u00a0 die in 30 Minuten an der Haltestelle von San Samuele.  Um uns vom Terminal San Basilio (normalerweise nach Venezialines, Windstar, Yachts Charter, Club Med) vom nahe gelegenen schwimmenden Bootsanleger ACTV zu erreichen, k\u00f6nnen Sie ein komfortables privates Wassertaxi (gelbes Band) nehmen, das Sie direkt nach San Samuele bringt.\" \/>\n<meta property=\"og:url\" content=\"https:\/\/www.cadellarte.com\/de\/wo-wir-sind\/mit-dem-schiff\/\" \/>\n<meta property=\"og:site_name\" content=\"Ca\u2019 dell\u2019Arte\" \/>\n<meta property=\"article:modified_time\" content=\"2021-10-15T10:17:00+00:00\" \/>\n<meta name=\"twitter:card\" content=\"summary_large_image\" \/>\n<meta name=\"twitter:label1\" content=\"Gesch\u00e4tzte Lesezeit\" \/>\n\t<meta name=\"twitter:data1\" content=\"1 Minute\" \/>\n<script type=\"application\/ld+json\" class=\"yoast-schema-graph\">{\"@context\":\"https:\/\/schema.org\",\"@graph\":[{\"@type\":\"WebPage\",\"@id\":\"https:\/\/www.cadellarte.com\/de\/wo-wir-sind\/mit-dem-schiff\/\",\"url\":\"https:\/\/www.cadellarte.com\/de\/wo-wir-sind\/mit-dem-schiff\/\",\"name\":\"Mit dem Schiff ~ Ca\u2019 dell\u2019Arte ~\",\"isPartOf\":{\"@id\":\"https:\/\/www.cadellarte.com\/de\/#website\"},\"datePublished\":\"2021-07-02T15:42:15+00:00\",\"dateModified\":\"2021-10-15T10:17:00+00:00\",\"description\":\"Um uns vom Kreuzfahrtterminal zu erreichen (normalerweise f\u00fcr MSC, Costa, Carnival, P&amp;O, Princess, Cunard, Aida, etc.) k\u00f6nnen Sie ein \u00f6ffentliches Wassertaxi (gelbes Band) von der nahe gelegenen schwimmenden Landung nehmen, die Sie in ca. 15\/20 Minuten direkt nach San Samuele bringt; oder zu Fu\u00df zur nahe gelegenen Haltestelle \\\"People Mover\\\", nehmen Sie es und erreichen Piazzale Roma und von dort nehmen Sie die \u00f6ffentliche Vaporetto-Linie 1\u00a0 die in 30 Minuten an der Haltestelle von San Samuele. Um uns vom Terminal San Basilio (normalerweise nach Venezialines, Windstar, Yachts Charter, Club Med) vom nahe gelegenen schwimmenden Bootsanleger ACTV zu erreichen, k\u00f6nnen Sie ein komfortables privates Wassertaxi (gelbes Band) nehmen, das Sie direkt nach San Samuele bringt.\",\"breadcrumb\":{\"@id\":\"https:\/\/www.cadellarte.com\/de\/wo-wir-sind\/mit-dem-schiff\/#breadcrumb\"},\"inLanguage\":\"de-DE\",\"potentialAction\":[{\"@type\":\"ReadAction\",\"target\":[\"https:\/\/www.cadellarte.com\/de\/wo-wir-sind\/mit-dem-schiff\/\"]}]},{\"@type\":\"BreadcrumbList\",\"@id\":\"https:\/\/www.cadellarte.com\/de\/wo-wir-sind\/mit-dem-schiff\/#breadcrumb\",\"itemListElement\":[{\"@type\":\"ListItem\",\"position\":1,\"name\":\"Home\",\"item\":\"https:\/\/www.cadellarte.com\/de\/\"},{\"@type\":\"ListItem\",\"position\":2,\"name\":\"Wo wir sind\",\"item\":\"https:\/\/www.cadellarte.com\/de\/wo-wir-sind\/\"},{\"@type\":\"ListItem\",\"position\":3,\"name\":\"Mit dem Schiff\"}]},{\"@type\":\"WebSite\",\"@id\":\"https:\/\/www.cadellarte.com\/de\/#website\",\"url\":\"https:\/\/www.cadellarte.com\/de\/\",\"name\":\"Ca\u2019 dell\u2019Arte\",\"description\":\"Ecco un altro sito ms.decms.eu\",\"potentialAction\":[{\"@type\":\"SearchAction\",\"target\":{\"@type\":\"EntryPoint\",\"urlTemplate\":\"https:\/\/www.cadellarte.com\/de\/?s={search_term_string}\"},\"query-input\":{\"@type\":\"PropertyValueSpecification\",\"valueRequired\":true,\"valueName\":\"search_term_string\"}}],\"inLanguage\":\"de-DE\"}]}<\/script>\n<!-- \/ Yoast SEO plugin. -->","yoast_head_json":{"title":"Mit dem Schiff ~ Ca\u2019 dell\u2019Arte ~","description":"Um uns vom Kreuzfahrtterminal zu erreichen (normalerweise f\u00fcr MSC, Costa, Carnival, P&amp;O, Princess, Cunard, Aida, etc.) k\u00f6nnen Sie ein \u00f6ffentliches Wassertaxi (gelbes Band) von der nahe gelegenen schwimmenden Landung nehmen, die Sie in ca. 15\/20 Minuten direkt nach San Samuele bringt; oder zu Fu\u00df zur nahe gelegenen Haltestelle \"People Mover\", nehmen Sie es und erreichen Piazzale Roma und von dort nehmen Sie die \u00f6ffentliche Vaporetto-Linie 1\u00a0 die in 30 Minuten an der Haltestelle von San Samuele.  Um uns vom Terminal San Basilio (normalerweise nach Venezialines, Windstar, Yachts Charter, Club Med) vom nahe gelegenen schwimmenden Bootsanleger ACTV zu erreichen, k\u00f6nnen Sie ein komfortables privates Wassertaxi (gelbes Band) nehmen, das Sie direkt nach San Samuele bringt.","robots":{"index":"index","follow":"follow","max-snippet":"max-snippet:-1","max-image-preview":"max-image-preview:large","max-video-preview":"max-video-preview:-1"},"canonical":"https:\/\/www.cadellarte.com\/de\/wo-wir-sind\/mit-dem-schiff\/","og_locale":"de_DE","og_type":"article","og_title":"Mit dem Schiff ~ Ca\u2019 dell\u2019Arte ~","og_description":"Um uns vom Kreuzfahrtterminal zu erreichen (normalerweise f\u00fcr MSC, Costa, Carnival, P&amp;O, Princess, Cunard, Aida, etc.) k\u00f6nnen Sie ein \u00f6ffentliches Wassertaxi (gelbes Band) von der nahe gelegenen schwimmenden Landung nehmen, die Sie in ca. 15\/20 Minuten direkt nach San Samuele bringt; oder zu Fu\u00df zur nahe gelegenen Haltestelle \"People Mover\", nehmen Sie es und erreichen Piazzale Roma und von dort nehmen Sie die \u00f6ffentliche Vaporetto-Linie 1\u00a0 die in 30 Minuten an der Haltestelle von San Samuele.  Um uns vom Terminal San Basilio (normalerweise nach Venezialines, Windstar, Yachts Charter, Club Med) vom nahe gelegenen schwimmenden Bootsanleger ACTV zu erreichen, k\u00f6nnen Sie ein komfortables privates Wassertaxi (gelbes Band) nehmen, das Sie direkt nach San Samuele bringt.","og_url":"https:\/\/www.cadellarte.com\/de\/wo-wir-sind\/mit-dem-schiff\/","og_site_name":"Ca\u2019 dell\u2019Arte","article_modified_time":"2021-10-15T10:17:00+00:00","twitter_card":"summary_large_image","twitter_misc":{"Gesch\u00e4tzte Lesezeit":"1 Minute"},"schema":{"@context":"https:\/\/schema.org","@graph":[{"@type":"WebPage","@id":"https:\/\/www.cadellarte.com\/de\/wo-wir-sind\/mit-dem-schiff\/","url":"https:\/\/www.cadellarte.com\/de\/wo-wir-sind\/mit-dem-schiff\/","name":"Mit dem Schiff ~ Ca\u2019 dell\u2019Arte ~","isPartOf":{"@id":"https:\/\/www.cadellarte.com\/de\/#website"},"datePublished":"2021-07-02T15:42:15+00:00","dateModified":"2021-10-15T10:17:00+00:00","description":"Um uns vom Kreuzfahrtterminal zu erreichen (normalerweise f\u00fcr MSC, Costa, Carnival, P&amp;O, Princess, Cunard, Aida, etc.) k\u00f6nnen Sie ein \u00f6ffentliches Wassertaxi (gelbes Band) von der nahe gelegenen schwimmenden Landung nehmen, die Sie in ca. 15\/20 Minuten direkt nach San Samuele bringt; oder zu Fu\u00df zur nahe gelegenen Haltestelle \"People Mover\", nehmen Sie es und erreichen Piazzale Roma und von dort nehmen Sie die \u00f6ffentliche Vaporetto-Linie 1\u00a0 die in 30 Minuten an der Haltestelle von San Samuele. Um uns vom Terminal San Basilio (normalerweise nach Venezialines, Windstar, Yachts Charter, Club Med) vom nahe gelegenen schwimmenden Bootsanleger ACTV zu erreichen, k\u00f6nnen Sie ein komfortables privates Wassertaxi (gelbes Band) nehmen, das Sie direkt nach San Samuele bringt.","breadcrumb":{"@id":"https:\/\/www.cadellarte.com\/de\/wo-wir-sind\/mit-dem-schiff\/#breadcrumb"},"inLanguage":"de-DE","potentialAction":[{"@type":"ReadAction","target":["https:\/\/www.cadellarte.com\/de\/wo-wir-sind\/mit-dem-schiff\/"]}]},{"@type":"BreadcrumbList","@id":"https:\/\/www.cadellarte.com\/de\/wo-wir-sind\/mit-dem-schiff\/#breadcrumb","itemListElement":[{"@type":"ListItem","position":1,"name":"Home","item":"https:\/\/www.cadellarte.com\/de\/"},{"@type":"ListItem","position":2,"name":"Wo wir sind","item":"https:\/\/www.cadellarte.com\/de\/wo-wir-sind\/"},{"@type":"ListItem","position":3,"name":"Mit dem Schiff"}]},{"@type":"WebSite","@id":"https:\/\/www.cadellarte.com\/de\/#website","url":"https:\/\/www.cadellarte.com\/de\/","name":"Ca\u2019 dell\u2019Arte","description":"Ecco un altro sito ms.decms.eu","potentialAction":[{"@type":"SearchAction","target":{"@type":"EntryPoint","urlTemplate":"https:\/\/www.cadellarte.com\/de\/?s={search_term_string}"},"query-input":{"@type":"PropertyValueSpecification","valueRequired":true,"valueName":"search_term_string"}}],"inLanguage":"de-DE"}]}},"acf":[],"_links":{"self":[{"href":"https:\/\/www.cadellarte.com\/de\/wp-json\/wp\/v2\/pages\/341","targetHints":{"allow":["GET"]}}],"collection":[{"href":"https:\/\/www.cadellarte.com\/de\/wp-json\/wp\/v2\/pages"}],"about":[{"href":"https:\/\/www.cadellarte.com\/de\/wp-json\/wp\/v2\/types\/page"}],"author":[{"embeddable":true,"href":"https:\/\/www.cadellarte.com\/de\/wp-json\/wp\/v2\/users\/13"}],"replies":[{"embeddable":true,"href":"https:\/\/www.cadellarte.com\/de\/wp-json\/wp\/v2\/comments?post=341"}],"version-history":[{"count":0,"href":"https:\/\/www.cadellarte.com\/de\/wp-json\/wp\/v2\/pages\/341\/revisions"}],"up":[{"embeddable":true,"href":"https:\/\/www.cadellarte.com\/de\/wp-json\/wp\/v2\/pages\/278"}],"wp:attachment":[{"href":"https:\/\/www.cadellarte.com\/de\/wp-json\/wp\/v2\/media?parent=341"}],"curies":[{"name":"wp","href":"https:\/\/api.w.org\/{rel}","templated":true}]}}