{"id":255,"date":"2021-06-09T16:08:51","date_gmt":"2021-06-09T14:08:51","guid":{"rendered":"https:\/\/cadellarte.ms.decms.eu\/?page_id=255"},"modified":"2022-12-28T10:57:27","modified_gmt":"2022-12-28T09:57:27","slug":"contacts","status":"publish","type":"page","link":"https:\/\/www.cadellarte.com\/fr\/contacts\/","title":{"rendered":"Contacts"},"content":{"rendered":"<p style=\"text-align: center\">San Marco 3286, Calle Delle Carrozze<br \/>\n30124 Venezia &#8211; Italia<\/p>\n<p style=\"text-align: center\"><span class=\"VIiyi\" lang=\"fr\"><span class=\"JLqJ4b ChMk0b\" data-language-for-alternatives=\"fr\" data-language-to-translate-into=\"it\" data-phrase-index=\"2\">t\u00e9l<\/span><\/span>: <a href=\"tel:+390410988073\">+39 041 098 8073<\/a><br \/>\nfax: +39 041 098 8074<\/p>\n<p style=\"text-align: center\">whatsapp: <a href=\"https:\/\/wa.me\/+393407090954\" target=\"_blank\" rel=\"noopener\">+39 340 709 0954<\/a><\/p>\n<p style=\"text-align: center\">email: <a href=\"mailto:info@cadellarte.com\">info@cadellarte.com<\/a><\/p>\n<p style=\"text-align: center\">Toutes les renseignements relatives \u00e0 l&rsquo;arriv\u00e9e dans nos installations seront envoy\u00e9es le jour de l&rsquo;arriv\u00e9e par e-mail ou message WhatsApp<\/p>\n<p style=\"text-align: center\">Notre personnel est disponible de 8h00 \u00e0 18h00<\/p>\n<p style=\"text-align: center\">Member of C\u00e0 Dell&rsquo;Arte Collection Venice<\/p>\n<p style=\"text-align: center\">C\u00e0 Dell&rsquo;Arte &#8211; C\u00e0 Dell&rsquo;Arte Suite &#8211; C\u00e0 Dell&rsquo;Arte Luxury &#8211; C\u00e0 Dell&rsquo;Arte Palace<\/p>\n","protected":false},"excerpt":{"rendered":"<p>San Marco 3286, Calle Delle Carrozze 30124 Venezia &#8211; Italia t\u00e9l: +39 041 098 8073 fax: +39 041 098 8074 whatsapp: +39 340 709 0954 email: info@cadellarte.com Toutes les renseignements relatives \u00e0 l&rsquo;arriv\u00e9e dans nos installations seront envoy\u00e9es le jour de l&rsquo;arriv\u00e9e par e-mail ou message WhatsApp Notre personnel est disponible de 8h00 \u00e0 18h00 [&hellip;]<\/p>\n","protected":false},"author":13,"featured_media":0,"parent":0,"menu_order":110,"comment_status":"closed","ping_status":"closed","template":"","meta":{"footnotes":""},"class_list":["post-255","page","type-page","status-publish","hentry"],"yoast_head":"<!-- This site is optimized with the Yoast SEO plugin v26.9 - https:\/\/yoast.com\/product\/yoast-seo-wordpress\/ -->\n<title>Contacts ~ Ca\u2019 dell\u2019Arte ~<\/title>\n<meta name=\"description\" content=\"San Marco 3286, Calle Delle Carrozze 30124 Venezia - Italia t\u00e9l: +39 041 098 8073 fax: +39 041 098 8074 whatsapp: +39 340 709 0954 email: info@cadellarte.com Toutes les renseignements relatives \u00e0 l&#039;arriv\u00e9e dans nos installations seront envoy\u00e9es le jour de l&#039;arriv\u00e9e par e-mail ou message WhatsApp Notre personnel est disponible de 8h00 \u00e0 18h00 Member of C\u00e0 Dell&#039;Arte Collection Venice C\u00e0 Dell&#039;Arte - C\u00e0 Dell&#039;Arte Suite - C\u00e0 Dell&#039;Arte Luxury - C\u00e0 Dell&#039;Arte Palace.\" \/>\n<meta name=\"robots\" content=\"index, follow, max-snippet:-1, max-image-preview:large, max-video-preview:-1\" \/>\n<link rel=\"canonical\" href=\"https:\/\/www.cadellarte.com\/fr\/contacts\/\" \/>\n<meta property=\"og:locale\" content=\"fr_FR\" \/>\n<meta property=\"og:type\" content=\"article\" \/>\n<meta property=\"og:title\" content=\"Contacts ~ Ca\u2019 dell\u2019Arte ~\" \/>\n<meta property=\"og:description\" content=\"San Marco 3286, Calle Delle Carrozze 30124 Venezia - Italia t\u00e9l: +39 041 098 8073 fax: +39 041 098 8074 whatsapp: +39 340 709 0954 email: info@cadellarte.com Toutes les renseignements relatives \u00e0 l&#039;arriv\u00e9e dans nos installations seront envoy\u00e9es le jour de l&#039;arriv\u00e9e par e-mail ou message WhatsApp Notre personnel est disponible de 8h00 \u00e0 18h00 Member of C\u00e0 Dell&#039;Arte Collection Venice C\u00e0 Dell&#039;Arte - C\u00e0 Dell&#039;Arte Suite - C\u00e0 Dell&#039;Arte Luxury - C\u00e0 Dell&#039;Arte Palace.\" \/>\n<meta property=\"og:url\" content=\"https:\/\/www.cadellarte.com\/fr\/contacts\/\" \/>\n<meta property=\"og:site_name\" content=\"Ca\u2019 dell\u2019Arte\" \/>\n<meta property=\"article:modified_time\" content=\"2022-12-28T09:57:27+00:00\" \/>\n<meta name=\"twitter:card\" content=\"summary_large_image\" \/>\n<meta name=\"twitter:label1\" content=\"Dur\u00e9e de lecture estim\u00e9e\" \/>\n\t<meta name=\"twitter:data1\" content=\"1 minute\" \/>\n<script type=\"application\/ld+json\" class=\"yoast-schema-graph\">{\"@context\":\"https:\/\/schema.org\",\"@graph\":[{\"@type\":\"WebPage\",\"@id\":\"https:\/\/www.cadellarte.com\/fr\/contacts\/\",\"url\":\"https:\/\/www.cadellarte.com\/fr\/contacts\/\",\"name\":\"Contacts ~ Ca\u2019 dell\u2019Arte ~\",\"isPartOf\":{\"@id\":\"https:\/\/www.cadellarte.com\/fr\/#website\"},\"datePublished\":\"2021-06-09T14:08:51+00:00\",\"dateModified\":\"2022-12-28T09:57:27+00:00\",\"description\":\"San Marco 3286, Calle Delle Carrozze 30124 Venezia - Italia t\u00e9l: +39 041 098 8073 fax: +39 041 098 8074 whatsapp: +39 340 709 0954 email: info@cadellarte.com Toutes les renseignements relatives \u00e0 l'arriv\u00e9e dans nos installations seront envoy\u00e9es le jour de l'arriv\u00e9e par e-mail ou message WhatsApp Notre personnel est disponible de 8h00 \u00e0 18h00 Member of C\u00e0 Dell'Arte Collection Venice C\u00e0 Dell'Arte - C\u00e0 Dell'Arte Suite - C\u00e0 Dell'Arte Luxury - C\u00e0 Dell'Arte Palace .\",\"breadcrumb\":{\"@id\":\"https:\/\/www.cadellarte.com\/fr\/contacts\/#breadcrumb\"},\"inLanguage\":\"fr-FR\",\"potentialAction\":[{\"@type\":\"ReadAction\",\"target\":[\"https:\/\/www.cadellarte.com\/fr\/contacts\/\"]}]},{\"@type\":\"BreadcrumbList\",\"@id\":\"https:\/\/www.cadellarte.com\/fr\/contacts\/#breadcrumb\",\"itemListElement\":[{\"@type\":\"ListItem\",\"position\":1,\"name\":\"Home\",\"item\":\"https:\/\/www.cadellarte.com\/fr\/\"},{\"@type\":\"ListItem\",\"position\":2,\"name\":\"Contacts\"}]},{\"@type\":\"WebSite\",\"@id\":\"https:\/\/www.cadellarte.com\/fr\/#website\",\"url\":\"https:\/\/www.cadellarte.com\/fr\/\",\"name\":\"Ca\u2019 dell\u2019Arte\",\"description\":\"Ecco un altro sito ms.decms.eu\",\"potentialAction\":[{\"@type\":\"SearchAction\",\"target\":{\"@type\":\"EntryPoint\",\"urlTemplate\":\"https:\/\/www.cadellarte.com\/fr\/?s={search_term_string}\"},\"query-input\":{\"@type\":\"PropertyValueSpecification\",\"valueRequired\":true,\"valueName\":\"search_term_string\"}}],\"inLanguage\":\"fr-FR\"}]}<\/script>\n<!-- \/ Yoast SEO plugin. -->","yoast_head_json":{"title":"Contacts ~ Ca\u2019 dell\u2019Arte ~","description":"San Marco 3286, Calle Delle Carrozze 30124 Venezia - Italia t\u00e9l: +39 041 098 8073 fax: +39 041 098 8074 whatsapp: +39 340 709 0954 email: info@cadellarte.com Toutes les renseignements relatives \u00e0 l'arriv\u00e9e dans nos installations seront envoy\u00e9es le jour de l'arriv\u00e9e par e-mail ou message WhatsApp Notre personnel est disponible de 8h00 \u00e0 18h00 Member of C\u00e0 Dell'Arte Collection Venice C\u00e0 Dell'Arte - C\u00e0 Dell'Arte Suite - C\u00e0 Dell'Arte Luxury - C\u00e0 Dell'Arte Palace.","robots":{"index":"index","follow":"follow","max-snippet":"max-snippet:-1","max-image-preview":"max-image-preview:large","max-video-preview":"max-video-preview:-1"},"canonical":"https:\/\/www.cadellarte.com\/fr\/contacts\/","og_locale":"fr_FR","og_type":"article","og_title":"Contacts ~ Ca\u2019 dell\u2019Arte ~","og_description":"San Marco 3286, Calle Delle Carrozze 30124 Venezia - Italia t\u00e9l: +39 041 098 8073 fax: +39 041 098 8074 whatsapp: +39 340 709 0954 email: info@cadellarte.com Toutes les renseignements relatives \u00e0 l'arriv\u00e9e dans nos installations seront envoy\u00e9es le jour de l'arriv\u00e9e par e-mail ou message WhatsApp Notre personnel est disponible de 8h00 \u00e0 18h00 Member of C\u00e0 Dell'Arte Collection Venice C\u00e0 Dell'Arte - C\u00e0 Dell'Arte Suite - C\u00e0 Dell'Arte Luxury - C\u00e0 Dell'Arte Palace.","og_url":"https:\/\/www.cadellarte.com\/fr\/contacts\/","og_site_name":"Ca\u2019 dell\u2019Arte","article_modified_time":"2022-12-28T09:57:27+00:00","twitter_card":"summary_large_image","twitter_misc":{"Dur\u00e9e de lecture estim\u00e9e":"1 minute"},"schema":{"@context":"https:\/\/schema.org","@graph":[{"@type":"WebPage","@id":"https:\/\/www.cadellarte.com\/fr\/contacts\/","url":"https:\/\/www.cadellarte.com\/fr\/contacts\/","name":"Contacts ~ Ca\u2019 dell\u2019Arte ~","isPartOf":{"@id":"https:\/\/www.cadellarte.com\/fr\/#website"},"datePublished":"2021-06-09T14:08:51+00:00","dateModified":"2022-12-28T09:57:27+00:00","description":"San Marco 3286, Calle Delle Carrozze 30124 Venezia - Italia t\u00e9l: +39 041 098 8073 fax: +39 041 098 8074 whatsapp: +39 340 709 0954 email: info@cadellarte.com Toutes les renseignements relatives \u00e0 l'arriv\u00e9e dans nos installations seront envoy\u00e9es le jour de l'arriv\u00e9e par e-mail ou message WhatsApp Notre personnel est disponible de 8h00 \u00e0 18h00 Member of C\u00e0 Dell'Arte Collection Venice C\u00e0 Dell'Arte - C\u00e0 Dell'Arte Suite - C\u00e0 Dell'Arte Luxury - C\u00e0 Dell'Arte Palace .","breadcrumb":{"@id":"https:\/\/www.cadellarte.com\/fr\/contacts\/#breadcrumb"},"inLanguage":"fr-FR","potentialAction":[{"@type":"ReadAction","target":["https:\/\/www.cadellarte.com\/fr\/contacts\/"]}]},{"@type":"BreadcrumbList","@id":"https:\/\/www.cadellarte.com\/fr\/contacts\/#breadcrumb","itemListElement":[{"@type":"ListItem","position":1,"name":"Home","item":"https:\/\/www.cadellarte.com\/fr\/"},{"@type":"ListItem","position":2,"name":"Contacts"}]},{"@type":"WebSite","@id":"https:\/\/www.cadellarte.com\/fr\/#website","url":"https:\/\/www.cadellarte.com\/fr\/","name":"Ca\u2019 dell\u2019Arte","description":"Ecco un altro sito ms.decms.eu","potentialAction":[{"@type":"SearchAction","target":{"@type":"EntryPoint","urlTemplate":"https:\/\/www.cadellarte.com\/fr\/?s={search_term_string}"},"query-input":{"@type":"PropertyValueSpecification","valueRequired":true,"valueName":"search_term_string"}}],"inLanguage":"fr-FR"}]}},"acf":[],"_links":{"self":[{"href":"https:\/\/www.cadellarte.com\/fr\/wp-json\/wp\/v2\/pages\/255","targetHints":{"allow":["GET"]}}],"collection":[{"href":"https:\/\/www.cadellarte.com\/fr\/wp-json\/wp\/v2\/pages"}],"about":[{"href":"https:\/\/www.cadellarte.com\/fr\/wp-json\/wp\/v2\/types\/page"}],"author":[{"embeddable":true,"href":"https:\/\/www.cadellarte.com\/fr\/wp-json\/wp\/v2\/users\/13"}],"replies":[{"embeddable":true,"href":"https:\/\/www.cadellarte.com\/fr\/wp-json\/wp\/v2\/comments?post=255"}],"version-history":[{"count":0,"href":"https:\/\/www.cadellarte.com\/fr\/wp-json\/wp\/v2\/pages\/255\/revisions"}],"wp:attachment":[{"href":"https:\/\/www.cadellarte.com\/fr\/wp-json\/wp\/v2\/media?parent=255"}],"curies":[{"name":"wp","href":"https:\/\/api.w.org\/{rel}","templated":true}]}}