{"id":269,"date":"2021-06-09T17:09:28","date_gmt":"2021-06-09T15:09:28","guid":{"rendered":"https:\/\/cadellarte.ms.decms.eu\/?page_id=269"},"modified":"2023-06-28T11:56:18","modified_gmt":"2023-06-28T09:56:18","slug":"accueil","status":"publish","type":"page","link":"https:\/\/www.cadellarte.com\/fr\/","title":{"rendered":"Accueil"},"content":{"rendered":"<p>Ca &lsquo;dell\u2019Arte est situ\u00e9 au c\u0153ur de Venise, \u00e0 San Samuele, dans la c\u00e9l\u00e8bre calle delle Carrozze qui m\u00e8ne \u00e9galement au Palazzo Grassi et \u00e0 son Teatrino r\u00e9cemment restaur\u00e9. Pr\u00e8s du pont de l&rsquo;Accademia et du mus\u00e9e de la galerie de l&rsquo;Acad\u00e9mie, du mus\u00e9e Ca &lsquo;Rezzonico du 18\u00e8me si\u00e8cle v\u00e9nitien, pr\u00e9s de la Piazza San Marco, du Teatro La Fenice et du pont du Rialto.<\/p>\n<p>Nous l&rsquo;avons appel\u00e9 Ca &lsquo;dell&rsquo;Arte parce que le quartier de San Samuele, dans lequel il se trouve, a toujours accueilli de grands artistes qui, au cours des cinq derniers si\u00e8cles, ont repr\u00e9sent\u00e9 la grandeur de la S\u00e9r\u00e9nissime.<\/p>\n","protected":false},"excerpt":{"rendered":"<p>Ca &lsquo;dell\u2019Arte est situ\u00e9 au c\u0153ur de Venise, \u00e0 San Samuele, dans la c\u00e9l\u00e8bre calle delle Carrozze qui m\u00e8ne \u00e9galement au Palazzo Grassi et \u00e0 son Teatrino r\u00e9cemment restaur\u00e9. Pr\u00e8s du pont de l&rsquo;Accademia et du mus\u00e9e de la galerie de l&rsquo;Acad\u00e9mie, du mus\u00e9e Ca &lsquo;Rezzonico du 18\u00e8me si\u00e8cle v\u00e9nitien, pr\u00e9s de la Piazza San [&hellip;]<\/p>\n","protected":false},"author":13,"featured_media":0,"parent":0,"menu_order":10,"comment_status":"closed","ping_status":"closed","template":"","meta":{"footnotes":""},"class_list":["post-269","page","type-page","status-publish","hentry"],"yoast_head":"<!-- This site is optimized with the Yoast SEO plugin v26.9 - https:\/\/yoast.com\/product\/yoast-seo-wordpress\/ -->\n<title>Accueil ~ Ca\u2019 dell\u2019Arte ~<\/title>\n<meta name=\"description\" content=\"Ca &#039;dell\u2019Arte est situ\u00e9 au c\u0153ur de Venise, \u00e0 San Samuele, dans la c\u00e9l\u00e8bre calle delle Carrozze qui m\u00e8ne \u00e9galement au Palazzo Grassi et \u00e0 son Teatrino r\u00e9cemment restaur\u00e9. Pr\u00e8s du pont de l&#039;Accademia et du mus\u00e9e de la galerie de l&#039;Acad\u00e9mie, du mus\u00e9e Ca &#039;Rezzonico du 18\u00e8me si\u00e8cle v\u00e9nitien, pr\u00e9s de la Piazza San Marco, du Teatro La Fenice et du pont du Rialto.  Nous l&#039;avons appel\u00e9 Ca &#039;dell&#039;Arte parce que le quartier de San Samuele, dans lequel il se trouve, a toujours accueilli de grands artistes qui, au cours des cinq derniers si\u00e8cles, ont repr\u00e9sent\u00e9 la grandeur de la S\u00e9r\u00e9nissime.\" \/>\n<meta name=\"robots\" content=\"index, follow, max-snippet:-1, max-image-preview:large, max-video-preview:-1\" \/>\n<link rel=\"canonical\" href=\"https:\/\/www.cadellarte.com\/fr\/\" \/>\n<meta property=\"og:locale\" content=\"fr_FR\" \/>\n<meta property=\"og:type\" content=\"article\" \/>\n<meta property=\"og:title\" content=\"Accueil ~ Ca\u2019 dell\u2019Arte ~\" \/>\n<meta property=\"og:description\" content=\"Ca &#039;dell\u2019Arte est situ\u00e9 au c\u0153ur de Venise, \u00e0 San Samuele, dans la c\u00e9l\u00e8bre calle delle Carrozze qui m\u00e8ne \u00e9galement au Palazzo Grassi et \u00e0 son Teatrino r\u00e9cemment restaur\u00e9. Pr\u00e8s du pont de l&#039;Accademia et du mus\u00e9e de la galerie de l&#039;Acad\u00e9mie, du mus\u00e9e Ca &#039;Rezzonico du 18\u00e8me si\u00e8cle v\u00e9nitien, pr\u00e9s de la Piazza San Marco, du Teatro La Fenice et du pont du Rialto.  Nous l&#039;avons appel\u00e9 Ca &#039;dell&#039;Arte parce que le quartier de San Samuele, dans lequel il se trouve, a toujours accueilli de grands artistes qui, au cours des cinq derniers si\u00e8cles, ont repr\u00e9sent\u00e9 la grandeur de la S\u00e9r\u00e9nissime.\" \/>\n<meta property=\"og:url\" content=\"https:\/\/www.cadellarte.com\/fr\/\" \/>\n<meta property=\"og:site_name\" content=\"Ca\u2019 dell\u2019Arte\" \/>\n<meta property=\"article:modified_time\" content=\"2023-06-28T09:56:18+00:00\" \/>\n<meta name=\"twitter:card\" content=\"summary_large_image\" \/>\n<meta name=\"twitter:label1\" content=\"Dur\u00e9e de lecture estim\u00e9e\" \/>\n\t<meta name=\"twitter:data1\" content=\"1 minute\" \/>\n<script type=\"application\/ld+json\" class=\"yoast-schema-graph\">{\"@context\":\"https:\/\/schema.org\",\"@graph\":[{\"@type\":\"WebPage\",\"@id\":\"https:\/\/www.cadellarte.com\/fr\/\",\"url\":\"https:\/\/www.cadellarte.com\/fr\/\",\"name\":\"Accueil ~ Ca\u2019 dell\u2019Arte ~\",\"isPartOf\":{\"@id\":\"https:\/\/www.cadellarte.com\/fr\/#website\"},\"datePublished\":\"2021-06-09T15:09:28+00:00\",\"dateModified\":\"2023-06-28T09:56:18+00:00\",\"description\":\"Ca 'dell\u2019Arte est situ\u00e9 au c\u0153ur de Venise, \u00e0 San Samuele, dans la c\u00e9l\u00e8bre calle delle Carrozze qui m\u00e8ne \u00e9galement au Palazzo Grassi et \u00e0 son Teatrino r\u00e9cemment restaur\u00e9. Pr\u00e8s du pont de l'Accademia et du mus\u00e9e de la galerie de l'Acad\u00e9mie, du mus\u00e9e Ca 'Rezzonico du 18\u00e8me si\u00e8cle v\u00e9nitien, pr\u00e9s de la Piazza San Marco, du Teatro La Fenice et du pont du Rialto. Nous l'avons appel\u00e9 Ca 'dell'Arte parce que le quartier de San Samuele, dans lequel il se trouve, a toujours accueilli de grands artistes qui, au cours des cinq derniers si\u00e8cles, ont repr\u00e9sent\u00e9 la grandeur de la S\u00e9r\u00e9nissime.\",\"breadcrumb\":{\"@id\":\"https:\/\/www.cadellarte.com\/fr\/#breadcrumb\"},\"inLanguage\":\"fr-FR\",\"potentialAction\":[{\"@type\":\"ReadAction\",\"target\":[\"https:\/\/www.cadellarte.com\/fr\/\"]}]},{\"@type\":\"BreadcrumbList\",\"@id\":\"https:\/\/www.cadellarte.com\/fr\/#breadcrumb\",\"itemListElement\":[{\"@type\":\"ListItem\",\"position\":1,\"name\":\"Home\",\"item\":\"https:\/\/www.cadellarte.com\/fr\/\"},{\"@type\":\"ListItem\",\"position\":2,\"name\":\"Accueil\"}]},{\"@type\":\"WebSite\",\"@id\":\"https:\/\/www.cadellarte.com\/fr\/#website\",\"url\":\"https:\/\/www.cadellarte.com\/fr\/\",\"name\":\"Ca\u2019 dell\u2019Arte\",\"description\":\"Ecco un altro sito ms.decms.eu\",\"potentialAction\":[{\"@type\":\"SearchAction\",\"target\":{\"@type\":\"EntryPoint\",\"urlTemplate\":\"https:\/\/www.cadellarte.com\/fr\/?s={search_term_string}\"},\"query-input\":{\"@type\":\"PropertyValueSpecification\",\"valueRequired\":true,\"valueName\":\"search_term_string\"}}],\"inLanguage\":\"fr-FR\"}]}<\/script>\n<!-- \/ Yoast SEO plugin. -->","yoast_head_json":{"title":"Accueil ~ Ca\u2019 dell\u2019Arte ~","description":"Ca 'dell\u2019Arte est situ\u00e9 au c\u0153ur de Venise, \u00e0 San Samuele, dans la c\u00e9l\u00e8bre calle delle Carrozze qui m\u00e8ne \u00e9galement au Palazzo Grassi et \u00e0 son Teatrino r\u00e9cemment restaur\u00e9. Pr\u00e8s du pont de l'Accademia et du mus\u00e9e de la galerie de l'Acad\u00e9mie, du mus\u00e9e Ca 'Rezzonico du 18\u00e8me si\u00e8cle v\u00e9nitien, pr\u00e9s de la Piazza San Marco, du Teatro La Fenice et du pont du Rialto.  Nous l'avons appel\u00e9 Ca 'dell'Arte parce que le quartier de San Samuele, dans lequel il se trouve, a toujours accueilli de grands artistes qui, au cours des cinq derniers si\u00e8cles, ont repr\u00e9sent\u00e9 la grandeur de la S\u00e9r\u00e9nissime.","robots":{"index":"index","follow":"follow","max-snippet":"max-snippet:-1","max-image-preview":"max-image-preview:large","max-video-preview":"max-video-preview:-1"},"canonical":"https:\/\/www.cadellarte.com\/fr\/","og_locale":"fr_FR","og_type":"article","og_title":"Accueil ~ Ca\u2019 dell\u2019Arte ~","og_description":"Ca 'dell\u2019Arte est situ\u00e9 au c\u0153ur de Venise, \u00e0 San Samuele, dans la c\u00e9l\u00e8bre calle delle Carrozze qui m\u00e8ne \u00e9galement au Palazzo Grassi et \u00e0 son Teatrino r\u00e9cemment restaur\u00e9. Pr\u00e8s du pont de l'Accademia et du mus\u00e9e de la galerie de l'Acad\u00e9mie, du mus\u00e9e Ca 'Rezzonico du 18\u00e8me si\u00e8cle v\u00e9nitien, pr\u00e9s de la Piazza San Marco, du Teatro La Fenice et du pont du Rialto.  Nous l'avons appel\u00e9 Ca 'dell'Arte parce que le quartier de San Samuele, dans lequel il se trouve, a toujours accueilli de grands artistes qui, au cours des cinq derniers si\u00e8cles, ont repr\u00e9sent\u00e9 la grandeur de la S\u00e9r\u00e9nissime.","og_url":"https:\/\/www.cadellarte.com\/fr\/","og_site_name":"Ca\u2019 dell\u2019Arte","article_modified_time":"2023-06-28T09:56:18+00:00","twitter_card":"summary_large_image","twitter_misc":{"Dur\u00e9e de lecture estim\u00e9e":"1 minute"},"schema":{"@context":"https:\/\/schema.org","@graph":[{"@type":"WebPage","@id":"https:\/\/www.cadellarte.com\/fr\/","url":"https:\/\/www.cadellarte.com\/fr\/","name":"Accueil ~ Ca\u2019 dell\u2019Arte ~","isPartOf":{"@id":"https:\/\/www.cadellarte.com\/fr\/#website"},"datePublished":"2021-06-09T15:09:28+00:00","dateModified":"2023-06-28T09:56:18+00:00","description":"Ca 'dell\u2019Arte est situ\u00e9 au c\u0153ur de Venise, \u00e0 San Samuele, dans la c\u00e9l\u00e8bre calle delle Carrozze qui m\u00e8ne \u00e9galement au Palazzo Grassi et \u00e0 son Teatrino r\u00e9cemment restaur\u00e9. Pr\u00e8s du pont de l'Accademia et du mus\u00e9e de la galerie de l'Acad\u00e9mie, du mus\u00e9e Ca 'Rezzonico du 18\u00e8me si\u00e8cle v\u00e9nitien, pr\u00e9s de la Piazza San Marco, du Teatro La Fenice et du pont du Rialto. Nous l'avons appel\u00e9 Ca 'dell'Arte parce que le quartier de San Samuele, dans lequel il se trouve, a toujours accueilli de grands artistes qui, au cours des cinq derniers si\u00e8cles, ont repr\u00e9sent\u00e9 la grandeur de la S\u00e9r\u00e9nissime.","breadcrumb":{"@id":"https:\/\/www.cadellarte.com\/fr\/#breadcrumb"},"inLanguage":"fr-FR","potentialAction":[{"@type":"ReadAction","target":["https:\/\/www.cadellarte.com\/fr\/"]}]},{"@type":"BreadcrumbList","@id":"https:\/\/www.cadellarte.com\/fr\/#breadcrumb","itemListElement":[{"@type":"ListItem","position":1,"name":"Home","item":"https:\/\/www.cadellarte.com\/fr\/"},{"@type":"ListItem","position":2,"name":"Accueil"}]},{"@type":"WebSite","@id":"https:\/\/www.cadellarte.com\/fr\/#website","url":"https:\/\/www.cadellarte.com\/fr\/","name":"Ca\u2019 dell\u2019Arte","description":"Ecco un altro sito ms.decms.eu","potentialAction":[{"@type":"SearchAction","target":{"@type":"EntryPoint","urlTemplate":"https:\/\/www.cadellarte.com\/fr\/?s={search_term_string}"},"query-input":{"@type":"PropertyValueSpecification","valueRequired":true,"valueName":"search_term_string"}}],"inLanguage":"fr-FR"}]}},"acf":[],"_links":{"self":[{"href":"https:\/\/www.cadellarte.com\/fr\/wp-json\/wp\/v2\/pages\/269","targetHints":{"allow":["GET"]}}],"collection":[{"href":"https:\/\/www.cadellarte.com\/fr\/wp-json\/wp\/v2\/pages"}],"about":[{"href":"https:\/\/www.cadellarte.com\/fr\/wp-json\/wp\/v2\/types\/page"}],"author":[{"embeddable":true,"href":"https:\/\/www.cadellarte.com\/fr\/wp-json\/wp\/v2\/users\/13"}],"replies":[{"embeddable":true,"href":"https:\/\/www.cadellarte.com\/fr\/wp-json\/wp\/v2\/comments?post=269"}],"version-history":[{"count":0,"href":"https:\/\/www.cadellarte.com\/fr\/wp-json\/wp\/v2\/pages\/269\/revisions"}],"wp:attachment":[{"href":"https:\/\/www.cadellarte.com\/fr\/wp-json\/wp\/v2\/media?parent=269"}],"curies":[{"name":"wp","href":"https:\/\/api.w.org\/{rel}","templated":true}]}}