{"id":273,"date":"2021-06-09T17:11:53","date_gmt":"2021-06-09T15:11:53","guid":{"rendered":"https:\/\/cadellarte.ms.decms.eu\/?page_id=273"},"modified":"2021-06-09T17:12:25","modified_gmt":"2021-06-09T15:12:25","slug":"histoire","status":"publish","type":"page","link":"https:\/\/www.cadellarte.com\/fr\/histoire\/","title":{"rendered":"Histoire"},"content":{"rendered":"<p>Ici vivait la famille Lombardo, grands sculpteurs et architectes du d\u00e9but de la Renaissance v\u00e9nitienne, comme le sculpteur Bartolomeo Bon, ici vivait et travaillait Paolo Caliari dit V\u00e9ron\u00e8se, ici \u00e9tait l&rsquo;un des ateliers du Titien et ici est n\u00e9e l&rsquo;une des personnalit\u00e9s les plus excentriques du 18\u00e8me si\u00e8cle: Giacomo Casanova.\u00a0Non seulement s\u00e9ducteur et aventurier, comme on l&rsquo;appelle habituellement, mais aussi homme cultiv\u00e9 et raffin\u00e9, \u00e9crivain, po\u00e8te, alchimiste diplomatique, philosophe et m\u00eame &#8230; agent secret et ici, naturellement gr\u00e2ce \u00e0 la pr\u00e9sence du Palazzo Grassi, vous pouvez sentir le \u00abmodernit\u00e9\u00bb manifest\u00e9e par les expositions sur les nouvelles tendances de l&rsquo;art contemporain.<\/p>\n<p>Nous avons donc d\u00e9di\u00e9 les salles \u00e0 un moment de l&rsquo;Art V\u00e9nitien ou \u00e0 un Artiste qui a laiss\u00e9 une marque \u00e0 Venise, et nous les avons cr\u00e9\u00e9es non seulement en mentionnant simplement le nom mais aussi en recr\u00e9ant les diff\u00e9rentes ambiances avec les d\u00e9corations et le mobilier, du reportage p\u00e9riode.<\/p>\n","protected":false},"excerpt":{"rendered":"<p>Ici vivait la famille Lombardo, grands sculpteurs et architectes du d\u00e9but de la Renaissance v\u00e9nitienne, comme le sculpteur Bartolomeo Bon, ici vivait et travaillait Paolo Caliari dit V\u00e9ron\u00e8se, ici \u00e9tait l&rsquo;un des ateliers du Titien et ici est n\u00e9e l&rsquo;une des personnalit\u00e9s les plus excentriques du 18\u00e8me si\u00e8cle: Giacomo Casanova.\u00a0Non seulement s\u00e9ducteur et aventurier, comme [&hellip;]<\/p>\n","protected":false},"author":13,"featured_media":0,"parent":0,"menu_order":20,"comment_status":"closed","ping_status":"closed","template":"","meta":{"footnotes":""},"class_list":["post-273","page","type-page","status-publish","hentry"],"yoast_head":"<!-- This site is optimized with the Yoast SEO plugin v26.9 - https:\/\/yoast.com\/product\/yoast-seo-wordpress\/ -->\n<title>Histoire ~ Ca\u2019 dell\u2019Arte ~<\/title>\n<meta name=\"description\" content=\"Ici vivait la famille Lombardo, grands sculpteurs et architectes du d\u00e9but de la Renaissance v\u00e9nitienne, comme le sculpteur Bartolomeo Bon, ici vivait et travaillait Paolo Caliari dit V\u00e9ron\u00e8se, ici \u00e9tait l&#039;un des ateliers du Titien et ici est n\u00e9e l&#039;une des personnalit\u00e9s les plus excentriques du 18\u00e8me si\u00e8cle: Giacomo Casanova.\u00a0Non seulement s\u00e9ducteur et aventurier, comme on l&#039;appelle habituellement, mais aussi homme cultiv\u00e9 et raffin\u00e9, \u00e9crivain, po\u00e8te, alchimiste diplomatique, philosophe et m\u00eame ... agent secret et ici, naturellement gr\u00e2ce \u00e0 la pr\u00e9sence du Palazzo Grassi, vous pouvez sentir le \u00abmodernit\u00e9\u00bb manifest\u00e9e par les expositions sur les nouvelles tendances de l&#039;art contemporain.  Nous avons donc d\u00e9di\u00e9 les salles \u00e0 un moment de l&#039;Art V\u00e9nitien ou \u00e0 un Artiste qui a laiss\u00e9 une marque \u00e0 Venise, et nous les avons cr\u00e9\u00e9es non seulement en mentionnant simplement le nom mais aussi en recr\u00e9ant les diff\u00e9rentes ambiances avec les d\u00e9corations et le mobilier, du reportage p\u00e9riode.\" \/>\n<meta name=\"robots\" content=\"index, follow, max-snippet:-1, max-image-preview:large, max-video-preview:-1\" \/>\n<link rel=\"canonical\" href=\"https:\/\/www.cadellarte.com\/fr\/histoire\/\" \/>\n<meta property=\"og:locale\" content=\"fr_FR\" \/>\n<meta property=\"og:type\" content=\"article\" \/>\n<meta property=\"og:title\" content=\"Histoire ~ Ca\u2019 dell\u2019Arte ~\" \/>\n<meta property=\"og:description\" content=\"Ici vivait la famille Lombardo, grands sculpteurs et architectes du d\u00e9but de la Renaissance v\u00e9nitienne, comme le sculpteur Bartolomeo Bon, ici vivait et travaillait Paolo Caliari dit V\u00e9ron\u00e8se, ici \u00e9tait l&#039;un des ateliers du Titien et ici est n\u00e9e l&#039;une des personnalit\u00e9s les plus excentriques du 18\u00e8me si\u00e8cle: Giacomo Casanova.\u00a0Non seulement s\u00e9ducteur et aventurier, comme on l&#039;appelle habituellement, mais aussi homme cultiv\u00e9 et raffin\u00e9, \u00e9crivain, po\u00e8te, alchimiste diplomatique, philosophe et m\u00eame ... agent secret et ici, naturellement gr\u00e2ce \u00e0 la pr\u00e9sence du Palazzo Grassi, vous pouvez sentir le \u00abmodernit\u00e9\u00bb manifest\u00e9e par les expositions sur les nouvelles tendances de l&#039;art contemporain.  Nous avons donc d\u00e9di\u00e9 les salles \u00e0 un moment de l&#039;Art V\u00e9nitien ou \u00e0 un Artiste qui a laiss\u00e9 une marque \u00e0 Venise, et nous les avons cr\u00e9\u00e9es non seulement en mentionnant simplement le nom mais aussi en recr\u00e9ant les diff\u00e9rentes ambiances avec les d\u00e9corations et le mobilier, du reportage p\u00e9riode.\" \/>\n<meta property=\"og:url\" content=\"https:\/\/www.cadellarte.com\/fr\/histoire\/\" \/>\n<meta property=\"og:site_name\" content=\"Ca\u2019 dell\u2019Arte\" \/>\n<meta property=\"article:modified_time\" content=\"2021-06-09T15:12:25+00:00\" \/>\n<meta name=\"twitter:card\" content=\"summary_large_image\" \/>\n<meta name=\"twitter:label1\" content=\"Dur\u00e9e de lecture estim\u00e9e\" \/>\n\t<meta name=\"twitter:data1\" content=\"1 minute\" \/>\n<script type=\"application\/ld+json\" class=\"yoast-schema-graph\">{\"@context\":\"https:\/\/schema.org\",\"@graph\":[{\"@type\":\"WebPage\",\"@id\":\"https:\/\/www.cadellarte.com\/fr\/histoire\/\",\"url\":\"https:\/\/www.cadellarte.com\/fr\/histoire\/\",\"name\":\"Histoire ~ Ca\u2019 dell\u2019Arte ~\",\"isPartOf\":{\"@id\":\"https:\/\/www.cadellarte.com\/fr\/#website\"},\"datePublished\":\"2021-06-09T15:11:53+00:00\",\"dateModified\":\"2021-06-09T15:12:25+00:00\",\"description\":\"Ici vivait la famille Lombardo, grands sculpteurs et architectes du d\u00e9but de la Renaissance v\u00e9nitienne, comme le sculpteur Bartolomeo Bon, ici vivait et travaillait Paolo Caliari dit V\u00e9ron\u00e8se, ici \u00e9tait l'un des ateliers du Titien et ici est n\u00e9e l'une des personnalit\u00e9s les plus excentriques du 18\u00e8me si\u00e8cle: Giacomo Casanova.\u00a0Non seulement s\u00e9ducteur et aventurier, comme on l'appelle habituellement, mais aussi homme cultiv\u00e9 et raffin\u00e9, \u00e9crivain, po\u00e8te, alchimiste diplomatique, philosophe et m\u00eame ... agent secret et ici, naturellement gr\u00e2ce \u00e0 la pr\u00e9sence du Palazzo Grassi, vous pouvez sentir le \u00abmodernit\u00e9\u00bb manifest\u00e9e par les expositions sur les nouvelles tendances de l'art contemporain. Nous avons donc d\u00e9di\u00e9 les salles \u00e0 un moment de l'Art V\u00e9nitien ou \u00e0 un Artiste qui a laiss\u00e9 une marque \u00e0 Venise, et nous les avons cr\u00e9\u00e9es non seulement en mentionnant simplement le nom mais aussi en recr\u00e9ant les diff\u00e9rentes ambiances avec les d\u00e9corations et le mobilier, du reportage p\u00e9riode.\",\"breadcrumb\":{\"@id\":\"https:\/\/www.cadellarte.com\/fr\/histoire\/#breadcrumb\"},\"inLanguage\":\"fr-FR\",\"potentialAction\":[{\"@type\":\"ReadAction\",\"target\":[\"https:\/\/www.cadellarte.com\/fr\/histoire\/\"]}]},{\"@type\":\"BreadcrumbList\",\"@id\":\"https:\/\/www.cadellarte.com\/fr\/histoire\/#breadcrumb\",\"itemListElement\":[{\"@type\":\"ListItem\",\"position\":1,\"name\":\"Home\",\"item\":\"https:\/\/www.cadellarte.com\/fr\/\"},{\"@type\":\"ListItem\",\"position\":2,\"name\":\"Histoire\"}]},{\"@type\":\"WebSite\",\"@id\":\"https:\/\/www.cadellarte.com\/fr\/#website\",\"url\":\"https:\/\/www.cadellarte.com\/fr\/\",\"name\":\"Ca\u2019 dell\u2019Arte\",\"description\":\"Ecco un altro sito ms.decms.eu\",\"potentialAction\":[{\"@type\":\"SearchAction\",\"target\":{\"@type\":\"EntryPoint\",\"urlTemplate\":\"https:\/\/www.cadellarte.com\/fr\/?s={search_term_string}\"},\"query-input\":{\"@type\":\"PropertyValueSpecification\",\"valueRequired\":true,\"valueName\":\"search_term_string\"}}],\"inLanguage\":\"fr-FR\"}]}<\/script>\n<!-- \/ Yoast SEO plugin. -->","yoast_head_json":{"title":"Histoire ~ Ca\u2019 dell\u2019Arte ~","description":"Ici vivait la famille Lombardo, grands sculpteurs et architectes du d\u00e9but de la Renaissance v\u00e9nitienne, comme le sculpteur Bartolomeo Bon, ici vivait et travaillait Paolo Caliari dit V\u00e9ron\u00e8se, ici \u00e9tait l'un des ateliers du Titien et ici est n\u00e9e l'une des personnalit\u00e9s les plus excentriques du 18\u00e8me si\u00e8cle: Giacomo Casanova.\u00a0Non seulement s\u00e9ducteur et aventurier, comme on l'appelle habituellement, mais aussi homme cultiv\u00e9 et raffin\u00e9, \u00e9crivain, po\u00e8te, alchimiste diplomatique, philosophe et m\u00eame ... agent secret et ici, naturellement gr\u00e2ce \u00e0 la pr\u00e9sence du Palazzo Grassi, vous pouvez sentir le \u00abmodernit\u00e9\u00bb manifest\u00e9e par les expositions sur les nouvelles tendances de l'art contemporain.  Nous avons donc d\u00e9di\u00e9 les salles \u00e0 un moment de l'Art V\u00e9nitien ou \u00e0 un Artiste qui a laiss\u00e9 une marque \u00e0 Venise, et nous les avons cr\u00e9\u00e9es non seulement en mentionnant simplement le nom mais aussi en recr\u00e9ant les diff\u00e9rentes ambiances avec les d\u00e9corations et le mobilier, du reportage p\u00e9riode.","robots":{"index":"index","follow":"follow","max-snippet":"max-snippet:-1","max-image-preview":"max-image-preview:large","max-video-preview":"max-video-preview:-1"},"canonical":"https:\/\/www.cadellarte.com\/fr\/histoire\/","og_locale":"fr_FR","og_type":"article","og_title":"Histoire ~ Ca\u2019 dell\u2019Arte ~","og_description":"Ici vivait la famille Lombardo, grands sculpteurs et architectes du d\u00e9but de la Renaissance v\u00e9nitienne, comme le sculpteur Bartolomeo Bon, ici vivait et travaillait Paolo Caliari dit V\u00e9ron\u00e8se, ici \u00e9tait l'un des ateliers du Titien et ici est n\u00e9e l'une des personnalit\u00e9s les plus excentriques du 18\u00e8me si\u00e8cle: Giacomo Casanova.\u00a0Non seulement s\u00e9ducteur et aventurier, comme on l'appelle habituellement, mais aussi homme cultiv\u00e9 et raffin\u00e9, \u00e9crivain, po\u00e8te, alchimiste diplomatique, philosophe et m\u00eame ... agent secret et ici, naturellement gr\u00e2ce \u00e0 la pr\u00e9sence du Palazzo Grassi, vous pouvez sentir le \u00abmodernit\u00e9\u00bb manifest\u00e9e par les expositions sur les nouvelles tendances de l'art contemporain.  Nous avons donc d\u00e9di\u00e9 les salles \u00e0 un moment de l'Art V\u00e9nitien ou \u00e0 un Artiste qui a laiss\u00e9 une marque \u00e0 Venise, et nous les avons cr\u00e9\u00e9es non seulement en mentionnant simplement le nom mais aussi en recr\u00e9ant les diff\u00e9rentes ambiances avec les d\u00e9corations et le mobilier, du reportage p\u00e9riode.","og_url":"https:\/\/www.cadellarte.com\/fr\/histoire\/","og_site_name":"Ca\u2019 dell\u2019Arte","article_modified_time":"2021-06-09T15:12:25+00:00","twitter_card":"summary_large_image","twitter_misc":{"Dur\u00e9e de lecture estim\u00e9e":"1 minute"},"schema":{"@context":"https:\/\/schema.org","@graph":[{"@type":"WebPage","@id":"https:\/\/www.cadellarte.com\/fr\/histoire\/","url":"https:\/\/www.cadellarte.com\/fr\/histoire\/","name":"Histoire ~ Ca\u2019 dell\u2019Arte ~","isPartOf":{"@id":"https:\/\/www.cadellarte.com\/fr\/#website"},"datePublished":"2021-06-09T15:11:53+00:00","dateModified":"2021-06-09T15:12:25+00:00","description":"Ici vivait la famille Lombardo, grands sculpteurs et architectes du d\u00e9but de la Renaissance v\u00e9nitienne, comme le sculpteur Bartolomeo Bon, ici vivait et travaillait Paolo Caliari dit V\u00e9ron\u00e8se, ici \u00e9tait l'un des ateliers du Titien et ici est n\u00e9e l'une des personnalit\u00e9s les plus excentriques du 18\u00e8me si\u00e8cle: Giacomo Casanova.\u00a0Non seulement s\u00e9ducteur et aventurier, comme on l'appelle habituellement, mais aussi homme cultiv\u00e9 et raffin\u00e9, \u00e9crivain, po\u00e8te, alchimiste diplomatique, philosophe et m\u00eame ... agent secret et ici, naturellement gr\u00e2ce \u00e0 la pr\u00e9sence du Palazzo Grassi, vous pouvez sentir le \u00abmodernit\u00e9\u00bb manifest\u00e9e par les expositions sur les nouvelles tendances de l'art contemporain. Nous avons donc d\u00e9di\u00e9 les salles \u00e0 un moment de l'Art V\u00e9nitien ou \u00e0 un Artiste qui a laiss\u00e9 une marque \u00e0 Venise, et nous les avons cr\u00e9\u00e9es non seulement en mentionnant simplement le nom mais aussi en recr\u00e9ant les diff\u00e9rentes ambiances avec les d\u00e9corations et le mobilier, du reportage p\u00e9riode.","breadcrumb":{"@id":"https:\/\/www.cadellarte.com\/fr\/histoire\/#breadcrumb"},"inLanguage":"fr-FR","potentialAction":[{"@type":"ReadAction","target":["https:\/\/www.cadellarte.com\/fr\/histoire\/"]}]},{"@type":"BreadcrumbList","@id":"https:\/\/www.cadellarte.com\/fr\/histoire\/#breadcrumb","itemListElement":[{"@type":"ListItem","position":1,"name":"Home","item":"https:\/\/www.cadellarte.com\/fr\/"},{"@type":"ListItem","position":2,"name":"Histoire"}]},{"@type":"WebSite","@id":"https:\/\/www.cadellarte.com\/fr\/#website","url":"https:\/\/www.cadellarte.com\/fr\/","name":"Ca\u2019 dell\u2019Arte","description":"Ecco un altro sito ms.decms.eu","potentialAction":[{"@type":"SearchAction","target":{"@type":"EntryPoint","urlTemplate":"https:\/\/www.cadellarte.com\/fr\/?s={search_term_string}"},"query-input":{"@type":"PropertyValueSpecification","valueRequired":true,"valueName":"search_term_string"}}],"inLanguage":"fr-FR"}]}},"acf":[],"_links":{"self":[{"href":"https:\/\/www.cadellarte.com\/fr\/wp-json\/wp\/v2\/pages\/273","targetHints":{"allow":["GET"]}}],"collection":[{"href":"https:\/\/www.cadellarte.com\/fr\/wp-json\/wp\/v2\/pages"}],"about":[{"href":"https:\/\/www.cadellarte.com\/fr\/wp-json\/wp\/v2\/types\/page"}],"author":[{"embeddable":true,"href":"https:\/\/www.cadellarte.com\/fr\/wp-json\/wp\/v2\/users\/13"}],"replies":[{"embeddable":true,"href":"https:\/\/www.cadellarte.com\/fr\/wp-json\/wp\/v2\/comments?post=273"}],"version-history":[{"count":0,"href":"https:\/\/www.cadellarte.com\/fr\/wp-json\/wp\/v2\/pages\/273\/revisions"}],"wp:attachment":[{"href":"https:\/\/www.cadellarte.com\/fr\/wp-json\/wp\/v2\/media?parent=273"}],"curies":[{"name":"wp","href":"https:\/\/api.w.org\/{rel}","templated":true}]}}