{"id":277,"date":"2021-06-09T17:17:10","date_gmt":"2021-06-09T15:17:10","guid":{"rendered":"https:\/\/cadellarte.ms.decms.eu\/?page_id=277"},"modified":"2021-06-09T17:17:10","modified_gmt":"2021-06-09T15:17:10","slug":"ou-nous-sommes","status":"publish","type":"page","link":"https:\/\/www.cadellarte.com\/fr\/ou-nous-sommes\/","title":{"rendered":"O\u00f9 nous sommes"},"content":{"rendered":"<p>Notre force est la zone centrale mais surtout la tranquillit\u00e9.<\/p>\n<p>En sortant et en continuant le long de la Calle delle Carrozze, vous vous retrouverez imm\u00e9diatement devant le Palazzo Grassi en empruntant la \u00ab\u00a0Calle delle Botteghe\u00a0\u00bb, vous vous retrouverez \u00e0 Campo Santo Stefano, o\u00f9 chaque ann\u00e9e il y a les march\u00e9s d&rsquo;antiquit\u00e9s de San Maurizio, en continuant le long de la Via XXII Marzo en 5 minutes vous arriverez \u00e0 Piazza San Marco.<\/p>\n<p>De Campo Santo Stefano, en tournant \u00e0 droite, vous serez au pont de l&rsquo;Acad\u00e9mie et au Mus\u00e9e de la Galerie de l&rsquo;Acad\u00e9mie, tout en tournant \u00e0 gauche, et en suivant la route principale, en seulement 5 minutes vous atteindrez Campo San Barolomio pr\u00e8s du pont du Rialto et du march\u00e9 du Rialto.<\/p>\n<p>Dans la r\u00e9gion, il y a de nombreux restaurants et bars avec des tables o\u00f9 vous pourrez d\u00e9guster d&rsquo;excellents plats de poisson ou un simple cicchetto dans la paix de la S\u00e9r\u00e9nissime.<\/p>\n","protected":false},"excerpt":{"rendered":"<p>Notre force est la zone centrale mais surtout la tranquillit\u00e9. En sortant et en continuant le long de la Calle delle Carrozze, vous vous retrouverez imm\u00e9diatement devant le Palazzo Grassi en empruntant la \u00ab\u00a0Calle delle Botteghe\u00a0\u00bb, vous vous retrouverez \u00e0 Campo Santo Stefano, o\u00f9 chaque ann\u00e9e il y a les march\u00e9s d&rsquo;antiquit\u00e9s de San Maurizio, [&hellip;]<\/p>\n","protected":false},"author":13,"featured_media":0,"parent":0,"menu_order":50,"comment_status":"closed","ping_status":"closed","template":"template-location.php","meta":{"footnotes":""},"class_list":["post-277","page","type-page","status-publish","hentry"],"yoast_head":"<!-- This site is optimized with the Yoast SEO plugin v26.9 - https:\/\/yoast.com\/product\/yoast-seo-wordpress\/ -->\n<title>O\u00f9 nous sommes ~ Ca\u2019 dell\u2019Arte ~<\/title>\n<meta name=\"description\" content=\"Notre force est la zone centrale mais surtout la tranquillit\u00e9.  En sortant et en continuant le long de la Calle delle Carrozze, vous vous retrouverez imm\u00e9diatement devant le Palazzo Grassi en empruntant la &quot;Calle delle Botteghe&quot;, vous vous retrouverez \u00e0 Campo Santo Stefano, o\u00f9 chaque ann\u00e9e il y a les march\u00e9s d&#039;antiquit\u00e9s de San Maurizio, en continuant le long de la Via XXII Marzo en 5 minutes vous arriverez \u00e0 Piazza San Marco.  De Campo Santo Stefano, en tournant \u00e0 droite, vous serez au pont de l&#039;Acad\u00e9mie et au Mus\u00e9e de la Galerie de l&#039;Acad\u00e9mie, tout en tournant \u00e0 gauche, et en suivant la route principale, en seulement 5 minutes vous atteindrez Campo San Barolomio pr\u00e8s du pont du Rialto et du march\u00e9 du Rialto.  Dans la r\u00e9gion, il y a de nombreux restaurants et bars avec des tables o\u00f9 vous pourrez d\u00e9guster d&#039;excellents plats de poisson ou un simple cicchetto dans la paix de la S\u00e9r\u00e9nissime..\" \/>\n<meta name=\"robots\" content=\"index, follow, max-snippet:-1, max-image-preview:large, max-video-preview:-1\" \/>\n<link rel=\"canonical\" href=\"https:\/\/www.cadellarte.com\/fr\/ou-nous-sommes\/\" \/>\n<meta property=\"og:locale\" content=\"fr_FR\" \/>\n<meta property=\"og:type\" content=\"article\" \/>\n<meta property=\"og:title\" content=\"O\u00f9 nous sommes ~ Ca\u2019 dell\u2019Arte ~\" \/>\n<meta property=\"og:description\" content=\"Notre force est la zone centrale mais surtout la tranquillit\u00e9.  En sortant et en continuant le long de la Calle delle Carrozze, vous vous retrouverez imm\u00e9diatement devant le Palazzo Grassi en empruntant la &quot;Calle delle Botteghe&quot;, vous vous retrouverez \u00e0 Campo Santo Stefano, o\u00f9 chaque ann\u00e9e il y a les march\u00e9s d&#039;antiquit\u00e9s de San Maurizio, en continuant le long de la Via XXII Marzo en 5 minutes vous arriverez \u00e0 Piazza San Marco.  De Campo Santo Stefano, en tournant \u00e0 droite, vous serez au pont de l&#039;Acad\u00e9mie et au Mus\u00e9e de la Galerie de l&#039;Acad\u00e9mie, tout en tournant \u00e0 gauche, et en suivant la route principale, en seulement 5 minutes vous atteindrez Campo San Barolomio pr\u00e8s du pont du Rialto et du march\u00e9 du Rialto.  Dans la r\u00e9gion, il y a de nombreux restaurants et bars avec des tables o\u00f9 vous pourrez d\u00e9guster d&#039;excellents plats de poisson ou un simple cicchetto dans la paix de la S\u00e9r\u00e9nissime..\" \/>\n<meta property=\"og:url\" content=\"https:\/\/www.cadellarte.com\/fr\/ou-nous-sommes\/\" \/>\n<meta property=\"og:site_name\" content=\"Ca\u2019 dell\u2019Arte\" \/>\n<meta name=\"twitter:card\" content=\"summary_large_image\" \/>\n<meta name=\"twitter:label1\" content=\"Dur\u00e9e de lecture estim\u00e9e\" \/>\n\t<meta name=\"twitter:data1\" content=\"1 minute\" \/>\n<script type=\"application\/ld+json\" class=\"yoast-schema-graph\">{\"@context\":\"https:\/\/schema.org\",\"@graph\":[{\"@type\":\"WebPage\",\"@id\":\"https:\/\/www.cadellarte.com\/fr\/ou-nous-sommes\/\",\"url\":\"https:\/\/www.cadellarte.com\/fr\/ou-nous-sommes\/\",\"name\":\"O\u00f9 nous sommes ~ Ca\u2019 dell\u2019Arte ~\",\"isPartOf\":{\"@id\":\"https:\/\/www.cadellarte.com\/fr\/#website\"},\"datePublished\":\"2021-06-09T15:17:10+00:00\",\"description\":\"Notre force est la zone centrale mais surtout la tranquillit\u00e9. En sortant et en continuant le long de la Calle delle Carrozze, vous vous retrouverez imm\u00e9diatement devant le Palazzo Grassi en empruntant la \\\"Calle delle Botteghe\\\", vous vous retrouverez \u00e0 Campo Santo Stefano, o\u00f9 chaque ann\u00e9e il y a les march\u00e9s d'antiquit\u00e9s de San Maurizio, en continuant le long de la Via XXII Marzo en 5 minutes vous arriverez \u00e0 Piazza San Marco. De Campo Santo Stefano, en tournant \u00e0 droite, vous serez au pont de l'Acad\u00e9mie et au Mus\u00e9e de la Galerie de l'Acad\u00e9mie, tout en tournant \u00e0 gauche, et en suivant la route principale, en seulement 5 minutes vous atteindrez Campo San Barolomio pr\u00e8s du pont du Rialto et du march\u00e9 du Rialto. Dans la r\u00e9gion, il y a de nombreux restaurants et bars avec des tables o\u00f9 vous pourrez d\u00e9guster d'excellents plats de poisson ou un simple cicchetto dans la paix de la S\u00e9r\u00e9nissime..\",\"breadcrumb\":{\"@id\":\"https:\/\/www.cadellarte.com\/fr\/ou-nous-sommes\/#breadcrumb\"},\"inLanguage\":\"fr-FR\",\"potentialAction\":[{\"@type\":\"ReadAction\",\"target\":[\"https:\/\/www.cadellarte.com\/fr\/ou-nous-sommes\/\"]}]},{\"@type\":\"BreadcrumbList\",\"@id\":\"https:\/\/www.cadellarte.com\/fr\/ou-nous-sommes\/#breadcrumb\",\"itemListElement\":[{\"@type\":\"ListItem\",\"position\":1,\"name\":\"Home\",\"item\":\"https:\/\/www.cadellarte.com\/fr\/\"},{\"@type\":\"ListItem\",\"position\":2,\"name\":\"O\u00f9 nous sommes\"}]},{\"@type\":\"WebSite\",\"@id\":\"https:\/\/www.cadellarte.com\/fr\/#website\",\"url\":\"https:\/\/www.cadellarte.com\/fr\/\",\"name\":\"Ca\u2019 dell\u2019Arte\",\"description\":\"Ecco un altro sito ms.decms.eu\",\"potentialAction\":[{\"@type\":\"SearchAction\",\"target\":{\"@type\":\"EntryPoint\",\"urlTemplate\":\"https:\/\/www.cadellarte.com\/fr\/?s={search_term_string}\"},\"query-input\":{\"@type\":\"PropertyValueSpecification\",\"valueRequired\":true,\"valueName\":\"search_term_string\"}}],\"inLanguage\":\"fr-FR\"}]}<\/script>\n<!-- \/ Yoast SEO plugin. -->","yoast_head_json":{"title":"O\u00f9 nous sommes ~ Ca\u2019 dell\u2019Arte ~","description":"Notre force est la zone centrale mais surtout la tranquillit\u00e9.  En sortant et en continuant le long de la Calle delle Carrozze, vous vous retrouverez imm\u00e9diatement devant le Palazzo Grassi en empruntant la \"Calle delle Botteghe\", vous vous retrouverez \u00e0 Campo Santo Stefano, o\u00f9 chaque ann\u00e9e il y a les march\u00e9s d'antiquit\u00e9s de San Maurizio, en continuant le long de la Via XXII Marzo en 5 minutes vous arriverez \u00e0 Piazza San Marco.  De Campo Santo Stefano, en tournant \u00e0 droite, vous serez au pont de l'Acad\u00e9mie et au Mus\u00e9e de la Galerie de l'Acad\u00e9mie, tout en tournant \u00e0 gauche, et en suivant la route principale, en seulement 5 minutes vous atteindrez Campo San Barolomio pr\u00e8s du pont du Rialto et du march\u00e9 du Rialto.  Dans la r\u00e9gion, il y a de nombreux restaurants et bars avec des tables o\u00f9 vous pourrez d\u00e9guster d'excellents plats de poisson ou un simple cicchetto dans la paix de la S\u00e9r\u00e9nissime..","robots":{"index":"index","follow":"follow","max-snippet":"max-snippet:-1","max-image-preview":"max-image-preview:large","max-video-preview":"max-video-preview:-1"},"canonical":"https:\/\/www.cadellarte.com\/fr\/ou-nous-sommes\/","og_locale":"fr_FR","og_type":"article","og_title":"O\u00f9 nous sommes ~ Ca\u2019 dell\u2019Arte ~","og_description":"Notre force est la zone centrale mais surtout la tranquillit\u00e9.  En sortant et en continuant le long de la Calle delle Carrozze, vous vous retrouverez imm\u00e9diatement devant le Palazzo Grassi en empruntant la \"Calle delle Botteghe\", vous vous retrouverez \u00e0 Campo Santo Stefano, o\u00f9 chaque ann\u00e9e il y a les march\u00e9s d'antiquit\u00e9s de San Maurizio, en continuant le long de la Via XXII Marzo en 5 minutes vous arriverez \u00e0 Piazza San Marco.  De Campo Santo Stefano, en tournant \u00e0 droite, vous serez au pont de l'Acad\u00e9mie et au Mus\u00e9e de la Galerie de l'Acad\u00e9mie, tout en tournant \u00e0 gauche, et en suivant la route principale, en seulement 5 minutes vous atteindrez Campo San Barolomio pr\u00e8s du pont du Rialto et du march\u00e9 du Rialto.  Dans la r\u00e9gion, il y a de nombreux restaurants et bars avec des tables o\u00f9 vous pourrez d\u00e9guster d'excellents plats de poisson ou un simple cicchetto dans la paix de la S\u00e9r\u00e9nissime..","og_url":"https:\/\/www.cadellarte.com\/fr\/ou-nous-sommes\/","og_site_name":"Ca\u2019 dell\u2019Arte","twitter_card":"summary_large_image","twitter_misc":{"Dur\u00e9e de lecture estim\u00e9e":"1 minute"},"schema":{"@context":"https:\/\/schema.org","@graph":[{"@type":"WebPage","@id":"https:\/\/www.cadellarte.com\/fr\/ou-nous-sommes\/","url":"https:\/\/www.cadellarte.com\/fr\/ou-nous-sommes\/","name":"O\u00f9 nous sommes ~ Ca\u2019 dell\u2019Arte ~","isPartOf":{"@id":"https:\/\/www.cadellarte.com\/fr\/#website"},"datePublished":"2021-06-09T15:17:10+00:00","description":"Notre force est la zone centrale mais surtout la tranquillit\u00e9. En sortant et en continuant le long de la Calle delle Carrozze, vous vous retrouverez imm\u00e9diatement devant le Palazzo Grassi en empruntant la \"Calle delle Botteghe\", vous vous retrouverez \u00e0 Campo Santo Stefano, o\u00f9 chaque ann\u00e9e il y a les march\u00e9s d'antiquit\u00e9s de San Maurizio, en continuant le long de la Via XXII Marzo en 5 minutes vous arriverez \u00e0 Piazza San Marco. De Campo Santo Stefano, en tournant \u00e0 droite, vous serez au pont de l'Acad\u00e9mie et au Mus\u00e9e de la Galerie de l'Acad\u00e9mie, tout en tournant \u00e0 gauche, et en suivant la route principale, en seulement 5 minutes vous atteindrez Campo San Barolomio pr\u00e8s du pont du Rialto et du march\u00e9 du Rialto. Dans la r\u00e9gion, il y a de nombreux restaurants et bars avec des tables o\u00f9 vous pourrez d\u00e9guster d'excellents plats de poisson ou un simple cicchetto dans la paix de la S\u00e9r\u00e9nissime..","breadcrumb":{"@id":"https:\/\/www.cadellarte.com\/fr\/ou-nous-sommes\/#breadcrumb"},"inLanguage":"fr-FR","potentialAction":[{"@type":"ReadAction","target":["https:\/\/www.cadellarte.com\/fr\/ou-nous-sommes\/"]}]},{"@type":"BreadcrumbList","@id":"https:\/\/www.cadellarte.com\/fr\/ou-nous-sommes\/#breadcrumb","itemListElement":[{"@type":"ListItem","position":1,"name":"Home","item":"https:\/\/www.cadellarte.com\/fr\/"},{"@type":"ListItem","position":2,"name":"O\u00f9 nous sommes"}]},{"@type":"WebSite","@id":"https:\/\/www.cadellarte.com\/fr\/#website","url":"https:\/\/www.cadellarte.com\/fr\/","name":"Ca\u2019 dell\u2019Arte","description":"Ecco un altro sito ms.decms.eu","potentialAction":[{"@type":"SearchAction","target":{"@type":"EntryPoint","urlTemplate":"https:\/\/www.cadellarte.com\/fr\/?s={search_term_string}"},"query-input":{"@type":"PropertyValueSpecification","valueRequired":true,"valueName":"search_term_string"}}],"inLanguage":"fr-FR"}]}},"acf":[],"_links":{"self":[{"href":"https:\/\/www.cadellarte.com\/fr\/wp-json\/wp\/v2\/pages\/277","targetHints":{"allow":["GET"]}}],"collection":[{"href":"https:\/\/www.cadellarte.com\/fr\/wp-json\/wp\/v2\/pages"}],"about":[{"href":"https:\/\/www.cadellarte.com\/fr\/wp-json\/wp\/v2\/types\/page"}],"author":[{"embeddable":true,"href":"https:\/\/www.cadellarte.com\/fr\/wp-json\/wp\/v2\/users\/13"}],"replies":[{"embeddable":true,"href":"https:\/\/www.cadellarte.com\/fr\/wp-json\/wp\/v2\/comments?post=277"}],"version-history":[{"count":0,"href":"https:\/\/www.cadellarte.com\/fr\/wp-json\/wp\/v2\/pages\/277\/revisions"}],"wp:attachment":[{"href":"https:\/\/www.cadellarte.com\/fr\/wp-json\/wp\/v2\/media?parent=277"}],"curies":[{"name":"wp","href":"https:\/\/api.w.org\/{rel}","templated":true}]}}