{"id":288,"date":"2021-06-09T17:26:39","date_gmt":"2021-06-09T15:26:39","guid":{"rendered":"https:\/\/cadellarte.ms.decms.eu\/?page_id=288"},"modified":"2021-06-09T17:26:59","modified_gmt":"2021-06-09T15:26:59","slug":"chambre-classique","status":"publish","type":"page","link":"https:\/\/www.cadellarte.com\/fr\/nos-chambres\/chambre-classique\/","title":{"rendered":"Chambre Classique"},"content":{"rendered":"<p>C&rsquo;est une pi\u00e8ce dans laquelle, entre le rouge poussi\u00e9reux des velours et l&rsquo;argenterie antique des meubles et fauteuils sculpt\u00e9s, vous revivrez le charme de la Venise du d\u00e9but du XVIIIe si\u00e8cle \u00e0 la lumi\u00e8re d&rsquo;un grand lustre de Murano.<\/p>\n<p>Toutes nos chambres sont \u00e9quip\u00e9es du WI-FI gratuit.<\/p>\n","protected":false},"excerpt":{"rendered":"<p>C&rsquo;est une pi\u00e8ce dans laquelle, entre le rouge poussi\u00e9reux des velours et l&rsquo;argenterie antique des meubles et fauteuils sculpt\u00e9s, vous revivrez le charme de la Venise du d\u00e9but du XVIIIe si\u00e8cle \u00e0 la lumi\u00e8re d&rsquo;un grand lustre de Murano. Toutes nos chambres sont \u00e9quip\u00e9es du WI-FI gratuit.<\/p>\n","protected":false},"author":13,"featured_media":0,"parent":285,"menu_order":10,"comment_status":"closed","ping_status":"closed","template":"template-single-room.php","meta":{"footnotes":""},"class_list":["post-288","page","type-page","status-publish","hentry"],"yoast_head":"<!-- This site is optimized with the Yoast SEO plugin v26.9 - https:\/\/yoast.com\/product\/yoast-seo-wordpress\/ -->\n<title>Chambre Classique ~ Ca\u2019 dell\u2019Arte ~<\/title>\n<meta name=\"description\" content=\"C&#039;est une pi\u00e8ce dans laquelle, entre le rouge poussi\u00e9reux des velours et l&#039;argenterie antique des meubles et fauteuils sculpt\u00e9s, vous revivrez le charme de la Venise du d\u00e9but du XVIIIe si\u00e8cle \u00e0 la lumi\u00e8re d&#039;un grand lustre de Murano.  Toutes nos chambres sont \u00e9quip\u00e9es du WI-FI gratuit..\" \/>\n<meta name=\"robots\" content=\"index, follow, max-snippet:-1, max-image-preview:large, max-video-preview:-1\" \/>\n<link rel=\"canonical\" href=\"https:\/\/www.cadellarte.com\/fr\/nos-chambres\/chambre-classique\/\" \/>\n<meta property=\"og:locale\" content=\"fr_FR\" \/>\n<meta property=\"og:type\" content=\"article\" \/>\n<meta property=\"og:title\" content=\"Chambre Classique ~ Ca\u2019 dell\u2019Arte ~\" \/>\n<meta property=\"og:description\" content=\"C&#039;est une pi\u00e8ce dans laquelle, entre le rouge poussi\u00e9reux des velours et l&#039;argenterie antique des meubles et fauteuils sculpt\u00e9s, vous revivrez le charme de la Venise du d\u00e9but du XVIIIe si\u00e8cle \u00e0 la lumi\u00e8re d&#039;un grand lustre de Murano.  Toutes nos chambres sont \u00e9quip\u00e9es du WI-FI gratuit..\" \/>\n<meta property=\"og:url\" content=\"https:\/\/www.cadellarte.com\/fr\/nos-chambres\/chambre-classique\/\" \/>\n<meta property=\"og:site_name\" content=\"Ca\u2019 dell\u2019Arte\" \/>\n<meta property=\"article:modified_time\" content=\"2021-06-09T15:26:59+00:00\" \/>\n<meta name=\"twitter:card\" content=\"summary_large_image\" \/>\n<script type=\"application\/ld+json\" class=\"yoast-schema-graph\">{\"@context\":\"https:\/\/schema.org\",\"@graph\":[{\"@type\":\"WebPage\",\"@id\":\"https:\/\/www.cadellarte.com\/fr\/nos-chambres\/chambre-classique\/\",\"url\":\"https:\/\/www.cadellarte.com\/fr\/nos-chambres\/chambre-classique\/\",\"name\":\"Chambre Classique ~ Ca\u2019 dell\u2019Arte ~\",\"isPartOf\":{\"@id\":\"https:\/\/www.cadellarte.com\/fr\/#website\"},\"datePublished\":\"2021-06-09T15:26:39+00:00\",\"dateModified\":\"2021-06-09T15:26:59+00:00\",\"description\":\"C'est une pi\u00e8ce dans laquelle, entre le rouge poussi\u00e9reux des velours et l'argenterie antique des meubles et fauteuils sculpt\u00e9s, vous revivrez le charme de la Venise du d\u00e9but du XVIIIe si\u00e8cle \u00e0 la lumi\u00e8re d'un grand lustre de Murano. Toutes nos chambres sont \u00e9quip\u00e9es du WI-FI gratuit..\",\"breadcrumb\":{\"@id\":\"https:\/\/www.cadellarte.com\/fr\/nos-chambres\/chambre-classique\/#breadcrumb\"},\"inLanguage\":\"fr-FR\",\"potentialAction\":[{\"@type\":\"ReadAction\",\"target\":[\"https:\/\/www.cadellarte.com\/fr\/nos-chambres\/chambre-classique\/\"]}]},{\"@type\":\"BreadcrumbList\",\"@id\":\"https:\/\/www.cadellarte.com\/fr\/nos-chambres\/chambre-classique\/#breadcrumb\",\"itemListElement\":[{\"@type\":\"ListItem\",\"position\":1,\"name\":\"Home\",\"item\":\"https:\/\/www.cadellarte.com\/fr\/\"},{\"@type\":\"ListItem\",\"position\":2,\"name\":\"Nos chambres\",\"item\":\"https:\/\/www.cadellarte.com\/fr\/nos-chambres\/\"},{\"@type\":\"ListItem\",\"position\":3,\"name\":\"Chambre Classique\"}]},{\"@type\":\"WebSite\",\"@id\":\"https:\/\/www.cadellarte.com\/fr\/#website\",\"url\":\"https:\/\/www.cadellarte.com\/fr\/\",\"name\":\"Ca\u2019 dell\u2019Arte\",\"description\":\"Ecco un altro sito ms.decms.eu\",\"potentialAction\":[{\"@type\":\"SearchAction\",\"target\":{\"@type\":\"EntryPoint\",\"urlTemplate\":\"https:\/\/www.cadellarte.com\/fr\/?s={search_term_string}\"},\"query-input\":{\"@type\":\"PropertyValueSpecification\",\"valueRequired\":true,\"valueName\":\"search_term_string\"}}],\"inLanguage\":\"fr-FR\"}]}<\/script>\n<!-- \/ Yoast SEO plugin. -->","yoast_head_json":{"title":"Chambre Classique ~ Ca\u2019 dell\u2019Arte ~","description":"C'est une pi\u00e8ce dans laquelle, entre le rouge poussi\u00e9reux des velours et l'argenterie antique des meubles et fauteuils sculpt\u00e9s, vous revivrez le charme de la Venise du d\u00e9but du XVIIIe si\u00e8cle \u00e0 la lumi\u00e8re d'un grand lustre de Murano.  Toutes nos chambres sont \u00e9quip\u00e9es du WI-FI gratuit..","robots":{"index":"index","follow":"follow","max-snippet":"max-snippet:-1","max-image-preview":"max-image-preview:large","max-video-preview":"max-video-preview:-1"},"canonical":"https:\/\/www.cadellarte.com\/fr\/nos-chambres\/chambre-classique\/","og_locale":"fr_FR","og_type":"article","og_title":"Chambre Classique ~ Ca\u2019 dell\u2019Arte ~","og_description":"C'est une pi\u00e8ce dans laquelle, entre le rouge poussi\u00e9reux des velours et l'argenterie antique des meubles et fauteuils sculpt\u00e9s, vous revivrez le charme de la Venise du d\u00e9but du XVIIIe si\u00e8cle \u00e0 la lumi\u00e8re d'un grand lustre de Murano.  Toutes nos chambres sont \u00e9quip\u00e9es du WI-FI gratuit..","og_url":"https:\/\/www.cadellarte.com\/fr\/nos-chambres\/chambre-classique\/","og_site_name":"Ca\u2019 dell\u2019Arte","article_modified_time":"2021-06-09T15:26:59+00:00","twitter_card":"summary_large_image","schema":{"@context":"https:\/\/schema.org","@graph":[{"@type":"WebPage","@id":"https:\/\/www.cadellarte.com\/fr\/nos-chambres\/chambre-classique\/","url":"https:\/\/www.cadellarte.com\/fr\/nos-chambres\/chambre-classique\/","name":"Chambre Classique ~ Ca\u2019 dell\u2019Arte ~","isPartOf":{"@id":"https:\/\/www.cadellarte.com\/fr\/#website"},"datePublished":"2021-06-09T15:26:39+00:00","dateModified":"2021-06-09T15:26:59+00:00","description":"C'est une pi\u00e8ce dans laquelle, entre le rouge poussi\u00e9reux des velours et l'argenterie antique des meubles et fauteuils sculpt\u00e9s, vous revivrez le charme de la Venise du d\u00e9but du XVIIIe si\u00e8cle \u00e0 la lumi\u00e8re d'un grand lustre de Murano. Toutes nos chambres sont \u00e9quip\u00e9es du WI-FI gratuit..","breadcrumb":{"@id":"https:\/\/www.cadellarte.com\/fr\/nos-chambres\/chambre-classique\/#breadcrumb"},"inLanguage":"fr-FR","potentialAction":[{"@type":"ReadAction","target":["https:\/\/www.cadellarte.com\/fr\/nos-chambres\/chambre-classique\/"]}]},{"@type":"BreadcrumbList","@id":"https:\/\/www.cadellarte.com\/fr\/nos-chambres\/chambre-classique\/#breadcrumb","itemListElement":[{"@type":"ListItem","position":1,"name":"Home","item":"https:\/\/www.cadellarte.com\/fr\/"},{"@type":"ListItem","position":2,"name":"Nos chambres","item":"https:\/\/www.cadellarte.com\/fr\/nos-chambres\/"},{"@type":"ListItem","position":3,"name":"Chambre Classique"}]},{"@type":"WebSite","@id":"https:\/\/www.cadellarte.com\/fr\/#website","url":"https:\/\/www.cadellarte.com\/fr\/","name":"Ca\u2019 dell\u2019Arte","description":"Ecco un altro sito ms.decms.eu","potentialAction":[{"@type":"SearchAction","target":{"@type":"EntryPoint","urlTemplate":"https:\/\/www.cadellarte.com\/fr\/?s={search_term_string}"},"query-input":{"@type":"PropertyValueSpecification","valueRequired":true,"valueName":"search_term_string"}}],"inLanguage":"fr-FR"}]}},"acf":[],"_links":{"self":[{"href":"https:\/\/www.cadellarte.com\/fr\/wp-json\/wp\/v2\/pages\/288","targetHints":{"allow":["GET"]}}],"collection":[{"href":"https:\/\/www.cadellarte.com\/fr\/wp-json\/wp\/v2\/pages"}],"about":[{"href":"https:\/\/www.cadellarte.com\/fr\/wp-json\/wp\/v2\/types\/page"}],"author":[{"embeddable":true,"href":"https:\/\/www.cadellarte.com\/fr\/wp-json\/wp\/v2\/users\/13"}],"replies":[{"embeddable":true,"href":"https:\/\/www.cadellarte.com\/fr\/wp-json\/wp\/v2\/comments?post=288"}],"version-history":[{"count":0,"href":"https:\/\/www.cadellarte.com\/fr\/wp-json\/wp\/v2\/pages\/288\/revisions"}],"up":[{"embeddable":true,"href":"https:\/\/www.cadellarte.com\/fr\/wp-json\/wp\/v2\/pages\/285"}],"wp:attachment":[{"href":"https:\/\/www.cadellarte.com\/fr\/wp-json\/wp\/v2\/media?parent=288"}],"curies":[{"name":"wp","href":"https:\/\/api.w.org\/{rel}","templated":true}]}}