{"id":291,"date":"2021-07-02T17:38:39","date_gmt":"2021-07-02T15:38:39","guid":{"rendered":"https:\/\/cadellarte.ms.decms.eu\/?page_id=291"},"modified":"2021-07-02T17:38:39","modified_gmt":"2021-07-02T15:38:39","slug":"chambre-superieure","status":"publish","type":"page","link":"https:\/\/www.cadellarte.com\/fr\/nos-chambres\/chambre-superieure\/","title":{"rendered":"Chambre sup\u00e9rieure"},"content":{"rendered":"<div class=\"subtitle\">\n<p>C&rsquo;est une chambre sup\u00e9rieure o\u00f9 vous serez projet\u00e9 dans l&rsquo;atmosph\u00e8re d&rsquo;opulence d\u00e9corative et la pr\u00e9ciosit\u00e9 des mat\u00e9riaux baroques: des velours damass\u00e9s noirs immerg\u00e9s dans le mouvement.<\/p>\n<p>Toutes nos chambres sont \u00e9quip\u00e9es du WI-FI gratuit.<\/p>\n<\/div>\n","protected":false},"excerpt":{"rendered":"<p>C&rsquo;est une chambre sup\u00e9rieure o\u00f9 vous serez projet\u00e9 dans l&rsquo;atmosph\u00e8re d&rsquo;opulence d\u00e9corative et la pr\u00e9ciosit\u00e9 des mat\u00e9riaux baroques: des velours damass\u00e9s noirs immerg\u00e9s dans le mouvement. Toutes nos chambres sont \u00e9quip\u00e9es du WI-FI gratuit.<\/p>\n","protected":false},"author":13,"featured_media":0,"parent":285,"menu_order":20,"comment_status":"closed","ping_status":"closed","template":"template-single-room.php","meta":{"footnotes":""},"class_list":["post-291","page","type-page","status-publish","hentry"],"yoast_head":"<!-- This site is optimized with the Yoast SEO plugin v26.9 - https:\/\/yoast.com\/product\/yoast-seo-wordpress\/ -->\n<title>Chambre sup\u00e9rieure ~ Ca\u2019 dell\u2019Arte ~<\/title>\n<meta name=\"description\" content=\"C&#039;est une chambre sup\u00e9rieure o\u00f9 vous serez projet\u00e9 dans l&#039;atmosph\u00e8re d&#039;opulence d\u00e9corative et la pr\u00e9ciosit\u00e9 des mat\u00e9riaux baroques: des velours damass\u00e9s noirs immerg\u00e9s dans le mouvement.  Toutes nos chambres sont \u00e9quip\u00e9es du WI-FI gratuit.  .\" \/>\n<meta name=\"robots\" content=\"index, follow, max-snippet:-1, max-image-preview:large, max-video-preview:-1\" \/>\n<link rel=\"canonical\" href=\"https:\/\/www.cadellarte.com\/fr\/nos-chambres\/chambre-superieure\/\" \/>\n<meta property=\"og:locale\" content=\"fr_FR\" \/>\n<meta property=\"og:type\" content=\"article\" \/>\n<meta property=\"og:title\" content=\"Chambre sup\u00e9rieure ~ Ca\u2019 dell\u2019Arte ~\" \/>\n<meta property=\"og:description\" content=\"C&#039;est une chambre sup\u00e9rieure o\u00f9 vous serez projet\u00e9 dans l&#039;atmosph\u00e8re d&#039;opulence d\u00e9corative et la pr\u00e9ciosit\u00e9 des mat\u00e9riaux baroques: des velours damass\u00e9s noirs immerg\u00e9s dans le mouvement.  Toutes nos chambres sont \u00e9quip\u00e9es du WI-FI gratuit.  .\" \/>\n<meta property=\"og:url\" content=\"https:\/\/www.cadellarte.com\/fr\/nos-chambres\/chambre-superieure\/\" \/>\n<meta property=\"og:site_name\" content=\"Ca\u2019 dell\u2019Arte\" \/>\n<meta name=\"twitter:card\" content=\"summary_large_image\" \/>\n<script type=\"application\/ld+json\" class=\"yoast-schema-graph\">{\"@context\":\"https:\/\/schema.org\",\"@graph\":[{\"@type\":\"WebPage\",\"@id\":\"https:\/\/www.cadellarte.com\/fr\/nos-chambres\/chambre-superieure\/\",\"url\":\"https:\/\/www.cadellarte.com\/fr\/nos-chambres\/chambre-superieure\/\",\"name\":\"Chambre sup\u00e9rieure ~ Ca\u2019 dell\u2019Arte ~\",\"isPartOf\":{\"@id\":\"https:\/\/www.cadellarte.com\/fr\/#website\"},\"datePublished\":\"2021-07-02T15:38:39+00:00\",\"description\":\"C'est une chambre sup\u00e9rieure o\u00f9 vous serez projet\u00e9 dans l'atmosph\u00e8re d'opulence d\u00e9corative et la pr\u00e9ciosit\u00e9 des mat\u00e9riaux baroques: des velours damass\u00e9s noirs immerg\u00e9s dans le mouvement. Toutes nos chambres sont \u00e9quip\u00e9es du WI-FI gratuit. .\",\"breadcrumb\":{\"@id\":\"https:\/\/www.cadellarte.com\/fr\/nos-chambres\/chambre-superieure\/#breadcrumb\"},\"inLanguage\":\"fr-FR\",\"potentialAction\":[{\"@type\":\"ReadAction\",\"target\":[\"https:\/\/www.cadellarte.com\/fr\/nos-chambres\/chambre-superieure\/\"]}]},{\"@type\":\"BreadcrumbList\",\"@id\":\"https:\/\/www.cadellarte.com\/fr\/nos-chambres\/chambre-superieure\/#breadcrumb\",\"itemListElement\":[{\"@type\":\"ListItem\",\"position\":1,\"name\":\"Home\",\"item\":\"https:\/\/www.cadellarte.com\/fr\/\"},{\"@type\":\"ListItem\",\"position\":2,\"name\":\"Nos chambres\",\"item\":\"https:\/\/www.cadellarte.com\/fr\/nos-chambres\/\"},{\"@type\":\"ListItem\",\"position\":3,\"name\":\"Chambre sup\u00e9rieure\"}]},{\"@type\":\"WebSite\",\"@id\":\"https:\/\/www.cadellarte.com\/fr\/#website\",\"url\":\"https:\/\/www.cadellarte.com\/fr\/\",\"name\":\"Ca\u2019 dell\u2019Arte\",\"description\":\"Ecco un altro sito ms.decms.eu\",\"potentialAction\":[{\"@type\":\"SearchAction\",\"target\":{\"@type\":\"EntryPoint\",\"urlTemplate\":\"https:\/\/www.cadellarte.com\/fr\/?s={search_term_string}\"},\"query-input\":{\"@type\":\"PropertyValueSpecification\",\"valueRequired\":true,\"valueName\":\"search_term_string\"}}],\"inLanguage\":\"fr-FR\"}]}<\/script>\n<!-- \/ Yoast SEO plugin. -->","yoast_head_json":{"title":"Chambre sup\u00e9rieure ~ Ca\u2019 dell\u2019Arte ~","description":"C'est une chambre sup\u00e9rieure o\u00f9 vous serez projet\u00e9 dans l'atmosph\u00e8re d'opulence d\u00e9corative et la pr\u00e9ciosit\u00e9 des mat\u00e9riaux baroques: des velours damass\u00e9s noirs immerg\u00e9s dans le mouvement.  Toutes nos chambres sont \u00e9quip\u00e9es du WI-FI gratuit.  .","robots":{"index":"index","follow":"follow","max-snippet":"max-snippet:-1","max-image-preview":"max-image-preview:large","max-video-preview":"max-video-preview:-1"},"canonical":"https:\/\/www.cadellarte.com\/fr\/nos-chambres\/chambre-superieure\/","og_locale":"fr_FR","og_type":"article","og_title":"Chambre sup\u00e9rieure ~ Ca\u2019 dell\u2019Arte ~","og_description":"C'est une chambre sup\u00e9rieure o\u00f9 vous serez projet\u00e9 dans l'atmosph\u00e8re d'opulence d\u00e9corative et la pr\u00e9ciosit\u00e9 des mat\u00e9riaux baroques: des velours damass\u00e9s noirs immerg\u00e9s dans le mouvement.  Toutes nos chambres sont \u00e9quip\u00e9es du WI-FI gratuit.  .","og_url":"https:\/\/www.cadellarte.com\/fr\/nos-chambres\/chambre-superieure\/","og_site_name":"Ca\u2019 dell\u2019Arte","twitter_card":"summary_large_image","schema":{"@context":"https:\/\/schema.org","@graph":[{"@type":"WebPage","@id":"https:\/\/www.cadellarte.com\/fr\/nos-chambres\/chambre-superieure\/","url":"https:\/\/www.cadellarte.com\/fr\/nos-chambres\/chambre-superieure\/","name":"Chambre sup\u00e9rieure ~ Ca\u2019 dell\u2019Arte ~","isPartOf":{"@id":"https:\/\/www.cadellarte.com\/fr\/#website"},"datePublished":"2021-07-02T15:38:39+00:00","description":"C'est une chambre sup\u00e9rieure o\u00f9 vous serez projet\u00e9 dans l'atmosph\u00e8re d'opulence d\u00e9corative et la pr\u00e9ciosit\u00e9 des mat\u00e9riaux baroques: des velours damass\u00e9s noirs immerg\u00e9s dans le mouvement. Toutes nos chambres sont \u00e9quip\u00e9es du WI-FI gratuit. .","breadcrumb":{"@id":"https:\/\/www.cadellarte.com\/fr\/nos-chambres\/chambre-superieure\/#breadcrumb"},"inLanguage":"fr-FR","potentialAction":[{"@type":"ReadAction","target":["https:\/\/www.cadellarte.com\/fr\/nos-chambres\/chambre-superieure\/"]}]},{"@type":"BreadcrumbList","@id":"https:\/\/www.cadellarte.com\/fr\/nos-chambres\/chambre-superieure\/#breadcrumb","itemListElement":[{"@type":"ListItem","position":1,"name":"Home","item":"https:\/\/www.cadellarte.com\/fr\/"},{"@type":"ListItem","position":2,"name":"Nos chambres","item":"https:\/\/www.cadellarte.com\/fr\/nos-chambres\/"},{"@type":"ListItem","position":3,"name":"Chambre sup\u00e9rieure"}]},{"@type":"WebSite","@id":"https:\/\/www.cadellarte.com\/fr\/#website","url":"https:\/\/www.cadellarte.com\/fr\/","name":"Ca\u2019 dell\u2019Arte","description":"Ecco un altro sito ms.decms.eu","potentialAction":[{"@type":"SearchAction","target":{"@type":"EntryPoint","urlTemplate":"https:\/\/www.cadellarte.com\/fr\/?s={search_term_string}"},"query-input":{"@type":"PropertyValueSpecification","valueRequired":true,"valueName":"search_term_string"}}],"inLanguage":"fr-FR"}]}},"acf":[],"_links":{"self":[{"href":"https:\/\/www.cadellarte.com\/fr\/wp-json\/wp\/v2\/pages\/291","targetHints":{"allow":["GET"]}}],"collection":[{"href":"https:\/\/www.cadellarte.com\/fr\/wp-json\/wp\/v2\/pages"}],"about":[{"href":"https:\/\/www.cadellarte.com\/fr\/wp-json\/wp\/v2\/types\/page"}],"author":[{"embeddable":true,"href":"https:\/\/www.cadellarte.com\/fr\/wp-json\/wp\/v2\/users\/13"}],"replies":[{"embeddable":true,"href":"https:\/\/www.cadellarte.com\/fr\/wp-json\/wp\/v2\/comments?post=291"}],"version-history":[{"count":0,"href":"https:\/\/www.cadellarte.com\/fr\/wp-json\/wp\/v2\/pages\/291\/revisions"}],"up":[{"embeddable":true,"href":"https:\/\/www.cadellarte.com\/fr\/wp-json\/wp\/v2\/pages\/285"}],"wp:attachment":[{"href":"https:\/\/www.cadellarte.com\/fr\/wp-json\/wp\/v2\/media?parent=291"}],"curies":[{"name":"wp","href":"https:\/\/api.w.org\/{rel}","templated":true}]}}