{"id":309,"date":"2021-07-02T17:05:58","date_gmt":"2021-07-02T15:05:58","guid":{"rendered":"https:\/\/cadellarte.ms.decms.eu\/?page_id=309"},"modified":"2021-10-15T12:15:35","modified_gmt":"2021-10-15T10:15:35","slug":"par-bateau","status":"publish","type":"page","link":"https:\/\/www.cadellarte.com\/fr\/ou-nous-sommes\/par-bateau\/","title":{"rendered":"Par bateau"},"content":{"rendered":"<p>Pour nous rejoindre depuis le terminal de croisi\u00e8re (normalement pour MSC, Costa, Carnival, P &amp;O, Princess, Cunard, Aida, etc.), vous pouvez prendre un bateau-taxi de service public (bande jaune) de l\u2019atterrissage flottant \u00e0 proximit\u00e9 qui en environ 15\/20 minutes vous m\u00e8nera directement \u00e0 San Samuele; ou marchez jusqu\u2019\u00e0 l\u2019arr\u00eat de train \u00ab People Mover \u00bb \u00e0 proximit\u00e9, prenez-le et rendez-vous \u00e0 Piazzale Roma et de l\u00e0, prenez la ligne de vaporetto publique 1 qui arrive en 30 minutes \u00e0 l\u2019arr\u00eat de San Samuele<\/p>\n<p>Pour nous rejoindre depuis le terminal San Basilio (normalement vers Venezialines, Windstar, Yachts Charter, Club Med) depuis la jet\u00e9e flottante ACTV \u00e0 proximit\u00e9, vous pouvez prendre un bateau-taxi priv\u00e9 confortable (bande jaune) qui vous m\u00e8nera directement \u00e0 San Samuele.<\/p>\n","protected":false},"excerpt":{"rendered":"<p>Pour nous rejoindre depuis le terminal de croisi\u00e8re (normalement pour MSC, Costa, Carnival, P &amp;O, Princess, Cunard, Aida, etc.), vous pouvez prendre un bateau-taxi de service public (bande jaune) de l\u2019atterrissage flottant \u00e0 proximit\u00e9 qui en environ 15\/20 minutes vous m\u00e8nera directement \u00e0 San Samuele; ou marchez jusqu\u2019\u00e0 l\u2019arr\u00eat de train \u00ab People Mover \u00bb [&hellip;]<\/p>\n","protected":false},"author":13,"featured_media":0,"parent":277,"menu_order":50,"comment_status":"closed","ping_status":"closed","template":"","meta":{"footnotes":""},"class_list":["post-309","page","type-page","status-publish","hentry"],"yoast_head":"<!-- This site is optimized with the Yoast SEO plugin v26.9 - https:\/\/yoast.com\/product\/yoast-seo-wordpress\/ -->\n<title>Par bateau ~ Ca\u2019 dell\u2019Arte ~<\/title>\n<meta name=\"description\" content=\"Pour nous rejoindre depuis le terminal de croisi\u00e8re (normalement pour MSC, Costa, Carnival, P &amp;O, Princess, Cunard, Aida, etc.), vous pouvez prendre un bateau-taxi de service public (bande jaune) de l\u2019atterrissage flottant \u00e0 proximit\u00e9 qui en environ 15\/20 minutes vous m\u00e8nera directement \u00e0 San Samuele; ou marchez jusqu\u2019\u00e0 l\u2019arr\u00eat de train \u00ab People Mover \u00bb \u00e0 proximit\u00e9, prenez-le et rendez-vous \u00e0 Piazzale Roma et de l\u00e0, prenez la ligne de vaporetto publique 1 qui arrive en 30 minutes \u00e0 l\u2019arr\u00eat de San Samuele  Pour nous rejoindre depuis le terminal San Basilio (normalement vers Venezialines, Windstar, Yachts Charter, Club Med) depuis la jet\u00e9e flottante ACTV \u00e0 proximit\u00e9, vous pouvez prendre un bateau-taxi priv\u00e9 confortable (bande jaune) qui vous m\u00e8nera directement \u00e0 San Samuele..\" \/>\n<meta name=\"robots\" content=\"index, follow, max-snippet:-1, max-image-preview:large, max-video-preview:-1\" \/>\n<link rel=\"canonical\" href=\"https:\/\/www.cadellarte.com\/fr\/ou-nous-sommes\/par-bateau\/\" \/>\n<meta property=\"og:locale\" content=\"fr_FR\" \/>\n<meta property=\"og:type\" content=\"article\" \/>\n<meta property=\"og:title\" content=\"Par bateau ~ Ca\u2019 dell\u2019Arte ~\" \/>\n<meta property=\"og:description\" content=\"Pour nous rejoindre depuis le terminal de croisi\u00e8re (normalement pour MSC, Costa, Carnival, P &amp;O, Princess, Cunard, Aida, etc.), vous pouvez prendre un bateau-taxi de service public (bande jaune) de l\u2019atterrissage flottant \u00e0 proximit\u00e9 qui en environ 15\/20 minutes vous m\u00e8nera directement \u00e0 San Samuele; ou marchez jusqu\u2019\u00e0 l\u2019arr\u00eat de train \u00ab People Mover \u00bb \u00e0 proximit\u00e9, prenez-le et rendez-vous \u00e0 Piazzale Roma et de l\u00e0, prenez la ligne de vaporetto publique 1 qui arrive en 30 minutes \u00e0 l\u2019arr\u00eat de San Samuele  Pour nous rejoindre depuis le terminal San Basilio (normalement vers Venezialines, Windstar, Yachts Charter, Club Med) depuis la jet\u00e9e flottante ACTV \u00e0 proximit\u00e9, vous pouvez prendre un bateau-taxi priv\u00e9 confortable (bande jaune) qui vous m\u00e8nera directement \u00e0 San Samuele..\" \/>\n<meta property=\"og:url\" content=\"https:\/\/www.cadellarte.com\/fr\/ou-nous-sommes\/par-bateau\/\" \/>\n<meta property=\"og:site_name\" content=\"Ca\u2019 dell\u2019Arte\" \/>\n<meta property=\"article:modified_time\" content=\"2021-10-15T10:15:35+00:00\" \/>\n<meta name=\"twitter:card\" content=\"summary_large_image\" \/>\n<meta name=\"twitter:label1\" content=\"Dur\u00e9e de lecture estim\u00e9e\" \/>\n\t<meta name=\"twitter:data1\" content=\"1 minute\" \/>\n<script type=\"application\/ld+json\" class=\"yoast-schema-graph\">{\"@context\":\"https:\/\/schema.org\",\"@graph\":[{\"@type\":\"WebPage\",\"@id\":\"https:\/\/www.cadellarte.com\/fr\/ou-nous-sommes\/par-bateau\/\",\"url\":\"https:\/\/www.cadellarte.com\/fr\/ou-nous-sommes\/par-bateau\/\",\"name\":\"Par bateau ~ Ca\u2019 dell\u2019Arte ~\",\"isPartOf\":{\"@id\":\"https:\/\/www.cadellarte.com\/fr\/#website\"},\"datePublished\":\"2021-07-02T15:05:58+00:00\",\"dateModified\":\"2021-10-15T10:15:35+00:00\",\"description\":\"Pour nous rejoindre depuis le terminal de croisi\u00e8re (normalement pour MSC, Costa, Carnival, P &amp;O, Princess, Cunard, Aida, etc.), vous pouvez prendre un bateau-taxi de service public (bande jaune) de l\u2019atterrissage flottant \u00e0 proximit\u00e9 qui en environ 15\/20 minutes vous m\u00e8nera directement \u00e0 San Samuele; ou marchez jusqu\u2019\u00e0 l\u2019arr\u00eat de train \u00ab People Mover \u00bb \u00e0 proximit\u00e9, prenez-le et rendez-vous \u00e0 Piazzale Roma et de l\u00e0, prenez la ligne de vaporetto publique 1 qui arrive en 30 minutes \u00e0 l\u2019arr\u00eat de San Samuele Pour nous rejoindre depuis le terminal San Basilio (normalement vers Venezialines, Windstar, Yachts Charter, Club Med) depuis la jet\u00e9e flottante ACTV \u00e0 proximit\u00e9, vous pouvez prendre un bateau-taxi priv\u00e9 confortable (bande jaune) qui vous m\u00e8nera directement \u00e0 San Samuele..\",\"breadcrumb\":{\"@id\":\"https:\/\/www.cadellarte.com\/fr\/ou-nous-sommes\/par-bateau\/#breadcrumb\"},\"inLanguage\":\"fr-FR\",\"potentialAction\":[{\"@type\":\"ReadAction\",\"target\":[\"https:\/\/www.cadellarte.com\/fr\/ou-nous-sommes\/par-bateau\/\"]}]},{\"@type\":\"BreadcrumbList\",\"@id\":\"https:\/\/www.cadellarte.com\/fr\/ou-nous-sommes\/par-bateau\/#breadcrumb\",\"itemListElement\":[{\"@type\":\"ListItem\",\"position\":1,\"name\":\"Home\",\"item\":\"https:\/\/www.cadellarte.com\/fr\/\"},{\"@type\":\"ListItem\",\"position\":2,\"name\":\"O\u00f9 nous sommes\",\"item\":\"https:\/\/www.cadellarte.com\/fr\/ou-nous-sommes\/\"},{\"@type\":\"ListItem\",\"position\":3,\"name\":\"Par bateau\"}]},{\"@type\":\"WebSite\",\"@id\":\"https:\/\/www.cadellarte.com\/fr\/#website\",\"url\":\"https:\/\/www.cadellarte.com\/fr\/\",\"name\":\"Ca\u2019 dell\u2019Arte\",\"description\":\"Ecco un altro sito ms.decms.eu\",\"potentialAction\":[{\"@type\":\"SearchAction\",\"target\":{\"@type\":\"EntryPoint\",\"urlTemplate\":\"https:\/\/www.cadellarte.com\/fr\/?s={search_term_string}\"},\"query-input\":{\"@type\":\"PropertyValueSpecification\",\"valueRequired\":true,\"valueName\":\"search_term_string\"}}],\"inLanguage\":\"fr-FR\"}]}<\/script>\n<!-- \/ Yoast SEO plugin. -->","yoast_head_json":{"title":"Par bateau ~ Ca\u2019 dell\u2019Arte ~","description":"Pour nous rejoindre depuis le terminal de croisi\u00e8re (normalement pour MSC, Costa, Carnival, P &amp;O, Princess, Cunard, Aida, etc.), vous pouvez prendre un bateau-taxi de service public (bande jaune) de l\u2019atterrissage flottant \u00e0 proximit\u00e9 qui en environ 15\/20 minutes vous m\u00e8nera directement \u00e0 San Samuele; ou marchez jusqu\u2019\u00e0 l\u2019arr\u00eat de train \u00ab People Mover \u00bb \u00e0 proximit\u00e9, prenez-le et rendez-vous \u00e0 Piazzale Roma et de l\u00e0, prenez la ligne de vaporetto publique 1 qui arrive en 30 minutes \u00e0 l\u2019arr\u00eat de San Samuele  Pour nous rejoindre depuis le terminal San Basilio (normalement vers Venezialines, Windstar, Yachts Charter, Club Med) depuis la jet\u00e9e flottante ACTV \u00e0 proximit\u00e9, vous pouvez prendre un bateau-taxi priv\u00e9 confortable (bande jaune) qui vous m\u00e8nera directement \u00e0 San Samuele..","robots":{"index":"index","follow":"follow","max-snippet":"max-snippet:-1","max-image-preview":"max-image-preview:large","max-video-preview":"max-video-preview:-1"},"canonical":"https:\/\/www.cadellarte.com\/fr\/ou-nous-sommes\/par-bateau\/","og_locale":"fr_FR","og_type":"article","og_title":"Par bateau ~ Ca\u2019 dell\u2019Arte ~","og_description":"Pour nous rejoindre depuis le terminal de croisi\u00e8re (normalement pour MSC, Costa, Carnival, P &amp;O, Princess, Cunard, Aida, etc.), vous pouvez prendre un bateau-taxi de service public (bande jaune) de l\u2019atterrissage flottant \u00e0 proximit\u00e9 qui en environ 15\/20 minutes vous m\u00e8nera directement \u00e0 San Samuele; ou marchez jusqu\u2019\u00e0 l\u2019arr\u00eat de train \u00ab People Mover \u00bb \u00e0 proximit\u00e9, prenez-le et rendez-vous \u00e0 Piazzale Roma et de l\u00e0, prenez la ligne de vaporetto publique 1 qui arrive en 30 minutes \u00e0 l\u2019arr\u00eat de San Samuele  Pour nous rejoindre depuis le terminal San Basilio (normalement vers Venezialines, Windstar, Yachts Charter, Club Med) depuis la jet\u00e9e flottante ACTV \u00e0 proximit\u00e9, vous pouvez prendre un bateau-taxi priv\u00e9 confortable (bande jaune) qui vous m\u00e8nera directement \u00e0 San Samuele..","og_url":"https:\/\/www.cadellarte.com\/fr\/ou-nous-sommes\/par-bateau\/","og_site_name":"Ca\u2019 dell\u2019Arte","article_modified_time":"2021-10-15T10:15:35+00:00","twitter_card":"summary_large_image","twitter_misc":{"Dur\u00e9e de lecture estim\u00e9e":"1 minute"},"schema":{"@context":"https:\/\/schema.org","@graph":[{"@type":"WebPage","@id":"https:\/\/www.cadellarte.com\/fr\/ou-nous-sommes\/par-bateau\/","url":"https:\/\/www.cadellarte.com\/fr\/ou-nous-sommes\/par-bateau\/","name":"Par bateau ~ Ca\u2019 dell\u2019Arte ~","isPartOf":{"@id":"https:\/\/www.cadellarte.com\/fr\/#website"},"datePublished":"2021-07-02T15:05:58+00:00","dateModified":"2021-10-15T10:15:35+00:00","description":"Pour nous rejoindre depuis le terminal de croisi\u00e8re (normalement pour MSC, Costa, Carnival, P &amp;O, Princess, Cunard, Aida, etc.), vous pouvez prendre un bateau-taxi de service public (bande jaune) de l\u2019atterrissage flottant \u00e0 proximit\u00e9 qui en environ 15\/20 minutes vous m\u00e8nera directement \u00e0 San Samuele; ou marchez jusqu\u2019\u00e0 l\u2019arr\u00eat de train \u00ab People Mover \u00bb \u00e0 proximit\u00e9, prenez-le et rendez-vous \u00e0 Piazzale Roma et de l\u00e0, prenez la ligne de vaporetto publique 1 qui arrive en 30 minutes \u00e0 l\u2019arr\u00eat de San Samuele Pour nous rejoindre depuis le terminal San Basilio (normalement vers Venezialines, Windstar, Yachts Charter, Club Med) depuis la jet\u00e9e flottante ACTV \u00e0 proximit\u00e9, vous pouvez prendre un bateau-taxi priv\u00e9 confortable (bande jaune) qui vous m\u00e8nera directement \u00e0 San Samuele..","breadcrumb":{"@id":"https:\/\/www.cadellarte.com\/fr\/ou-nous-sommes\/par-bateau\/#breadcrumb"},"inLanguage":"fr-FR","potentialAction":[{"@type":"ReadAction","target":["https:\/\/www.cadellarte.com\/fr\/ou-nous-sommes\/par-bateau\/"]}]},{"@type":"BreadcrumbList","@id":"https:\/\/www.cadellarte.com\/fr\/ou-nous-sommes\/par-bateau\/#breadcrumb","itemListElement":[{"@type":"ListItem","position":1,"name":"Home","item":"https:\/\/www.cadellarte.com\/fr\/"},{"@type":"ListItem","position":2,"name":"O\u00f9 nous sommes","item":"https:\/\/www.cadellarte.com\/fr\/ou-nous-sommes\/"},{"@type":"ListItem","position":3,"name":"Par bateau"}]},{"@type":"WebSite","@id":"https:\/\/www.cadellarte.com\/fr\/#website","url":"https:\/\/www.cadellarte.com\/fr\/","name":"Ca\u2019 dell\u2019Arte","description":"Ecco un altro sito ms.decms.eu","potentialAction":[{"@type":"SearchAction","target":{"@type":"EntryPoint","urlTemplate":"https:\/\/www.cadellarte.com\/fr\/?s={search_term_string}"},"query-input":{"@type":"PropertyValueSpecification","valueRequired":true,"valueName":"search_term_string"}}],"inLanguage":"fr-FR"}]}},"acf":[],"_links":{"self":[{"href":"https:\/\/www.cadellarte.com\/fr\/wp-json\/wp\/v2\/pages\/309","targetHints":{"allow":["GET"]}}],"collection":[{"href":"https:\/\/www.cadellarte.com\/fr\/wp-json\/wp\/v2\/pages"}],"about":[{"href":"https:\/\/www.cadellarte.com\/fr\/wp-json\/wp\/v2\/types\/page"}],"author":[{"embeddable":true,"href":"https:\/\/www.cadellarte.com\/fr\/wp-json\/wp\/v2\/users\/13"}],"replies":[{"embeddable":true,"href":"https:\/\/www.cadellarte.com\/fr\/wp-json\/wp\/v2\/comments?post=309"}],"version-history":[{"count":0,"href":"https:\/\/www.cadellarte.com\/fr\/wp-json\/wp\/v2\/pages\/309\/revisions"}],"up":[{"embeddable":true,"href":"https:\/\/www.cadellarte.com\/fr\/wp-json\/wp\/v2\/pages\/277"}],"wp:attachment":[{"href":"https:\/\/www.cadellarte.com\/fr\/wp-json\/wp\/v2\/media?parent=309"}],"curies":[{"name":"wp","href":"https:\/\/api.w.org\/{rel}","templated":true}]}}