{"id":316,"date":"2021-07-02T17:27:23","date_gmt":"2021-07-02T15:27:23","guid":{"rendered":"https:\/\/cadellarte.ms.decms.eu\/?page_id=316"},"modified":"2022-07-21T14:00:04","modified_gmt":"2022-07-21T12:00:04","slug":"aeroport-marco-polo-venise","status":"publish","type":"page","link":"https:\/\/www.cadellarte.com\/fr\/ou-nous-sommes\/aeroport-marco-polo-venise\/","title":{"rendered":"A\u00e9roport Marco Polo (Venise)"},"content":{"rendered":"<p>Depuis l&rsquo;a\u00e9roport international \u00ab\u00a0Marco Polo\u00a0\u00bb de Venise, la navette fluviale \u00ab\u00a0Alilaguna\u00a0\u00bb (ligne orange) est disponible &#8211; qui vous emm\u00e8ne \u00e0 Sant&rsquo;Angelo en 45 minutes, \u00e0 5 minutes de Ca &lsquo;dell&rsquo;Arte, accessible en suivant les panneaux pour Palazzo Grassi &#8211; et le bateau-taxi avec un arr\u00eat \u00e0 San Samuele, \u00e0 proximit\u00e9 imm\u00e9diate de notre structure.<\/p>\n<p>Sinon, une fois \u00e0 l&rsquo;a\u00e9roport, utilisez le bus ACTV no. 5 ou le bus ATVO pour Venise, Piazzale Roma (20 minutes). Une fois arriv\u00e9 au terminal des voitures de la ville, continuez avec le vaporetto 1 en direction de San Marco et descendez \u00e0 l&rsquo;arr\u00eat \u00ab San Samuele \u00bb. Ca &lsquo;dell&rsquo;Arte vous attend \u00e0 seulement 50 m\u00e8tres.<\/p>\n<p>Avec un bateau-taxi priv\u00e9, vous pouvez rejoindre confortablement C\u00e0 dell&rsquo;Arte et vivre une exp\u00e9rience incroyable en naviguant sur la lagune v\u00e9nitienne et le Grand Canal.<\/p>\n<p><strong><a href=\"http:\/\/www.live-venice.it\">www.live-venice.it<\/a><\/strong><\/p>\n","protected":false},"excerpt":{"rendered":"<p>Depuis l&rsquo;a\u00e9roport international \u00ab\u00a0Marco Polo\u00a0\u00bb de Venise, la navette fluviale \u00ab\u00a0Alilaguna\u00a0\u00bb (ligne orange) est disponible &#8211; qui vous emm\u00e8ne \u00e0 Sant&rsquo;Angelo en 45 minutes, \u00e0 5 minutes de Ca &lsquo;dell&rsquo;Arte, accessible en suivant les panneaux pour Palazzo Grassi &#8211; et le bateau-taxi avec un arr\u00eat \u00e0 San Samuele, \u00e0 proximit\u00e9 imm\u00e9diate de notre structure. Sinon, [&hellip;]<\/p>\n","protected":false},"author":13,"featured_media":0,"parent":277,"menu_order":10,"comment_status":"closed","ping_status":"closed","template":"","meta":{"footnotes":""},"class_list":["post-316","page","type-page","status-publish","hentry"],"yoast_head":"<!-- This site is optimized with the Yoast SEO plugin v26.9 - https:\/\/yoast.com\/product\/yoast-seo-wordpress\/ -->\n<title>A\u00e9roport Marco Polo (Venise) ~ Ca\u2019 dell\u2019Arte ~<\/title>\n<meta name=\"description\" content=\"Depuis l&#039;a\u00e9roport international &quot;Marco Polo&quot; de Venise, la navette fluviale &quot;Alilaguna&quot; (ligne orange) est disponible - qui vous emm\u00e8ne \u00e0 Sant&#039;Angelo en 45 minutes, \u00e0 5 minutes de Ca &#039;dell&#039;Arte, accessible en suivant les panneaux pour Palazzo Grassi - et le bateau-taxi avec un arr\u00eat \u00e0 San Samuele, \u00e0 proximit\u00e9 imm\u00e9diate de notre structure.  Sinon, une fois \u00e0 l&#039;a\u00e9roport, utilisez le bus ACTV no. 5 ou le bus ATVO pour Venise, Piazzale Roma (20 minutes)\" \/>\n<meta name=\"robots\" content=\"index, follow, max-snippet:-1, max-image-preview:large, max-video-preview:-1\" \/>\n<link rel=\"canonical\" href=\"https:\/\/www.cadellarte.com\/fr\/ou-nous-sommes\/aeroport-marco-polo-venise\/\" \/>\n<meta property=\"og:locale\" content=\"fr_FR\" \/>\n<meta property=\"og:type\" content=\"article\" \/>\n<meta property=\"og:title\" content=\"A\u00e9roport Marco Polo (Venise) ~ Ca\u2019 dell\u2019Arte ~\" \/>\n<meta property=\"og:description\" content=\"Depuis l&#039;a\u00e9roport international &quot;Marco Polo&quot; de Venise, la navette fluviale &quot;Alilaguna&quot; (ligne orange) est disponible - qui vous emm\u00e8ne \u00e0 Sant&#039;Angelo en 45 minutes, \u00e0 5 minutes de Ca &#039;dell&#039;Arte, accessible en suivant les panneaux pour Palazzo Grassi - et le bateau-taxi avec un arr\u00eat \u00e0 San Samuele, \u00e0 proximit\u00e9 imm\u00e9diate de notre structure.  Sinon, une fois \u00e0 l&#039;a\u00e9roport, utilisez le bus ACTV no. 5 ou le bus ATVO pour Venise, Piazzale Roma (20 minutes)\" \/>\n<meta property=\"og:url\" content=\"https:\/\/www.cadellarte.com\/fr\/ou-nous-sommes\/aeroport-marco-polo-venise\/\" \/>\n<meta property=\"og:site_name\" content=\"Ca\u2019 dell\u2019Arte\" \/>\n<meta property=\"article:modified_time\" content=\"2022-07-21T12:00:04+00:00\" \/>\n<meta name=\"twitter:card\" content=\"summary_large_image\" \/>\n<meta name=\"twitter:label1\" content=\"Dur\u00e9e de lecture estim\u00e9e\" \/>\n\t<meta name=\"twitter:data1\" content=\"1 minute\" \/>\n<script type=\"application\/ld+json\" class=\"yoast-schema-graph\">{\"@context\":\"https:\/\/schema.org\",\"@graph\":[{\"@type\":\"WebPage\",\"@id\":\"https:\/\/www.cadellarte.com\/fr\/ou-nous-sommes\/aeroport-marco-polo-venise\/\",\"url\":\"https:\/\/www.cadellarte.com\/fr\/ou-nous-sommes\/aeroport-marco-polo-venise\/\",\"name\":\"A\u00e9roport Marco Polo (Venise) ~ Ca\u2019 dell\u2019Arte ~\",\"isPartOf\":{\"@id\":\"https:\/\/www.cadellarte.com\/fr\/#website\"},\"datePublished\":\"2021-07-02T15:27:23+00:00\",\"dateModified\":\"2022-07-21T12:00:04+00:00\",\"description\":\"Depuis l'a\u00e9roport international \\\"Marco Polo\\\" de Venise, la navette fluviale \\\"Alilaguna\\\" (ligne orange) est disponible - qui vous emm\u00e8ne \u00e0 Sant'Angelo en 45 minutes, \u00e0 5 minutes de Ca 'dell'Arte, accessible en suivant les panneaux pour Palazzo Grassi - et le bateau-taxi avec un arr\u00eat \u00e0 San Samuele, \u00e0 proximit\u00e9 imm\u00e9diate de notre structure. Sinon, une fois \u00e0 l'a\u00e9roport, utilisez le bus ACTV no. 5 ou le bus ATVO pour Venise, Piazzale Roma (20 minutes)\",\"breadcrumb\":{\"@id\":\"https:\/\/www.cadellarte.com\/fr\/ou-nous-sommes\/aeroport-marco-polo-venise\/#breadcrumb\"},\"inLanguage\":\"fr-FR\",\"potentialAction\":[{\"@type\":\"ReadAction\",\"target\":[\"https:\/\/www.cadellarte.com\/fr\/ou-nous-sommes\/aeroport-marco-polo-venise\/\"]}]},{\"@type\":\"BreadcrumbList\",\"@id\":\"https:\/\/www.cadellarte.com\/fr\/ou-nous-sommes\/aeroport-marco-polo-venise\/#breadcrumb\",\"itemListElement\":[{\"@type\":\"ListItem\",\"position\":1,\"name\":\"Home\",\"item\":\"https:\/\/www.cadellarte.com\/fr\/\"},{\"@type\":\"ListItem\",\"position\":2,\"name\":\"O\u00f9 nous sommes\",\"item\":\"https:\/\/www.cadellarte.com\/fr\/ou-nous-sommes\/\"},{\"@type\":\"ListItem\",\"position\":3,\"name\":\"A\u00e9roport Marco Polo (Venise)\"}]},{\"@type\":\"WebSite\",\"@id\":\"https:\/\/www.cadellarte.com\/fr\/#website\",\"url\":\"https:\/\/www.cadellarte.com\/fr\/\",\"name\":\"Ca\u2019 dell\u2019Arte\",\"description\":\"Ecco un altro sito ms.decms.eu\",\"potentialAction\":[{\"@type\":\"SearchAction\",\"target\":{\"@type\":\"EntryPoint\",\"urlTemplate\":\"https:\/\/www.cadellarte.com\/fr\/?s={search_term_string}\"},\"query-input\":{\"@type\":\"PropertyValueSpecification\",\"valueRequired\":true,\"valueName\":\"search_term_string\"}}],\"inLanguage\":\"fr-FR\"}]}<\/script>\n<!-- \/ Yoast SEO plugin. -->","yoast_head_json":{"title":"A\u00e9roport Marco Polo (Venise) ~ Ca\u2019 dell\u2019Arte ~","description":"Depuis l'a\u00e9roport international \"Marco Polo\" de Venise, la navette fluviale \"Alilaguna\" (ligne orange) est disponible - qui vous emm\u00e8ne \u00e0 Sant'Angelo en 45 minutes, \u00e0 5 minutes de Ca 'dell'Arte, accessible en suivant les panneaux pour Palazzo Grassi - et le bateau-taxi avec un arr\u00eat \u00e0 San Samuele, \u00e0 proximit\u00e9 imm\u00e9diate de notre structure.  Sinon, une fois \u00e0 l'a\u00e9roport, utilisez le bus ACTV no. 5 ou le bus ATVO pour Venise, Piazzale Roma (20 minutes)","robots":{"index":"index","follow":"follow","max-snippet":"max-snippet:-1","max-image-preview":"max-image-preview:large","max-video-preview":"max-video-preview:-1"},"canonical":"https:\/\/www.cadellarte.com\/fr\/ou-nous-sommes\/aeroport-marco-polo-venise\/","og_locale":"fr_FR","og_type":"article","og_title":"A\u00e9roport Marco Polo (Venise) ~ Ca\u2019 dell\u2019Arte ~","og_description":"Depuis l'a\u00e9roport international \"Marco Polo\" de Venise, la navette fluviale \"Alilaguna\" (ligne orange) est disponible - qui vous emm\u00e8ne \u00e0 Sant'Angelo en 45 minutes, \u00e0 5 minutes de Ca 'dell'Arte, accessible en suivant les panneaux pour Palazzo Grassi - et le bateau-taxi avec un arr\u00eat \u00e0 San Samuele, \u00e0 proximit\u00e9 imm\u00e9diate de notre structure.  Sinon, une fois \u00e0 l'a\u00e9roport, utilisez le bus ACTV no. 5 ou le bus ATVO pour Venise, Piazzale Roma (20 minutes)","og_url":"https:\/\/www.cadellarte.com\/fr\/ou-nous-sommes\/aeroport-marco-polo-venise\/","og_site_name":"Ca\u2019 dell\u2019Arte","article_modified_time":"2022-07-21T12:00:04+00:00","twitter_card":"summary_large_image","twitter_misc":{"Dur\u00e9e de lecture estim\u00e9e":"1 minute"},"schema":{"@context":"https:\/\/schema.org","@graph":[{"@type":"WebPage","@id":"https:\/\/www.cadellarte.com\/fr\/ou-nous-sommes\/aeroport-marco-polo-venise\/","url":"https:\/\/www.cadellarte.com\/fr\/ou-nous-sommes\/aeroport-marco-polo-venise\/","name":"A\u00e9roport Marco Polo (Venise) ~ Ca\u2019 dell\u2019Arte ~","isPartOf":{"@id":"https:\/\/www.cadellarte.com\/fr\/#website"},"datePublished":"2021-07-02T15:27:23+00:00","dateModified":"2022-07-21T12:00:04+00:00","description":"Depuis l'a\u00e9roport international \"Marco Polo\" de Venise, la navette fluviale \"Alilaguna\" (ligne orange) est disponible - qui vous emm\u00e8ne \u00e0 Sant'Angelo en 45 minutes, \u00e0 5 minutes de Ca 'dell'Arte, accessible en suivant les panneaux pour Palazzo Grassi - et le bateau-taxi avec un arr\u00eat \u00e0 San Samuele, \u00e0 proximit\u00e9 imm\u00e9diate de notre structure. Sinon, une fois \u00e0 l'a\u00e9roport, utilisez le bus ACTV no. 5 ou le bus ATVO pour Venise, Piazzale Roma (20 minutes)","breadcrumb":{"@id":"https:\/\/www.cadellarte.com\/fr\/ou-nous-sommes\/aeroport-marco-polo-venise\/#breadcrumb"},"inLanguage":"fr-FR","potentialAction":[{"@type":"ReadAction","target":["https:\/\/www.cadellarte.com\/fr\/ou-nous-sommes\/aeroport-marco-polo-venise\/"]}]},{"@type":"BreadcrumbList","@id":"https:\/\/www.cadellarte.com\/fr\/ou-nous-sommes\/aeroport-marco-polo-venise\/#breadcrumb","itemListElement":[{"@type":"ListItem","position":1,"name":"Home","item":"https:\/\/www.cadellarte.com\/fr\/"},{"@type":"ListItem","position":2,"name":"O\u00f9 nous sommes","item":"https:\/\/www.cadellarte.com\/fr\/ou-nous-sommes\/"},{"@type":"ListItem","position":3,"name":"A\u00e9roport Marco Polo (Venise)"}]},{"@type":"WebSite","@id":"https:\/\/www.cadellarte.com\/fr\/#website","url":"https:\/\/www.cadellarte.com\/fr\/","name":"Ca\u2019 dell\u2019Arte","description":"Ecco un altro sito ms.decms.eu","potentialAction":[{"@type":"SearchAction","target":{"@type":"EntryPoint","urlTemplate":"https:\/\/www.cadellarte.com\/fr\/?s={search_term_string}"},"query-input":{"@type":"PropertyValueSpecification","valueRequired":true,"valueName":"search_term_string"}}],"inLanguage":"fr-FR"}]}},"acf":[],"_links":{"self":[{"href":"https:\/\/www.cadellarte.com\/fr\/wp-json\/wp\/v2\/pages\/316","targetHints":{"allow":["GET"]}}],"collection":[{"href":"https:\/\/www.cadellarte.com\/fr\/wp-json\/wp\/v2\/pages"}],"about":[{"href":"https:\/\/www.cadellarte.com\/fr\/wp-json\/wp\/v2\/types\/page"}],"author":[{"embeddable":true,"href":"https:\/\/www.cadellarte.com\/fr\/wp-json\/wp\/v2\/users\/13"}],"replies":[{"embeddable":true,"href":"https:\/\/www.cadellarte.com\/fr\/wp-json\/wp\/v2\/comments?post=316"}],"version-history":[{"count":0,"href":"https:\/\/www.cadellarte.com\/fr\/wp-json\/wp\/v2\/pages\/316\/revisions"}],"up":[{"embeddable":true,"href":"https:\/\/www.cadellarte.com\/fr\/wp-json\/wp\/v2\/pages\/277"}],"wp:attachment":[{"href":"https:\/\/www.cadellarte.com\/fr\/wp-json\/wp\/v2\/media?parent=316"}],"curies":[{"name":"wp","href":"https:\/\/api.w.org\/{rel}","templated":true}]}}