{"id":317,"date":"2021-07-02T17:27:53","date_gmt":"2021-07-02T15:27:53","guid":{"rendered":"https:\/\/cadellarte.ms.decms.eu\/?page_id=317"},"modified":"2022-07-21T14:01:12","modified_gmt":"2022-07-21T12:01:12","slug":"aeroport-antonio-canova-trevise","status":"publish","type":"page","link":"https:\/\/www.cadellarte.com\/fr\/ou-nous-sommes\/aeroport-antonio-canova-trevise\/","title":{"rendered":"A\u00e9roport Antonio Canova (Tr\u00e9vise)"},"content":{"rendered":"<p>Si vous arrivez de l&rsquo;a\u00e9roport de Tr\u00e9vise \u00ab\u00a0Canova\u00a0\u00bb, prenez le bus ATVO direct pour Venise &#8211; Piazzale Roma.<\/p>\n<p>Une fois arriv\u00e9 au terminal automobile de la ville, continuez avec le vaporetto 1 en direction de San Marco et descendez \u00e0 l\u2019arr\u00eat \u00ab\u00a0San Samuele\u00a0\u00bb. Ca &lsquo;dell\u2019Arte vous attend \u00e0 seulement 50 m\u00e8tres.<\/p>\n<p>Avec un bateau-taxi priv\u00e9, vous pouvez rejoindre C\u00e0 dell\u2019Arte confortablement et profiter d\u2019une exp\u00e9rience incroyable en naviguant sur la lagune v\u00e9nitienne et le Grand Canal.<\/p>\n<p><strong><a href=\"http:\/\/www.live-venice.it\">www.live-venice.it<\/a><\/strong><\/p>\n","protected":false},"excerpt":{"rendered":"<p>Si vous arrivez de l&rsquo;a\u00e9roport de Tr\u00e9vise \u00ab\u00a0Canova\u00a0\u00bb, prenez le bus ATVO direct pour Venise &#8211; Piazzale Roma. Une fois arriv\u00e9 au terminal automobile de la ville, continuez avec le vaporetto 1 en direction de San Marco et descendez \u00e0 l\u2019arr\u00eat \u00ab\u00a0San Samuele\u00a0\u00bb. Ca &lsquo;dell\u2019Arte vous attend \u00e0 seulement 50 m\u00e8tres. Avec un bateau-taxi priv\u00e9, [&hellip;]<\/p>\n","protected":false},"author":13,"featured_media":0,"parent":277,"menu_order":20,"comment_status":"closed","ping_status":"closed","template":"","meta":{"footnotes":""},"class_list":["post-317","page","type-page","status-publish","hentry"],"yoast_head":"<!-- This site is optimized with the Yoast SEO plugin v26.9 - https:\/\/yoast.com\/product\/yoast-seo-wordpress\/ -->\n<title>A\u00e9roport Antonio Canova (Tr\u00e9vise) ~ Ca\u2019 dell\u2019Arte ~<\/title>\n<meta name=\"description\" content=\"Si vous arrivez de l&#039;a\u00e9roport de Tr\u00e9vise &quot;Canova&quot;, prenez le bus ATVO direct pour Venise - Piazzale Roma.  Une fois arriv\u00e9 au terminal automobile de la ville, continuez avec le vaporetto 1 en direction de San Marco et descendez \u00e0 l\u2019arr\u00eat \u00ab\u00a0San Samuele\u00a0\u00bb. Ca &#039;dell\u2019Arte vous attend \u00e0 seulement 50 m\u00e8tres.  Avec un bateau-taxi priv\u00e9, vous pouvez rejoindre C\u00e0 dell\u2019Arte confortablement et profiter d\u2019une exp\u00e9rience incroyable en naviguant sur la lagune v\u00e9nitienne et le Grand Canal.  www.live-venice.it\" \/>\n<meta name=\"robots\" content=\"index, follow, max-snippet:-1, max-image-preview:large, max-video-preview:-1\" \/>\n<link rel=\"canonical\" href=\"https:\/\/www.cadellarte.com\/fr\/ou-nous-sommes\/aeroport-antonio-canova-trevise\/\" \/>\n<meta property=\"og:locale\" content=\"fr_FR\" \/>\n<meta property=\"og:type\" content=\"article\" \/>\n<meta property=\"og:title\" content=\"A\u00e9roport Antonio Canova (Tr\u00e9vise) ~ Ca\u2019 dell\u2019Arte ~\" \/>\n<meta property=\"og:description\" content=\"Si vous arrivez de l&#039;a\u00e9roport de Tr\u00e9vise &quot;Canova&quot;, prenez le bus ATVO direct pour Venise - Piazzale Roma.  Une fois arriv\u00e9 au terminal automobile de la ville, continuez avec le vaporetto 1 en direction de San Marco et descendez \u00e0 l\u2019arr\u00eat \u00ab\u00a0San Samuele\u00a0\u00bb. Ca &#039;dell\u2019Arte vous attend \u00e0 seulement 50 m\u00e8tres.  Avec un bateau-taxi priv\u00e9, vous pouvez rejoindre C\u00e0 dell\u2019Arte confortablement et profiter d\u2019une exp\u00e9rience incroyable en naviguant sur la lagune v\u00e9nitienne et le Grand Canal.  www.live-venice.it\" \/>\n<meta property=\"og:url\" content=\"https:\/\/www.cadellarte.com\/fr\/ou-nous-sommes\/aeroport-antonio-canova-trevise\/\" \/>\n<meta property=\"og:site_name\" content=\"Ca\u2019 dell\u2019Arte\" \/>\n<meta property=\"article:modified_time\" content=\"2022-07-21T12:01:12+00:00\" \/>\n<meta name=\"twitter:card\" content=\"summary_large_image\" \/>\n<script type=\"application\/ld+json\" class=\"yoast-schema-graph\">{\"@context\":\"https:\/\/schema.org\",\"@graph\":[{\"@type\":\"WebPage\",\"@id\":\"https:\/\/www.cadellarte.com\/fr\/ou-nous-sommes\/aeroport-antonio-canova-trevise\/\",\"url\":\"https:\/\/www.cadellarte.com\/fr\/ou-nous-sommes\/aeroport-antonio-canova-trevise\/\",\"name\":\"A\u00e9roport Antonio Canova (Tr\u00e9vise) ~ Ca\u2019 dell\u2019Arte ~\",\"isPartOf\":{\"@id\":\"https:\/\/www.cadellarte.com\/fr\/#website\"},\"datePublished\":\"2021-07-02T15:27:53+00:00\",\"dateModified\":\"2022-07-21T12:01:12+00:00\",\"description\":\"Si vous arrivez de l'a\u00e9roport de Tr\u00e9vise \\\"Canova\\\", prenez le bus ATVO direct pour Venise - Piazzale Roma. Une fois arriv\u00e9 au terminal automobile de la ville, continuez avec le vaporetto 1 en direction de San Marco et descendez \u00e0 l\u2019arr\u00eat \u00ab\u00a0San Samuele\u00a0\u00bb. Ca 'dell\u2019Arte vous attend \u00e0 seulement 50 m\u00e8tres. Avec un bateau-taxi priv\u00e9, vous pouvez rejoindre C\u00e0 dell\u2019Arte confortablement et profiter d\u2019une exp\u00e9rience incroyable en naviguant sur la lagune v\u00e9nitienne et le Grand Canal. www.live-venice.it\",\"breadcrumb\":{\"@id\":\"https:\/\/www.cadellarte.com\/fr\/ou-nous-sommes\/aeroport-antonio-canova-trevise\/#breadcrumb\"},\"inLanguage\":\"fr-FR\",\"potentialAction\":[{\"@type\":\"ReadAction\",\"target\":[\"https:\/\/www.cadellarte.com\/fr\/ou-nous-sommes\/aeroport-antonio-canova-trevise\/\"]}]},{\"@type\":\"BreadcrumbList\",\"@id\":\"https:\/\/www.cadellarte.com\/fr\/ou-nous-sommes\/aeroport-antonio-canova-trevise\/#breadcrumb\",\"itemListElement\":[{\"@type\":\"ListItem\",\"position\":1,\"name\":\"Home\",\"item\":\"https:\/\/www.cadellarte.com\/fr\/\"},{\"@type\":\"ListItem\",\"position\":2,\"name\":\"O\u00f9 nous sommes\",\"item\":\"https:\/\/www.cadellarte.com\/fr\/ou-nous-sommes\/\"},{\"@type\":\"ListItem\",\"position\":3,\"name\":\"A\u00e9roport Antonio Canova (Tr\u00e9vise)\"}]},{\"@type\":\"WebSite\",\"@id\":\"https:\/\/www.cadellarte.com\/fr\/#website\",\"url\":\"https:\/\/www.cadellarte.com\/fr\/\",\"name\":\"Ca\u2019 dell\u2019Arte\",\"description\":\"Ecco un altro sito ms.decms.eu\",\"potentialAction\":[{\"@type\":\"SearchAction\",\"target\":{\"@type\":\"EntryPoint\",\"urlTemplate\":\"https:\/\/www.cadellarte.com\/fr\/?s={search_term_string}\"},\"query-input\":{\"@type\":\"PropertyValueSpecification\",\"valueRequired\":true,\"valueName\":\"search_term_string\"}}],\"inLanguage\":\"fr-FR\"}]}<\/script>\n<!-- \/ Yoast SEO plugin. -->","yoast_head_json":{"title":"A\u00e9roport Antonio Canova (Tr\u00e9vise) ~ Ca\u2019 dell\u2019Arte ~","description":"Si vous arrivez de l'a\u00e9roport de Tr\u00e9vise \"Canova\", prenez le bus ATVO direct pour Venise - Piazzale Roma.  Une fois arriv\u00e9 au terminal automobile de la ville, continuez avec le vaporetto 1 en direction de San Marco et descendez \u00e0 l\u2019arr\u00eat \u00ab\u00a0San Samuele\u00a0\u00bb. Ca 'dell\u2019Arte vous attend \u00e0 seulement 50 m\u00e8tres.  Avec un bateau-taxi priv\u00e9, vous pouvez rejoindre C\u00e0 dell\u2019Arte confortablement et profiter d\u2019une exp\u00e9rience incroyable en naviguant sur la lagune v\u00e9nitienne et le Grand Canal.  www.live-venice.it","robots":{"index":"index","follow":"follow","max-snippet":"max-snippet:-1","max-image-preview":"max-image-preview:large","max-video-preview":"max-video-preview:-1"},"canonical":"https:\/\/www.cadellarte.com\/fr\/ou-nous-sommes\/aeroport-antonio-canova-trevise\/","og_locale":"fr_FR","og_type":"article","og_title":"A\u00e9roport Antonio Canova (Tr\u00e9vise) ~ Ca\u2019 dell\u2019Arte ~","og_description":"Si vous arrivez de l'a\u00e9roport de Tr\u00e9vise \"Canova\", prenez le bus ATVO direct pour Venise - Piazzale Roma.  Une fois arriv\u00e9 au terminal automobile de la ville, continuez avec le vaporetto 1 en direction de San Marco et descendez \u00e0 l\u2019arr\u00eat \u00ab\u00a0San Samuele\u00a0\u00bb. Ca 'dell\u2019Arte vous attend \u00e0 seulement 50 m\u00e8tres.  Avec un bateau-taxi priv\u00e9, vous pouvez rejoindre C\u00e0 dell\u2019Arte confortablement et profiter d\u2019une exp\u00e9rience incroyable en naviguant sur la lagune v\u00e9nitienne et le Grand Canal.  www.live-venice.it","og_url":"https:\/\/www.cadellarte.com\/fr\/ou-nous-sommes\/aeroport-antonio-canova-trevise\/","og_site_name":"Ca\u2019 dell\u2019Arte","article_modified_time":"2022-07-21T12:01:12+00:00","twitter_card":"summary_large_image","schema":{"@context":"https:\/\/schema.org","@graph":[{"@type":"WebPage","@id":"https:\/\/www.cadellarte.com\/fr\/ou-nous-sommes\/aeroport-antonio-canova-trevise\/","url":"https:\/\/www.cadellarte.com\/fr\/ou-nous-sommes\/aeroport-antonio-canova-trevise\/","name":"A\u00e9roport Antonio Canova (Tr\u00e9vise) ~ Ca\u2019 dell\u2019Arte ~","isPartOf":{"@id":"https:\/\/www.cadellarte.com\/fr\/#website"},"datePublished":"2021-07-02T15:27:53+00:00","dateModified":"2022-07-21T12:01:12+00:00","description":"Si vous arrivez de l'a\u00e9roport de Tr\u00e9vise \"Canova\", prenez le bus ATVO direct pour Venise - Piazzale Roma. Une fois arriv\u00e9 au terminal automobile de la ville, continuez avec le vaporetto 1 en direction de San Marco et descendez \u00e0 l\u2019arr\u00eat \u00ab\u00a0San Samuele\u00a0\u00bb. Ca 'dell\u2019Arte vous attend \u00e0 seulement 50 m\u00e8tres. Avec un bateau-taxi priv\u00e9, vous pouvez rejoindre C\u00e0 dell\u2019Arte confortablement et profiter d\u2019une exp\u00e9rience incroyable en naviguant sur la lagune v\u00e9nitienne et le Grand Canal. www.live-venice.it","breadcrumb":{"@id":"https:\/\/www.cadellarte.com\/fr\/ou-nous-sommes\/aeroport-antonio-canova-trevise\/#breadcrumb"},"inLanguage":"fr-FR","potentialAction":[{"@type":"ReadAction","target":["https:\/\/www.cadellarte.com\/fr\/ou-nous-sommes\/aeroport-antonio-canova-trevise\/"]}]},{"@type":"BreadcrumbList","@id":"https:\/\/www.cadellarte.com\/fr\/ou-nous-sommes\/aeroport-antonio-canova-trevise\/#breadcrumb","itemListElement":[{"@type":"ListItem","position":1,"name":"Home","item":"https:\/\/www.cadellarte.com\/fr\/"},{"@type":"ListItem","position":2,"name":"O\u00f9 nous sommes","item":"https:\/\/www.cadellarte.com\/fr\/ou-nous-sommes\/"},{"@type":"ListItem","position":3,"name":"A\u00e9roport Antonio Canova (Tr\u00e9vise)"}]},{"@type":"WebSite","@id":"https:\/\/www.cadellarte.com\/fr\/#website","url":"https:\/\/www.cadellarte.com\/fr\/","name":"Ca\u2019 dell\u2019Arte","description":"Ecco un altro sito ms.decms.eu","potentialAction":[{"@type":"SearchAction","target":{"@type":"EntryPoint","urlTemplate":"https:\/\/www.cadellarte.com\/fr\/?s={search_term_string}"},"query-input":{"@type":"PropertyValueSpecification","valueRequired":true,"valueName":"search_term_string"}}],"inLanguage":"fr-FR"}]}},"acf":[],"_links":{"self":[{"href":"https:\/\/www.cadellarte.com\/fr\/wp-json\/wp\/v2\/pages\/317","targetHints":{"allow":["GET"]}}],"collection":[{"href":"https:\/\/www.cadellarte.com\/fr\/wp-json\/wp\/v2\/pages"}],"about":[{"href":"https:\/\/www.cadellarte.com\/fr\/wp-json\/wp\/v2\/types\/page"}],"author":[{"embeddable":true,"href":"https:\/\/www.cadellarte.com\/fr\/wp-json\/wp\/v2\/users\/13"}],"replies":[{"embeddable":true,"href":"https:\/\/www.cadellarte.com\/fr\/wp-json\/wp\/v2\/comments?post=317"}],"version-history":[{"count":0,"href":"https:\/\/www.cadellarte.com\/fr\/wp-json\/wp\/v2\/pages\/317\/revisions"}],"up":[{"embeddable":true,"href":"https:\/\/www.cadellarte.com\/fr\/wp-json\/wp\/v2\/pages\/277"}],"wp:attachment":[{"href":"https:\/\/www.cadellarte.com\/fr\/wp-json\/wp\/v2\/media?parent=317"}],"curies":[{"name":"wp","href":"https:\/\/api.w.org\/{rel}","templated":true}]}}