{"id":319,"date":"2021-07-02T17:28:58","date_gmt":"2021-07-02T15:28:58","guid":{"rendered":"https:\/\/cadellarte.ms.decms.eu\/?page_id=319"},"modified":"2021-10-15T12:10:12","modified_gmt":"2021-10-15T10:10:12","slug":"sur-le-train","status":"publish","type":"page","link":"https:\/\/www.cadellarte.com\/fr\/ou-nous-sommes\/sur-le-train\/","title":{"rendered":"Sur le train"},"content":{"rendered":"<p>Une fois arriv\u00e9 \u00e0 la gare \u00abSanta Lucia\u00bb, prenez le vaporetto 1 direct jusqu&rsquo;\u00e0 San Marco et descendez \u00e0 l&rsquo;arr\u00eat San Samuele. Ca &lsquo;dell&rsquo;Arte vous attend \u00e0 seulement 50 m\u00e8tres.<\/p>\n","protected":false},"excerpt":{"rendered":"<p>Une fois arriv\u00e9 \u00e0 la gare \u00abSanta Lucia\u00bb, prenez le vaporetto 1 direct jusqu&rsquo;\u00e0 San Marco et descendez \u00e0 l&rsquo;arr\u00eat San Samuele. Ca &lsquo;dell&rsquo;Arte vous attend \u00e0 seulement 50 m\u00e8tres.<\/p>\n","protected":false},"author":13,"featured_media":0,"parent":277,"menu_order":40,"comment_status":"closed","ping_status":"closed","template":"","meta":{"footnotes":""},"class_list":["post-319","page","type-page","status-publish","hentry"],"yoast_head":"<!-- This site is optimized with the Yoast SEO plugin v26.9 - https:\/\/yoast.com\/product\/yoast-seo-wordpress\/ -->\n<title>Sur le train ~ Ca\u2019 dell\u2019Arte ~<\/title>\n<meta name=\"description\" content=\"Une fois arriv\u00e9 \u00e0 la gare \u00abSanta Lucia\u00bb, prenez le vaporetto 1 direct jusqu&#039;\u00e0 San Marco et descendez \u00e0 l&#039;arr\u00eat San Samuele. Ca &#039;dell&#039;Arte vous attend \u00e0 seulement 50 m\u00e8tres.\" \/>\n<meta name=\"robots\" content=\"index, follow, max-snippet:-1, max-image-preview:large, max-video-preview:-1\" \/>\n<link rel=\"canonical\" href=\"https:\/\/www.cadellarte.com\/fr\/ou-nous-sommes\/sur-le-train\/\" \/>\n<meta property=\"og:locale\" content=\"fr_FR\" \/>\n<meta property=\"og:type\" content=\"article\" \/>\n<meta property=\"og:title\" content=\"Sur le train ~ Ca\u2019 dell\u2019Arte ~\" \/>\n<meta property=\"og:description\" content=\"Une fois arriv\u00e9 \u00e0 la gare \u00abSanta Lucia\u00bb, prenez le vaporetto 1 direct jusqu&#039;\u00e0 San Marco et descendez \u00e0 l&#039;arr\u00eat San Samuele. Ca &#039;dell&#039;Arte vous attend \u00e0 seulement 50 m\u00e8tres.\" \/>\n<meta property=\"og:url\" content=\"https:\/\/www.cadellarte.com\/fr\/ou-nous-sommes\/sur-le-train\/\" \/>\n<meta property=\"og:site_name\" content=\"Ca\u2019 dell\u2019Arte\" \/>\n<meta property=\"article:modified_time\" content=\"2021-10-15T10:10:12+00:00\" \/>\n<meta name=\"twitter:card\" content=\"summary_large_image\" \/>\n<script type=\"application\/ld+json\" class=\"yoast-schema-graph\">{\"@context\":\"https:\/\/schema.org\",\"@graph\":[{\"@type\":\"WebPage\",\"@id\":\"https:\/\/www.cadellarte.com\/fr\/ou-nous-sommes\/sur-le-train\/\",\"url\":\"https:\/\/www.cadellarte.com\/fr\/ou-nous-sommes\/sur-le-train\/\",\"name\":\"Sur le train ~ Ca\u2019 dell\u2019Arte ~\",\"isPartOf\":{\"@id\":\"https:\/\/www.cadellarte.com\/fr\/#website\"},\"datePublished\":\"2021-07-02T15:28:58+00:00\",\"dateModified\":\"2021-10-15T10:10:12+00:00\",\"description\":\"Une fois arriv\u00e9 \u00e0 la gare \u00abSanta Lucia\u00bb, prenez le vaporetto 1 direct jusqu'\u00e0 San Marco et descendez \u00e0 l'arr\u00eat San Samuele. Ca 'dell'Arte vous attend \u00e0 seulement 50 m\u00e8tres.\",\"breadcrumb\":{\"@id\":\"https:\/\/www.cadellarte.com\/fr\/ou-nous-sommes\/sur-le-train\/#breadcrumb\"},\"inLanguage\":\"fr-FR\",\"potentialAction\":[{\"@type\":\"ReadAction\",\"target\":[\"https:\/\/www.cadellarte.com\/fr\/ou-nous-sommes\/sur-le-train\/\"]}]},{\"@type\":\"BreadcrumbList\",\"@id\":\"https:\/\/www.cadellarte.com\/fr\/ou-nous-sommes\/sur-le-train\/#breadcrumb\",\"itemListElement\":[{\"@type\":\"ListItem\",\"position\":1,\"name\":\"Home\",\"item\":\"https:\/\/www.cadellarte.com\/fr\/\"},{\"@type\":\"ListItem\",\"position\":2,\"name\":\"O\u00f9 nous sommes\",\"item\":\"https:\/\/www.cadellarte.com\/fr\/ou-nous-sommes\/\"},{\"@type\":\"ListItem\",\"position\":3,\"name\":\"Sur le train\"}]},{\"@type\":\"WebSite\",\"@id\":\"https:\/\/www.cadellarte.com\/fr\/#website\",\"url\":\"https:\/\/www.cadellarte.com\/fr\/\",\"name\":\"Ca\u2019 dell\u2019Arte\",\"description\":\"Ecco un altro sito ms.decms.eu\",\"potentialAction\":[{\"@type\":\"SearchAction\",\"target\":{\"@type\":\"EntryPoint\",\"urlTemplate\":\"https:\/\/www.cadellarte.com\/fr\/?s={search_term_string}\"},\"query-input\":{\"@type\":\"PropertyValueSpecification\",\"valueRequired\":true,\"valueName\":\"search_term_string\"}}],\"inLanguage\":\"fr-FR\"}]}<\/script>\n<!-- \/ Yoast SEO plugin. -->","yoast_head_json":{"title":"Sur le train ~ Ca\u2019 dell\u2019Arte ~","description":"Une fois arriv\u00e9 \u00e0 la gare \u00abSanta Lucia\u00bb, prenez le vaporetto 1 direct jusqu'\u00e0 San Marco et descendez \u00e0 l'arr\u00eat San Samuele. Ca 'dell'Arte vous attend \u00e0 seulement 50 m\u00e8tres.","robots":{"index":"index","follow":"follow","max-snippet":"max-snippet:-1","max-image-preview":"max-image-preview:large","max-video-preview":"max-video-preview:-1"},"canonical":"https:\/\/www.cadellarte.com\/fr\/ou-nous-sommes\/sur-le-train\/","og_locale":"fr_FR","og_type":"article","og_title":"Sur le train ~ Ca\u2019 dell\u2019Arte ~","og_description":"Une fois arriv\u00e9 \u00e0 la gare \u00abSanta Lucia\u00bb, prenez le vaporetto 1 direct jusqu'\u00e0 San Marco et descendez \u00e0 l'arr\u00eat San Samuele. Ca 'dell'Arte vous attend \u00e0 seulement 50 m\u00e8tres.","og_url":"https:\/\/www.cadellarte.com\/fr\/ou-nous-sommes\/sur-le-train\/","og_site_name":"Ca\u2019 dell\u2019Arte","article_modified_time":"2021-10-15T10:10:12+00:00","twitter_card":"summary_large_image","schema":{"@context":"https:\/\/schema.org","@graph":[{"@type":"WebPage","@id":"https:\/\/www.cadellarte.com\/fr\/ou-nous-sommes\/sur-le-train\/","url":"https:\/\/www.cadellarte.com\/fr\/ou-nous-sommes\/sur-le-train\/","name":"Sur le train ~ Ca\u2019 dell\u2019Arte ~","isPartOf":{"@id":"https:\/\/www.cadellarte.com\/fr\/#website"},"datePublished":"2021-07-02T15:28:58+00:00","dateModified":"2021-10-15T10:10:12+00:00","description":"Une fois arriv\u00e9 \u00e0 la gare \u00abSanta Lucia\u00bb, prenez le vaporetto 1 direct jusqu'\u00e0 San Marco et descendez \u00e0 l'arr\u00eat San Samuele. Ca 'dell'Arte vous attend \u00e0 seulement 50 m\u00e8tres.","breadcrumb":{"@id":"https:\/\/www.cadellarte.com\/fr\/ou-nous-sommes\/sur-le-train\/#breadcrumb"},"inLanguage":"fr-FR","potentialAction":[{"@type":"ReadAction","target":["https:\/\/www.cadellarte.com\/fr\/ou-nous-sommes\/sur-le-train\/"]}]},{"@type":"BreadcrumbList","@id":"https:\/\/www.cadellarte.com\/fr\/ou-nous-sommes\/sur-le-train\/#breadcrumb","itemListElement":[{"@type":"ListItem","position":1,"name":"Home","item":"https:\/\/www.cadellarte.com\/fr\/"},{"@type":"ListItem","position":2,"name":"O\u00f9 nous sommes","item":"https:\/\/www.cadellarte.com\/fr\/ou-nous-sommes\/"},{"@type":"ListItem","position":3,"name":"Sur le train"}]},{"@type":"WebSite","@id":"https:\/\/www.cadellarte.com\/fr\/#website","url":"https:\/\/www.cadellarte.com\/fr\/","name":"Ca\u2019 dell\u2019Arte","description":"Ecco un altro sito ms.decms.eu","potentialAction":[{"@type":"SearchAction","target":{"@type":"EntryPoint","urlTemplate":"https:\/\/www.cadellarte.com\/fr\/?s={search_term_string}"},"query-input":{"@type":"PropertyValueSpecification","valueRequired":true,"valueName":"search_term_string"}}],"inLanguage":"fr-FR"}]}},"acf":[],"_links":{"self":[{"href":"https:\/\/www.cadellarte.com\/fr\/wp-json\/wp\/v2\/pages\/319","targetHints":{"allow":["GET"]}}],"collection":[{"href":"https:\/\/www.cadellarte.com\/fr\/wp-json\/wp\/v2\/pages"}],"about":[{"href":"https:\/\/www.cadellarte.com\/fr\/wp-json\/wp\/v2\/types\/page"}],"author":[{"embeddable":true,"href":"https:\/\/www.cadellarte.com\/fr\/wp-json\/wp\/v2\/users\/13"}],"replies":[{"embeddable":true,"href":"https:\/\/www.cadellarte.com\/fr\/wp-json\/wp\/v2\/comments?post=319"}],"version-history":[{"count":0,"href":"https:\/\/www.cadellarte.com\/fr\/wp-json\/wp\/v2\/pages\/319\/revisions"}],"up":[{"embeddable":true,"href":"https:\/\/www.cadellarte.com\/fr\/wp-json\/wp\/v2\/pages\/277"}],"wp:attachment":[{"href":"https:\/\/www.cadellarte.com\/fr\/wp-json\/wp\/v2\/media?parent=319"}],"curies":[{"name":"wp","href":"https:\/\/api.w.org\/{rel}","templated":true}]}}