{"id":320,"date":"2021-07-02T17:28:47","date_gmt":"2021-07-02T15:28:47","guid":{"rendered":"https:\/\/cadellarte.ms.decms.eu\/?page_id=320"},"modified":"2021-10-15T12:05:47","modified_gmt":"2021-10-15T10:05:47","slug":"en-voiture","status":"publish","type":"page","link":"https:\/\/www.cadellarte.com\/fr\/ou-nous-sommes\/en-voiture\/","title":{"rendered":"En voiture"},"content":{"rendered":"<p>De l&rsquo;autoroute A4 Milan-Venise, prendre la sortie Venezia Mestre et suivre les panneaux pour Venise &#8211; Piazzale Roma. De l\u00e0, utilisez le vaporetto 1 directement jusqu&rsquo;\u00e0 San Marco. En 35 minutes, vous serez \u00e0 San Samuele, \u00e0 50 m\u00e8tres de Ca &lsquo;dell&rsquo;Arte.<\/p>\n<p><a href=\"http:\/\/www.vtp.it\/\"><em>VTP \u2013 Venezia Terminal Passeggeri S.p.A \u2013 Approdi e crociere<\/em><\/a><\/p>\n","protected":false},"excerpt":{"rendered":"<p>De l&rsquo;autoroute A4 Milan-Venise, prendre la sortie Venezia Mestre et suivre les panneaux pour Venise &#8211; Piazzale Roma. De l\u00e0, utilisez le vaporetto 1 directement jusqu&rsquo;\u00e0 San Marco. En 35 minutes, vous serez \u00e0 San Samuele, \u00e0 50 m\u00e8tres de Ca &lsquo;dell&rsquo;Arte. VTP \u2013 Venezia Terminal Passeggeri S.p.A \u2013 Approdi e crociere<\/p>\n","protected":false},"author":13,"featured_media":0,"parent":277,"menu_order":30,"comment_status":"closed","ping_status":"closed","template":"","meta":{"footnotes":""},"class_list":["post-320","page","type-page","status-publish","hentry"],"yoast_head":"<!-- This site is optimized with the Yoast SEO plugin v26.9 - https:\/\/yoast.com\/product\/yoast-seo-wordpress\/ -->\n<title>En voiture ~ Ca\u2019 dell\u2019Arte ~<\/title>\n<meta name=\"description\" content=\"De l&#039;autoroute A4 Milan-Venise, prendre la sortie Venezia Mestre et suivre les panneaux pour Venise - Piazzale Roma. De l\u00e0, utilisez le vaporetto 1 directement jusqu&#039;\u00e0 San Marco\" \/>\n<meta name=\"robots\" content=\"index, follow, max-snippet:-1, max-image-preview:large, max-video-preview:-1\" \/>\n<link rel=\"canonical\" href=\"https:\/\/www.cadellarte.com\/fr\/ou-nous-sommes\/en-voiture\/\" \/>\n<meta property=\"og:locale\" content=\"fr_FR\" \/>\n<meta property=\"og:type\" content=\"article\" \/>\n<meta property=\"og:title\" content=\"En voiture ~ Ca\u2019 dell\u2019Arte ~\" \/>\n<meta property=\"og:description\" content=\"De l&#039;autoroute A4 Milan-Venise, prendre la sortie Venezia Mestre et suivre les panneaux pour Venise - Piazzale Roma. De l\u00e0, utilisez le vaporetto 1 directement jusqu&#039;\u00e0 San Marco\" \/>\n<meta property=\"og:url\" content=\"https:\/\/www.cadellarte.com\/fr\/ou-nous-sommes\/en-voiture\/\" \/>\n<meta property=\"og:site_name\" content=\"Ca\u2019 dell\u2019Arte\" \/>\n<meta property=\"article:modified_time\" content=\"2021-10-15T10:05:47+00:00\" \/>\n<meta name=\"twitter:card\" content=\"summary_large_image\" \/>\n<meta name=\"twitter:label1\" content=\"Dur\u00e9e de lecture estim\u00e9e\" \/>\n\t<meta name=\"twitter:data1\" content=\"1 minute\" \/>\n<script type=\"application\/ld+json\" class=\"yoast-schema-graph\">{\"@context\":\"https:\/\/schema.org\",\"@graph\":[{\"@type\":\"WebPage\",\"@id\":\"https:\/\/www.cadellarte.com\/fr\/ou-nous-sommes\/en-voiture\/\",\"url\":\"https:\/\/www.cadellarte.com\/fr\/ou-nous-sommes\/en-voiture\/\",\"name\":\"En voiture ~ Ca\u2019 dell\u2019Arte ~\",\"isPartOf\":{\"@id\":\"https:\/\/www.cadellarte.com\/fr\/#website\"},\"datePublished\":\"2021-07-02T15:28:47+00:00\",\"dateModified\":\"2021-10-15T10:05:47+00:00\",\"description\":\"De l'autoroute A4 Milan-Venise, prendre la sortie Venezia Mestre et suivre les panneaux pour Venise - Piazzale Roma. De l\u00e0, utilisez le vaporetto 1 directement jusqu'\u00e0 San Marco\",\"breadcrumb\":{\"@id\":\"https:\/\/www.cadellarte.com\/fr\/ou-nous-sommes\/en-voiture\/#breadcrumb\"},\"inLanguage\":\"fr-FR\",\"potentialAction\":[{\"@type\":\"ReadAction\",\"target\":[\"https:\/\/www.cadellarte.com\/fr\/ou-nous-sommes\/en-voiture\/\"]}]},{\"@type\":\"BreadcrumbList\",\"@id\":\"https:\/\/www.cadellarte.com\/fr\/ou-nous-sommes\/en-voiture\/#breadcrumb\",\"itemListElement\":[{\"@type\":\"ListItem\",\"position\":1,\"name\":\"Home\",\"item\":\"https:\/\/www.cadellarte.com\/fr\/\"},{\"@type\":\"ListItem\",\"position\":2,\"name\":\"O\u00f9 nous sommes\",\"item\":\"https:\/\/www.cadellarte.com\/fr\/ou-nous-sommes\/\"},{\"@type\":\"ListItem\",\"position\":3,\"name\":\"En voiture\"}]},{\"@type\":\"WebSite\",\"@id\":\"https:\/\/www.cadellarte.com\/fr\/#website\",\"url\":\"https:\/\/www.cadellarte.com\/fr\/\",\"name\":\"Ca\u2019 dell\u2019Arte\",\"description\":\"Ecco un altro sito ms.decms.eu\",\"potentialAction\":[{\"@type\":\"SearchAction\",\"target\":{\"@type\":\"EntryPoint\",\"urlTemplate\":\"https:\/\/www.cadellarte.com\/fr\/?s={search_term_string}\"},\"query-input\":{\"@type\":\"PropertyValueSpecification\",\"valueRequired\":true,\"valueName\":\"search_term_string\"}}],\"inLanguage\":\"fr-FR\"}]}<\/script>\n<!-- \/ Yoast SEO plugin. -->","yoast_head_json":{"title":"En voiture ~ Ca\u2019 dell\u2019Arte ~","description":"De l'autoroute A4 Milan-Venise, prendre la sortie Venezia Mestre et suivre les panneaux pour Venise - Piazzale Roma. De l\u00e0, utilisez le vaporetto 1 directement jusqu'\u00e0 San Marco","robots":{"index":"index","follow":"follow","max-snippet":"max-snippet:-1","max-image-preview":"max-image-preview:large","max-video-preview":"max-video-preview:-1"},"canonical":"https:\/\/www.cadellarte.com\/fr\/ou-nous-sommes\/en-voiture\/","og_locale":"fr_FR","og_type":"article","og_title":"En voiture ~ Ca\u2019 dell\u2019Arte ~","og_description":"De l'autoroute A4 Milan-Venise, prendre la sortie Venezia Mestre et suivre les panneaux pour Venise - Piazzale Roma. De l\u00e0, utilisez le vaporetto 1 directement jusqu'\u00e0 San Marco","og_url":"https:\/\/www.cadellarte.com\/fr\/ou-nous-sommes\/en-voiture\/","og_site_name":"Ca\u2019 dell\u2019Arte","article_modified_time":"2021-10-15T10:05:47+00:00","twitter_card":"summary_large_image","twitter_misc":{"Dur\u00e9e de lecture estim\u00e9e":"1 minute"},"schema":{"@context":"https:\/\/schema.org","@graph":[{"@type":"WebPage","@id":"https:\/\/www.cadellarte.com\/fr\/ou-nous-sommes\/en-voiture\/","url":"https:\/\/www.cadellarte.com\/fr\/ou-nous-sommes\/en-voiture\/","name":"En voiture ~ Ca\u2019 dell\u2019Arte ~","isPartOf":{"@id":"https:\/\/www.cadellarte.com\/fr\/#website"},"datePublished":"2021-07-02T15:28:47+00:00","dateModified":"2021-10-15T10:05:47+00:00","description":"De l'autoroute A4 Milan-Venise, prendre la sortie Venezia Mestre et suivre les panneaux pour Venise - Piazzale Roma. De l\u00e0, utilisez le vaporetto 1 directement jusqu'\u00e0 San Marco","breadcrumb":{"@id":"https:\/\/www.cadellarte.com\/fr\/ou-nous-sommes\/en-voiture\/#breadcrumb"},"inLanguage":"fr-FR","potentialAction":[{"@type":"ReadAction","target":["https:\/\/www.cadellarte.com\/fr\/ou-nous-sommes\/en-voiture\/"]}]},{"@type":"BreadcrumbList","@id":"https:\/\/www.cadellarte.com\/fr\/ou-nous-sommes\/en-voiture\/#breadcrumb","itemListElement":[{"@type":"ListItem","position":1,"name":"Home","item":"https:\/\/www.cadellarte.com\/fr\/"},{"@type":"ListItem","position":2,"name":"O\u00f9 nous sommes","item":"https:\/\/www.cadellarte.com\/fr\/ou-nous-sommes\/"},{"@type":"ListItem","position":3,"name":"En voiture"}]},{"@type":"WebSite","@id":"https:\/\/www.cadellarte.com\/fr\/#website","url":"https:\/\/www.cadellarte.com\/fr\/","name":"Ca\u2019 dell\u2019Arte","description":"Ecco un altro sito ms.decms.eu","potentialAction":[{"@type":"SearchAction","target":{"@type":"EntryPoint","urlTemplate":"https:\/\/www.cadellarte.com\/fr\/?s={search_term_string}"},"query-input":{"@type":"PropertyValueSpecification","valueRequired":true,"valueName":"search_term_string"}}],"inLanguage":"fr-FR"}]}},"acf":[],"_links":{"self":[{"href":"https:\/\/www.cadellarte.com\/fr\/wp-json\/wp\/v2\/pages\/320","targetHints":{"allow":["GET"]}}],"collection":[{"href":"https:\/\/www.cadellarte.com\/fr\/wp-json\/wp\/v2\/pages"}],"about":[{"href":"https:\/\/www.cadellarte.com\/fr\/wp-json\/wp\/v2\/types\/page"}],"author":[{"embeddable":true,"href":"https:\/\/www.cadellarte.com\/fr\/wp-json\/wp\/v2\/users\/13"}],"replies":[{"embeddable":true,"href":"https:\/\/www.cadellarte.com\/fr\/wp-json\/wp\/v2\/comments?post=320"}],"version-history":[{"count":0,"href":"https:\/\/www.cadellarte.com\/fr\/wp-json\/wp\/v2\/pages\/320\/revisions"}],"up":[{"embeddable":true,"href":"https:\/\/www.cadellarte.com\/fr\/wp-json\/wp\/v2\/pages\/277"}],"wp:attachment":[{"href":"https:\/\/www.cadellarte.com\/fr\/wp-json\/wp\/v2\/media?parent=320"}],"curies":[{"name":"wp","href":"https:\/\/api.w.org\/{rel}","templated":true}]}}