{"id":333,"date":"2021-07-02T17:37:22","date_gmt":"2021-07-02T15:37:22","guid":{"rendered":"https:\/\/cadellarte.ms.decms.eu\/?page_id=333"},"modified":"2021-07-02T17:37:22","modified_gmt":"2021-07-02T15:37:22","slug":"chambre-de-luxe","status":"publish","type":"page","link":"https:\/\/www.cadellarte.com\/fr\/nos-chambres\/chambre-de-luxe\/","title":{"rendered":"Chambre de luxe"},"content":{"rendered":"<p>Entrer dans cette suite correspondra \u00e0 l&rsquo;exp\u00e9rience de s&rsquo;immerger, en une seconde, dans l&rsquo;environnement et l&rsquo;atmosph\u00e8re du XVIIIe si\u00e8cle \u00e0 Venise. Vous vous retrouverez envelopp\u00e9 par les reflets chaleureux des appliques Murano et vous serez s\u00e9duit par la suite et son mobilier \u00e9l\u00e9gant.<\/p>\n<p>Toutes nos chambres sont \u00e9quip\u00e9es du WI-FI gratuit.<\/p>\n","protected":false},"excerpt":{"rendered":"<p>Entrer dans cette suite correspondra \u00e0 l&rsquo;exp\u00e9rience de s&rsquo;immerger, en une seconde, dans l&rsquo;environnement et l&rsquo;atmosph\u00e8re du XVIIIe si\u00e8cle \u00e0 Venise. Vous vous retrouverez envelopp\u00e9 par les reflets chaleureux des appliques Murano et vous serez s\u00e9duit par la suite et son mobilier \u00e9l\u00e9gant. Toutes nos chambres sont \u00e9quip\u00e9es du WI-FI gratuit.<\/p>\n","protected":false},"author":13,"featured_media":0,"parent":285,"menu_order":30,"comment_status":"closed","ping_status":"closed","template":"template-single-room.php","meta":{"footnotes":""},"class_list":["post-333","page","type-page","status-publish","hentry"],"yoast_head":"<!-- This site is optimized with the Yoast SEO plugin v26.9 - https:\/\/yoast.com\/product\/yoast-seo-wordpress\/ -->\n<title>Chambre de luxe ~ Ca\u2019 dell\u2019Arte ~<\/title>\n<meta name=\"description\" content=\"Entrer dans cette suite correspondra \u00e0 l&#039;exp\u00e9rience de s&#039;immerger, en une seconde, dans l&#039;environnement et l&#039;atmosph\u00e8re du XVIIIe si\u00e8cle \u00e0 Venise. Vous vous retrouverez envelopp\u00e9 par les reflets chaleureux des appliques Murano et vous serez s\u00e9duit par la suite et son mobilier \u00e9l\u00e9gant.  Toutes nos chambres sont \u00e9quip\u00e9es du WI-FI gratuit.\" \/>\n<meta name=\"robots\" content=\"index, follow, max-snippet:-1, max-image-preview:large, max-video-preview:-1\" \/>\n<link rel=\"canonical\" href=\"https:\/\/www.cadellarte.com\/fr\/nos-chambres\/chambre-de-luxe\/\" \/>\n<meta property=\"og:locale\" content=\"fr_FR\" \/>\n<meta property=\"og:type\" content=\"article\" \/>\n<meta property=\"og:title\" content=\"Chambre de luxe ~ Ca\u2019 dell\u2019Arte ~\" \/>\n<meta property=\"og:description\" content=\"Entrer dans cette suite correspondra \u00e0 l&#039;exp\u00e9rience de s&#039;immerger, en une seconde, dans l&#039;environnement et l&#039;atmosph\u00e8re du XVIIIe si\u00e8cle \u00e0 Venise. Vous vous retrouverez envelopp\u00e9 par les reflets chaleureux des appliques Murano et vous serez s\u00e9duit par la suite et son mobilier \u00e9l\u00e9gant.  Toutes nos chambres sont \u00e9quip\u00e9es du WI-FI gratuit.\" \/>\n<meta property=\"og:url\" content=\"https:\/\/www.cadellarte.com\/fr\/nos-chambres\/chambre-de-luxe\/\" \/>\n<meta property=\"og:site_name\" content=\"Ca\u2019 dell\u2019Arte\" \/>\n<meta name=\"twitter:card\" content=\"summary_large_image\" \/>\n<script type=\"application\/ld+json\" class=\"yoast-schema-graph\">{\"@context\":\"https:\/\/schema.org\",\"@graph\":[{\"@type\":\"WebPage\",\"@id\":\"https:\/\/www.cadellarte.com\/fr\/nos-chambres\/chambre-de-luxe\/\",\"url\":\"https:\/\/www.cadellarte.com\/fr\/nos-chambres\/chambre-de-luxe\/\",\"name\":\"Chambre de luxe ~ Ca\u2019 dell\u2019Arte ~\",\"isPartOf\":{\"@id\":\"https:\/\/www.cadellarte.com\/fr\/#website\"},\"datePublished\":\"2021-07-02T15:37:22+00:00\",\"description\":\"Entrer dans cette suite correspondra \u00e0 l'exp\u00e9rience de s'immerger, en une seconde, dans l'environnement et l'atmosph\u00e8re du XVIIIe si\u00e8cle \u00e0 Venise. Vous vous retrouverez envelopp\u00e9 par les reflets chaleureux des appliques Murano et vous serez s\u00e9duit par la suite et son mobilier \u00e9l\u00e9gant. Toutes nos chambres sont \u00e9quip\u00e9es du WI-FI gratuit.\",\"breadcrumb\":{\"@id\":\"https:\/\/www.cadellarte.com\/fr\/nos-chambres\/chambre-de-luxe\/#breadcrumb\"},\"inLanguage\":\"fr-FR\",\"potentialAction\":[{\"@type\":\"ReadAction\",\"target\":[\"https:\/\/www.cadellarte.com\/fr\/nos-chambres\/chambre-de-luxe\/\"]}]},{\"@type\":\"BreadcrumbList\",\"@id\":\"https:\/\/www.cadellarte.com\/fr\/nos-chambres\/chambre-de-luxe\/#breadcrumb\",\"itemListElement\":[{\"@type\":\"ListItem\",\"position\":1,\"name\":\"Home\",\"item\":\"https:\/\/www.cadellarte.com\/fr\/\"},{\"@type\":\"ListItem\",\"position\":2,\"name\":\"Nos chambres\",\"item\":\"https:\/\/www.cadellarte.com\/fr\/nos-chambres\/\"},{\"@type\":\"ListItem\",\"position\":3,\"name\":\"Chambre de luxe\"}]},{\"@type\":\"WebSite\",\"@id\":\"https:\/\/www.cadellarte.com\/fr\/#website\",\"url\":\"https:\/\/www.cadellarte.com\/fr\/\",\"name\":\"Ca\u2019 dell\u2019Arte\",\"description\":\"Ecco un altro sito ms.decms.eu\",\"potentialAction\":[{\"@type\":\"SearchAction\",\"target\":{\"@type\":\"EntryPoint\",\"urlTemplate\":\"https:\/\/www.cadellarte.com\/fr\/?s={search_term_string}\"},\"query-input\":{\"@type\":\"PropertyValueSpecification\",\"valueRequired\":true,\"valueName\":\"search_term_string\"}}],\"inLanguage\":\"fr-FR\"}]}<\/script>\n<!-- \/ Yoast SEO plugin. -->","yoast_head_json":{"title":"Chambre de luxe ~ Ca\u2019 dell\u2019Arte ~","description":"Entrer dans cette suite correspondra \u00e0 l'exp\u00e9rience de s'immerger, en une seconde, dans l'environnement et l'atmosph\u00e8re du XVIIIe si\u00e8cle \u00e0 Venise. Vous vous retrouverez envelopp\u00e9 par les reflets chaleureux des appliques Murano et vous serez s\u00e9duit par la suite et son mobilier \u00e9l\u00e9gant.  Toutes nos chambres sont \u00e9quip\u00e9es du WI-FI gratuit.","robots":{"index":"index","follow":"follow","max-snippet":"max-snippet:-1","max-image-preview":"max-image-preview:large","max-video-preview":"max-video-preview:-1"},"canonical":"https:\/\/www.cadellarte.com\/fr\/nos-chambres\/chambre-de-luxe\/","og_locale":"fr_FR","og_type":"article","og_title":"Chambre de luxe ~ Ca\u2019 dell\u2019Arte ~","og_description":"Entrer dans cette suite correspondra \u00e0 l'exp\u00e9rience de s'immerger, en une seconde, dans l'environnement et l'atmosph\u00e8re du XVIIIe si\u00e8cle \u00e0 Venise. Vous vous retrouverez envelopp\u00e9 par les reflets chaleureux des appliques Murano et vous serez s\u00e9duit par la suite et son mobilier \u00e9l\u00e9gant.  Toutes nos chambres sont \u00e9quip\u00e9es du WI-FI gratuit.","og_url":"https:\/\/www.cadellarte.com\/fr\/nos-chambres\/chambre-de-luxe\/","og_site_name":"Ca\u2019 dell\u2019Arte","twitter_card":"summary_large_image","schema":{"@context":"https:\/\/schema.org","@graph":[{"@type":"WebPage","@id":"https:\/\/www.cadellarte.com\/fr\/nos-chambres\/chambre-de-luxe\/","url":"https:\/\/www.cadellarte.com\/fr\/nos-chambres\/chambre-de-luxe\/","name":"Chambre de luxe ~ Ca\u2019 dell\u2019Arte ~","isPartOf":{"@id":"https:\/\/www.cadellarte.com\/fr\/#website"},"datePublished":"2021-07-02T15:37:22+00:00","description":"Entrer dans cette suite correspondra \u00e0 l'exp\u00e9rience de s'immerger, en une seconde, dans l'environnement et l'atmosph\u00e8re du XVIIIe si\u00e8cle \u00e0 Venise. Vous vous retrouverez envelopp\u00e9 par les reflets chaleureux des appliques Murano et vous serez s\u00e9duit par la suite et son mobilier \u00e9l\u00e9gant. Toutes nos chambres sont \u00e9quip\u00e9es du WI-FI gratuit.","breadcrumb":{"@id":"https:\/\/www.cadellarte.com\/fr\/nos-chambres\/chambre-de-luxe\/#breadcrumb"},"inLanguage":"fr-FR","potentialAction":[{"@type":"ReadAction","target":["https:\/\/www.cadellarte.com\/fr\/nos-chambres\/chambre-de-luxe\/"]}]},{"@type":"BreadcrumbList","@id":"https:\/\/www.cadellarte.com\/fr\/nos-chambres\/chambre-de-luxe\/#breadcrumb","itemListElement":[{"@type":"ListItem","position":1,"name":"Home","item":"https:\/\/www.cadellarte.com\/fr\/"},{"@type":"ListItem","position":2,"name":"Nos chambres","item":"https:\/\/www.cadellarte.com\/fr\/nos-chambres\/"},{"@type":"ListItem","position":3,"name":"Chambre de luxe"}]},{"@type":"WebSite","@id":"https:\/\/www.cadellarte.com\/fr\/#website","url":"https:\/\/www.cadellarte.com\/fr\/","name":"Ca\u2019 dell\u2019Arte","description":"Ecco un altro sito ms.decms.eu","potentialAction":[{"@type":"SearchAction","target":{"@type":"EntryPoint","urlTemplate":"https:\/\/www.cadellarte.com\/fr\/?s={search_term_string}"},"query-input":{"@type":"PropertyValueSpecification","valueRequired":true,"valueName":"search_term_string"}}],"inLanguage":"fr-FR"}]}},"acf":[],"_links":{"self":[{"href":"https:\/\/www.cadellarte.com\/fr\/wp-json\/wp\/v2\/pages\/333","targetHints":{"allow":["GET"]}}],"collection":[{"href":"https:\/\/www.cadellarte.com\/fr\/wp-json\/wp\/v2\/pages"}],"about":[{"href":"https:\/\/www.cadellarte.com\/fr\/wp-json\/wp\/v2\/types\/page"}],"author":[{"embeddable":true,"href":"https:\/\/www.cadellarte.com\/fr\/wp-json\/wp\/v2\/users\/13"}],"replies":[{"embeddable":true,"href":"https:\/\/www.cadellarte.com\/fr\/wp-json\/wp\/v2\/comments?post=333"}],"version-history":[{"count":0,"href":"https:\/\/www.cadellarte.com\/fr\/wp-json\/wp\/v2\/pages\/333\/revisions"}],"up":[{"embeddable":true,"href":"https:\/\/www.cadellarte.com\/fr\/wp-json\/wp\/v2\/pages\/285"}],"wp:attachment":[{"href":"https:\/\/www.cadellarte.com\/fr\/wp-json\/wp\/v2\/media?parent=333"}],"curies":[{"name":"wp","href":"https:\/\/api.w.org\/{rel}","templated":true}]}}